{"id":11,"date":"2016-07-03T11:51:24","date_gmt":"2016-07-03T09:51:24","guid":{"rendered":"http:\/\/www.nadaciakrestanskaobnova.sk\/?page_id=11"},"modified":"2017-10-30T00:21:30","modified_gmt":"2017-10-29T22:21:30","slug":"aktivity-priebezne","status":"publish","type":"page","link":"http:\/\/www.nadaciakrestanskaobnova.sk\/?page_id=11","title":{"rendered":"Na\u0161e priebe\u017en\u00e9 aktivity"},"content":{"rendered":"<ul>\n<li><strong>29.10.2017<\/strong> &#8211;\u00a0 <a href=\"http:\/\/www.nadaciakrestanskaobnova.sk\/?page_id=870\" target=\"_blank\" rel=\"noopener\">Posviacka Ev. a.v. chr\u00e1mu Bo\u017eieho v \u017diari nad Hronom<\/a><\/li>\n<li><strong>Okt\u00f3ber 2017<\/strong> &#8211;\u00a0 fin\u00e1lne pr\u00edpravy k posviacke ev. a.v. kostola v \u017diari and Hronom, pri pr\u00edle\u017eitosti 500. v\u00fdro\u010dia\u00a0 reform\u00e1cie<\/li>\n<li><strong>M\u00e1j &#8211; september 2017<\/strong> &#8211; pr\u00edpravn\u00e9 aktivity \u010dlenov CZ a Nko \u00a0smeruj\u00face k dokon\u010deniu stavby ev. a.v kostola v \u017diari nad Hronom. Pr\u00edpravn\u00e9 aktivity k posviacke kostola ur\u010denej d\u0148a 29.10.2017.<\/li>\n<li style=\"text-align: justify;\"><strong>Apr\u00edl 2017<\/strong>\u00a0 &#8211;<strong>\u00a0<\/strong>priebe\u017en\u00e9 vyhodnotenie &#8222;Akcie 100&#8220; darcovia prispeli sumou 7605,-\u20ac<\/li>\n<li style=\"text-align: justify;\"><strong>Febru\u00e1r 2017<\/strong> &#8211; vyhl\u00e1sen\u00e1 &#8222;Akcia 100&#8220; &#8211; zbierka na dostavbu kostola a aktivity pre \u00faspe\u0161nos\u0165 pri z\u00edskavan\u00ed 2% z dane z pr\u00edjmu<\/li>\n<li style=\"text-align: justify;\"><strong>J\u00fal 2016<\/strong> &#8211; tvorba nov\u00fdch str\u00e1nok Nad\u00e1cie na adrese <a href=\"http:\/\/www.nadaciakrestanskaobnova.sk\" target=\"_blank\" rel=\"noopener noreferrer\">www.nadaciakrestanskaobnova.sk<\/a><\/li>\n<li style=\"text-align: justify;\"><strong>04.-07.07.\u00a02015<\/strong> &#8211; \u00fa\u010das\u0165 na pripomienkov\u00fdch oslav\u00e1ch 600.v\u00fdro\u010dia up\u00e1lenia J\u00e1na Husa v Prahe<\/li>\n<li style=\"text-align: justify;\"><strong>7.6.2015<\/strong> &#8211; pozvanie od p.far\u00e1ra Mgr. Paceka prijal a pri Slu\u017eb\u00e1ch Bo\u017e\u00edch v kostole v Kremnici, ako aj\u00a0v rozostavanom kostole v \u017diari nad Hronom vyst\u00fapil slovensk\u00fd rod\u00e1k rev. Dr. Du\u0161an T\u00f3th z Toronta &#8211; Kanada<\/li>\n<li style=\"text-align: justify;\"><strong>24.12.2014<\/strong> &#8211; I. Slu\u017eby Bo\u017eie v \u017diari nad Hronom 24.12.2014 (kostol nie je skolaudovan\u00fd)<\/li>\n<li style=\"text-align: justify;\"><strong>27.-29.j\u00fan 2014<\/strong> &#8211; \u00fa\u010das\u0165 na IV.Evanjelick\u00fdch cirkevn\u00fdch d\u0148och v Spi\u0161skej Novej Vsi<\/li>\n<li style=\"text-align: justify;\"><strong>rok 2013<\/strong> &#8211; za\u010diatok spolupr\u00e1ce s OZ N\u00e1dej seniorom v Janovej Lehote<\/li>\n<li style=\"text-align: justify;\"><strong>22.07.2013\u00a0<\/strong>&#8211; Financovanie dopravy veriacich\u00a0vo v\u00fd\u0161ke 451,46 \u20ac pri n\u00e1v\u0161teve Diakonick\u00e9ho centra v Ko\u0161eci<\/li>\n<li style=\"text-align: justify;\"><strong>4.-5.7.2013\u00a0<\/strong>&#8211; Financovanie dopravy veriacich\u00a0na Evanjelick\u00e9 oslavy na hrade Bran\u010d a k \u0160tef\u00e1nikovej mohyle<\/li>\n<li style=\"text-align: justify;\"><strong>24.06.2013<\/strong> &#8211; pr\u00edspevok obetiam zemetrasenia v Nep\u00e1le vo v\u00fd\u0161ke 100,-\u20ac<\/li>\n<li style=\"text-align: justify;\"><strong>29.06.-01.07.2012\u00a0<\/strong>&#8211; financovanie cesty veriacich na III. Evanjelick\u00e9 cirkevn\u00e9 dni v Lu\u010denci<\/li>\n<li style=\"text-align: justify;\"><strong>18.6.2012<\/strong> &#8211; Internetov\u00e1 str\u00e1nka\u00a0 www.nadaciakrestanskaobnova.webnode.sk je hotov\u00e1 a\u00a0funk\u010dn\u00e1.<\/li>\n<li style=\"text-align: justify;\"><strong>8.6.2012<\/strong> &#8211;\u00a0 Dana \u0160lap\u00e1kov\u00e1 z\u00a0Webnode vypracuje www st\u00e1nku NKOZH pod\u013ea pokynov Ing. Pomothyho<\/li>\n<li style=\"text-align: justify;\"><strong>26.4.2012<\/strong>\u00a0 &#8211;\u00a0 Spolu s\u00a0Ing. arch. Mar\u0161\u00e1lkovou na MU L\u00fa\u010dky. Starosta p. Franti\u0161ek Zajak pris\u013e\u00fabil\u00a0zaregistrovanie Ev. kostola v\u00a0obci ako \u201epam\u00e4tihodnos\u0165\u201c.<\/li>\n<li style=\"text-align: justify;\"><strong>25.4.2012<\/strong>\u00a0 &#8211;\u00a0 Spr\u00e1vna rada nad\u00e1cie. Rozpo\u010det na rok 2012. Do konca m\u00e1ja v\u00fdro\u010dn\u00e1 spr\u00e1va pre MV SR.\u00a0Registra\u010dn\u00e9 \u010d\u00edslo NKOZH v\u00a0obchodnom vestn\u00edku\u00a0 do konca m\u00e1ja.<\/li>\n<li style=\"text-align: justify;\"><strong>7.3.2012<\/strong> &#8211;\u00a0 \u00da\u010dtovn\u00e1 uz\u00e1vierka NKOZH odovzdan\u00e1 MUDr. Vold\u00e1novej<br \/>\nSpr\u00e1vca vypracoval a\u00a0poslal na Nad\u00e1ciu VUB projekt pre grantov\u00fd program \u201ePoklady m\u00f4jho\u00a0srdca\u201c Predmet: Strecha kostola v\u00a0L\u00fa\u010dkach<\/li>\n<li style=\"text-align: justify;\"><strong>21.12.2011<\/strong> &#8211;\u00a0 Z\u00e1stupca dod\u00e1vate\u013ea hrubej stavby kostola p. Marcib\u00e1l prevzal stavbu.<\/li>\n<li style=\"text-align: justify;\"><strong>14.12.2011<\/strong> &#8211;\u00a0 Zasadnutie spr\u00e1vnej rady NKOZH. Kon\u010d\u00ed platnos\u0165 spr\u00e1vnej rady a\u00a0Spr\u00e1vcu nad\u00e1cie. V\u0161etci\u00a0boli zvolen\u00ed aj pre nasleduj\u00face volebn\u00e9 obdobie. Oprava strechy kostola v\u00a0L\u00fa\u010dkach je\u00a0naliehav\u00e1, ale prioritu m\u00e1 stavba kostola V\u00a0ZH.<\/li>\n<li style=\"text-align: justify;\"><strong>27.10.2010<\/strong> &#8211;\u00a0 Zasadnutie spr\u00e1vnej rady NKOZH.<\/li>\n<li style=\"text-align: justify;\"><strong>15.10.2009 <\/strong>&#8211;\u00a0 Stavebn\u00fd v\u00fdbor. Ods\u00fahlasenie kandid\u00e1tov na dod\u00e1vate\u013ea stavby kostola.<\/li>\n<li style=\"text-align: justify;\"><strong>10.6.2010<\/strong>\u00a0 &#8211;\u00a0 Stavebn\u00fd v\u00fdbor. M\u00e1me asi 3 mil. Sk, \u010do je skoro dos\u0165 na hrub\u00fa stavbu. Ur\u00fdchlene\u00a0potrebujeme projekt pre stavebn\u00e9 povolenie a\u00a0v\u00fdber dod\u00e1vate\u013ea.<\/li>\n<li style=\"text-align: justify;\"><strong>9.6.2010\u00a0<\/strong> &#8211;\u00a0 Stavebn\u00fd \u00farad MUZH, p. Krajmerov\u00e1. Stavebn\u00e9 povolenie na kostol prevzat\u00e9.<\/li>\n<li style=\"text-align: justify;\"><strong>16.5.2010<\/strong>\u00a0 &#8211;\u00a0 Presbyterstvo ECAV dc\u00e9rocirkvi v\u00a0ZH a\u00a0stavebn\u00e1 komisia \u2013 16 os\u00f4b.<\/li>\n<li style=\"text-align: justify;\"><strong>12.5.2010<\/strong>\u00a0 &#8211;\u00a0 Lacn\u00fd variant opravy eternitovej strechy: Peter Zimerman, tel. 0917 062197. Cena\u00a08EUR\/m2.<\/li>\n<li style=\"text-align: justify;\"><strong>27.11.2009\u00a0<\/strong> &#8211;\u00a0 S\u00a0Ing. arch Mar\u0161\u00e1lkovou na ev. fare v\u00a0Kremnici. Projekt \u201e Kni\u017enica\u201c<\/li>\n<li style=\"text-align: justify;\"><strong>25.11.2009<\/strong>\u00a0 &#8211;\u00a0 Spr\u00e1vna rada nad\u00e1cie. Kontrol\u00f3r bude Ing. Ivan Jur\u00ed\u010dek. Oprava strechy kostola v\u00a0L\u00fa\u010dkach s\u00farna.<\/li>\n<li style=\"text-align: justify;\"><strong>18.11.2009\u00a0<\/strong> &#8211;\u00a0 Prihl\u00e1senie na 2% z\u00a0dan\u00ed u\u00a0not\u00e1ra<\/li>\n<li style=\"text-align: justify;\"><strong>16.11.2009\u00a0<\/strong> &#8211;\u00a0 Stavebn\u00fd \u00farad. \u017diados\u0165 o\u00a0stavebn\u00e9 povolenie na stavbu kostola.<\/li>\n<li style=\"text-align: justify;\"><strong>7.9.2009<\/strong>\u00a0 &#8211;\u00a0 M\u00da a\u00a0fy. Optima Nov\u00e1 Ba\u0148a a\u00a0Geofond BA. Pokus o\u00a0z\u00edskanie v\u00fdsledkov geolog. prieskumu<\/li>\n<li style=\"text-align: justify;\"><strong>6.9.2009<\/strong>\u00a0 &#8211;\u00a0 Ing. arch. Schwarz v\u00a0ZH. Jednanie o\u00a0projekte kostola.<\/li>\n<li style=\"text-align: justify;\"><strong>15.6.2009<\/strong>\u00a0 &#8211;\u00a0 Zrealizovan\u00e1 predbe\u017en\u00e1 www str\u00e1nka nad\u00e1cie\u00a0 www.nkozh.szm.sk<\/li>\n<li style=\"text-align: justify;\"><strong>27.5.2009\u00a0 <\/strong>&#8211;\u00a0 Zasadnutie Spr\u00e1vnej rady. Objedna\u0165\u00a0 hne\u010f\u00a0projekt na kostol.<\/li>\n<li style=\"text-align: justify;\"><strong>6.2.2009<\/strong> &#8211;\u00a0 Inform\u00e1cia o\u00a0kostole v\u00a0obci L\u00fa\u010dky a\u00a0fotky odnesen\u00e9 na Ambas\u00e1du NSR v\u00a0BA.<\/li>\n<li style=\"text-align: justify;\"><strong>1.12.2008\u00a0<\/strong> &#8211;\u00a0 Bola n\u00e1m doru\u010den\u00e1 \u0161t\u00fadia na stavbu ev. kostola v ZH od Ing. arch. Ivice Schwarzovej a Ing. arch. Ivana Schwarza z\u00a0Kom\u00e1rna<\/li>\n<li style=\"text-align: justify;\"><strong>25.11.2008 <\/strong>&#8211;\u00a0 Ing. Pomothy a\u00a0Ing. Vold\u00e1n na F\u00f3re donorov v\u00a0BA<\/li>\n<li style=\"text-align: justify;\"><strong>24.11.2008 <\/strong>&#8211;\u00a0 JUDr. Petru\u0161ovej poslan\u00fd n\u00e1met na roz\u0161\u00edrenie \u00fa\u010delu nad\u00e1cie<\/li>\n<li style=\"text-align: justify;\"><strong>23.10.2008<\/strong> &#8211;\u00a0 Porada na fare v\u00a0Kremnici. Nad\u00e1cia nem\u00f4\u017ee podpori\u0165 stavbu kostola k\u00fdm v\u00a0ZH nebude ekonomicky svojpr\u00e1vna dc\u00e9rocirkev.<\/li>\n<li style=\"text-align: justify;\"><strong>22.10.2008<\/strong> &#8211;\u00a0 Spr\u00e1vna rada nad\u00e1cie &#8211;\u00a0 Vypracova\u0165 \u017eiados\u0165 na MK- podpora opravy kostola L\u00fa\u010dky. Katol\u00edci z\u00a0fy Stavit n\u00e1m urobili gr\u00e1tis \u0161t\u00fadiu na stavbu kostola. \u010eal\u0161iu \u0161t\u00fadiu pre kostol rob\u00ed Ing. Arch. Schwarz z\u00a0Kom\u00e1rna<\/li>\n<li style=\"text-align: justify;\"><strong>20.10.2008 <\/strong>&#8211;\u00a0 Prihl\u00e1senie 2% z\u00a0dan\u00ed \/ Soc. pois\u0165ov\u0148a, D\u00da, banka, not\u00e1r<\/li>\n<li style=\"text-align: justify;\"><strong>15.10.2008<\/strong> &#8211;\u00a0 Stavebn\u00fd \u00farad \u017diar nad Hronom, konzult\u00e1cia o\u00a0\u017eiadosti na pred\u013a\u017eenie platnosti \u00fazemn\u00e9ho rozhodnutia pre stavbu kostola v\u00a0ZH<\/li>\n<li style=\"text-align: justify;\"><strong>20. febru\u00e1ra 2007:<\/strong> N\u00e1v\u0161teva spr\u00e1vcu Nad\u00e1cie u seniora p\u00e1na RNDr. J\u00e1na Sot\u00e1ka.<\/li>\n<li style=\"text-align: justify;\">\u00a0<strong>\u00a0\u00a0 18. febru\u00e1ra 2007:<\/strong> Konvent Cirkevn\u00e9ho zboru ECAV v Kremnici.<\/li>\n<li style=\"text-align: justify;\">\u00a0\u00a0<strong>\u00a0 13. febru\u00e1ra 2007:<\/strong> Odoslanie dvoch \u017eiadost\u00ed o dot\u00e1ciu na MK SR.<\/li>\n<li style=\"text-align: justify;\">\u00a0\u00a0\u00a0<strong> 12. febru\u00e1ra 2007:<\/strong> Firma VASATI z BA pon\u00fakla zauj\u00edmav\u00fd sp\u00f4sob odvlh\u010denia historick\u00fdch objektov ECAV. Rozhovor s predsedom Karpatonemeck\u00e9ho spolku p. Ing. Neuschlom. Vznikla dohoda o spolupr\u00e1ci pri obnove evanjelick\u00e9ho kostola v obci L\u00fa\u010dky.<\/li>\n<li style=\"text-align: justify;\">\u00a0\u00a0<strong>\u00a0 28. janu\u00e1ra 2007<\/strong>: U prim\u00e1torky Kremnice &#8211; inform\u00e1cia o pr\u00e1ci Nad\u00e1cie a o Cirkevnom zbore ECAV v Kremnici.<\/li>\n<li style=\"text-align: justify;\">\u00a0\u00a0\u00a0<strong> 26. janu\u00e1ra 2007:<\/strong> N\u00e1vrh \u017eiadosti na MK konzultovan\u00fd s poslanky\u0148ou SNR a s Pamiatkov\u00fdm \u00faradom v Kremnici.<\/li>\n<li style=\"text-align: justify;\"><strong>\u00a0\u00a0\u00a0 25. janu\u00e1ra 2007:<\/strong> Hospod\u00e1rsky v\u00fdbor s\u00fahlas\u00ed s vypracovan\u00edm \u017eiadosti o dot\u00e1ciu z Ministerstva kult\u00fary SR na obnovu objektov zap\u00edsan\u00fdch v pamiatkovom fonde.<\/li>\n<li style=\"text-align: justify;\">\u00a0<strong>\u00a0\u00a0 24. janu\u00e1ra 2007: <\/strong>Zasadnutie spr\u00e1vnej rady nad\u00e1cie. Spr\u00e1vca dostal \u00falohu zabezpe\u010di\u0165 projekt kostola pre \u00fazemn\u00e9 rozhodnutie. Sl\u00e1vnos\u0165 v obci L\u00fa\u010dky bude koncom j\u00fana.<\/li>\n<li style=\"text-align: justify;\">\u00a0\u00a0\u00a0<strong> 16. decembra 2006:<\/strong> Zasadnutie presbyterstva za pr\u00edtomnosti p\u00e1na seniora Mgr. J\u00e1na Sot\u00e1ka. Upozornil n\u00e1s, \u010do v\u0161etko treba e\u0161te vykona\u0165, aby sme od cirkevnej vrchnosti dostali s\u00fahlas na stavbu kostola v \u017diari nad Hronom. Predsedky\u0148a spr\u00e1vnej rady nad\u00e1cie rozdala presbytrom let\u00e1\u010diky s v\u00fdzvou na finan\u010dn\u00fa podporu formou milodarov aj formou 2% z dane.<\/li>\n<li style=\"text-align: justify;\">\u00a0\u00a0<strong>\u00a0 15. decembra 2006:<\/strong> V Kremnici na fare sa stretli \u010dlenovia hospod\u00e1rskeho v\u00fdboru Krausov\u00e1, Sivo\u0161, Pomothyov\u00e1, \u0160ipo\u0161ov\u00e1, \u010diasto\u010dne Ondrej\u010din. Prekontrolovali v\u00fdpisy z \u00fa\u010dtu f\u00edlie, ktor\u00e9 priniesla Pomothyov\u00e1. Pomothy, Sivo\u0161, Ondrej\u010din na mieste zhodnotili n\u00e1vrh na odvod spla\u0161kovej vody do potrubia ktor\u00e9 prech\u00e1dza pred vstupnou br\u00e1nou do are\u00e1lu ECAV. Bolo dohodnut\u00e9, \u017ee sa chodn\u00edk m\u00f4\u017ee za t\u00fdmto \u00fa\u010delom prekopa\u0165 a\u017e po sviatkoch.<\/li>\n<li style=\"text-align: justify;\"><strong>\u00a0\u00a0\u00a0 13. decembra 2006: <\/strong>Spr\u00e1vca nad\u00e1cie nav\u0161t\u00edvil MU \u017diar nad Hronom na pozvanie novozvolen\u00e9ho prim\u00e1tora p. \u010cernaja. Diak\u00f3nia a charita v \u017diari nad Hronom nie je moment\u00e1lne tak aktu\u00e1lna ako sa zdalo pri sl\u00e1vnosti polo\u017eenia z\u00e1kladn\u00e9ho kame\u0148a kostola. Prim\u00e1tor sa bude sna\u017ei\u0165 o zak\u00fapenie budovy pri nemocnici pre charitat\u00edvnu \u010dinnos\u0165. Pok\u00fasi sa o podporu z fondov EU a o finan\u010dn\u00fa podporu z VUC.<\/li>\n<li style=\"text-align: justify;\">\u00a0<strong>\u00a0\u00a0 11. decembra 2006:<\/strong> Spr\u00e1vca nad\u00e1cie nav\u0161t\u00edvil p. Bos\u00e1ka na Ministerstve vn\u00fatra SR. Z\u00edskal d\u00f4le\u017eit\u00e9 inform\u00e1cie: kostol nesmie stava\u0165 nad\u00e1cia ani zakladate\u013e, mal by ho stava\u0165 niekto tret\u00ed, napr. a.s., s.r.o., neziskov\u00e1 organiz\u00e1cia, alebo ob\u010dianske zdru\u017eenie.<\/li>\n<li style=\"text-align: justify;\">\u00a0\u00a0\u00a0<strong> 5. decembra 2006:<\/strong> U fy Krby, pece so s\u00eddlom v Novej Bani, dotaz o postaven\u00ed krbu v kantorskom byte v ECAV Kremnica. Majite\u013e firmy, p. Baranec, pris\u013e\u00fabil postavenie krbu do Vianoc. Ponuku nebolo mo\u017en\u00e9 pria\u0165, lebo dosia\u013e nie je vyrie\u0161en\u00fd probl\u00e9m s odvodom spla\u0161kovej vody z are\u00e1lu.<\/li>\n<li style=\"text-align: justify;\">\u00a0\u00a0\u00a0 <strong>4. decembra 2006:<\/strong> Spr\u00e1vca nad\u00e1cia z\u00edskal not\u00e1rsku z\u00e1pisnicu na v\u00fdber 2% z dan\u00ed za rok 2006.<\/li>\n<li style=\"text-align: justify;\">\u00a0\u00a0<strong>\u00a0 30. novembra 2006<\/strong>: Spr\u00e1vna rada NKOK.<\/li>\n<li style=\"text-align: justify;\">\u00a0<strong>\u00a0\u00a0 27. novembra 2006:<\/strong> Konzult\u00e1cia na Pamiatkovom \u00farade SR u pani Ing. arch. \u013dubici Pin\u010d\u00edkovej.<\/li>\n<li style=\"text-align: justify;\"><strong>\u00a0\u00a0\u00a0 23. novembra 2006: <\/strong>N\u00e1v\u0161teva riadite\u013ea Evanjelickej diak\u00f3nie, p. J\u00e1na Hubu. (Pomothy, Pomothyov\u00e1) Zak\u00fapenie budovy pre diak\u00f3niu v ZH nem\u00f4\u017ee teraz podpori\u0165, odporu\u010dil n\u00e1m za\u010da\u0165 so zborovou diak\u00f3niou, ktor\u00e1 m\u00f4\u017ee z\u00edska\u0165 aj pr\u00e1vnu subjektivitu. Bohat\u00e9 sk\u00fasenosti m\u00e1 ZD Martin, stredisko ED Su\u010dany.<\/li>\n<li style=\"text-align: justify;\">\u00a0\u00a0\u00a0 <strong>14. novembra 2006:<\/strong> Konzult\u00e1cia s p. Ri\u0161novskou v poliklinike ZH o mo\u017enosti odk\u00fapenia budovy b\u00fdvalej polikliniky, ktor\u00e1 je pon\u00faknut\u00e1 na www.reality.sk.<\/li>\n<li style=\"text-align: justify;\">\u00a0\u00a0\u00a0<strong> 13. novembra 2006:<\/strong> N\u00e1v\u0161teva u biskupa p\u00e1na Krivdu vo Zvolene. (Ondrej\u010din, Pomothy, Pomothyov\u00e1, Borikov\u00e1) P\u00e1n biskup sa zauj\u00edmal o rozpo\u010det na kostol v ZH. Odporu\u010dil neprekro\u010di\u0165 5 mil. SK.<\/li>\n<li style=\"text-align: justify;\"><strong>\u00a0\u00a0\u00a0 12. novembra 2006:<\/strong> Odpove\u010f na mail tla\u010dovej tajomn\u00ed\u010dke ECAV v BA pani Bombovej. M\u00e1 z\u00e1ujem o fotografie a \u010dl\u00e1nok o nad\u00e1ci\u00ed.<\/li>\n<li style=\"text-align: justify;\">\u00a0<strong>\u00a0\u00a0 11. novembra 2006:<\/strong> Zasadnutie presbyterstva v Kremnici. Presbyterstvo neschv\u00e1lilo n\u00e1vrh zmluvy o pren\u00e1jme kantorsk\u00e9ho bytu.<\/li>\n<li style=\"text-align: justify;\">\u00a0<strong>\u00a0\u00a0 10. novembra 2006:<\/strong> Poslan\u00fd mail s po\u010fakovan\u00edm p\u00e1nu gener\u00e1lnemu biskupovi Milo\u0161ovi Kl\u00e1tikovi.<\/li>\n<li style=\"text-align: justify;\"><strong>\u00a0\u00a0\u00a0 9. novembra 2006:<\/strong> Hospod\u00e1rsky v\u00fdbor v Kremnici: rozpo\u010det, vo\u013eba predsedu, zaplatenie nedoplatkov pre di\u0161trikt.<\/li>\n<li style=\"text-align: justify;\"><strong>\u00a0\u00a0\u00a0 31. okt\u00f3bra 2006: <\/strong>Sl\u00e1vnos\u0165 polo\u017eenia z\u00e1kladn\u00e9ho kame\u0148a ev. kostola na ulici Cyrila a Metoda v \u017diari nad Hronom za pr\u00edtomnosti novozvolen\u00e9ho gener\u00e1lneho biskupa ECAV na Slovensku, p\u00e1na Milo\u0161a Kl\u00e1tika.<\/li>\n<li style=\"text-align: justify;\">\u00a0<strong>\u00a0\u00a0 16. okt\u00f3bra 2006:<\/strong> Spr\u00e1vca nad\u00e1cie sa z\u00fa\u010dastnil na konferenci\u00ed ECOVAST v hoteli Suza v Bratislave.<\/li>\n<li style=\"text-align: justify;\">\u00a0\u00a0\u00a0<strong> 27. septembra 2006:<\/strong> U prim\u00e1tora ZH Mgr. Ivana \u010cernaja dohodnut\u00e9 postavenie trib\u00fany, ozvu\u010denie, a pokosenie tr\u00e1vnika pre sl\u00e1vnos\u0165 polo\u017eenia z\u00e1kladn\u00e9ho kame\u0148a evanjelick\u00e9ho kostola na ulici Cyrila a Metoda, napl\u00e1novan\u00fa na de\u0148 31. okt\u00f3bra. Ve\u010der zasadnutie spr\u00e1vnej rady nad\u00e1cie.<\/li>\n<li style=\"text-align: justify;\">\u00a0\u00a0\u00a0 <strong>18. septembra 2006:<\/strong> V Kremnici na fare bol vypracovan\u00fd n\u00e1vrh zmluvy s klampiarom p. Jo\u017ekom na opravu odkvapov\u00fdch \u017e\u013eabov na kostole. (Ondrej\u010din, Pomothy, Sivo\u0161)<\/li>\n<li style=\"text-align: justify;\">\u00a0<strong>\u00a0\u00a0 2. augusta 2006:<\/strong> Poslan\u00fd mail ved\u00facemu kult. dedi\u010dstva na MK p\u00e1nu \u010cerven\u00e1kovi.<\/li>\n<li style=\"text-align: justify;\">\u00a0<strong>\u00a0\u00a0 28. j\u00fala 2006:<\/strong> Zisten\u00e9, \u017ee projekt poslan\u00fd na Ministerstvo kult\u00fary, je v zozname projektov na internete pod \u010d\u00edslom 57 a je zamietnut\u00fd.<\/li>\n<li style=\"text-align: justify;\"><strong>\u00a0\u00a0\u00a0 17. j\u00fala 2006:<\/strong> Klampiar p. \u0160ima ozn\u00e1mil, \u017ee \u017e\u013eaby na kostol v Kremnici s\u00fa vyroben\u00e9. Hospod\u00e1rsky v\u00fdbor v Kremnici. P\u00e1n Daniel Kijani\u010dka, pracovn\u00edk m\u00fazea v Kremnici, predseda zdru\u017eenia SOS, po\u017eiadal o pren\u00e1jom kantorsk\u00e9ho bytu v are\u00e1li kostola v Kremnici.<\/li>\n<li style=\"text-align: justify;\">\u00a0\u00a0<strong>\u00a0 3. m\u00e1ja 2006:<\/strong> Poslan\u00fd mail do N\u00f3rska na adresu post.kirkeradet@kirken.no<\/li>\n<li style=\"text-align: justify;\">\u00a0\u00a0<strong>\u00a0 2. m\u00e1ja 2006:<\/strong> Prejednanie zadania \u00fazemn\u00e9ho pl\u00e1nu mesta \u017diar nad Hronom.<\/li>\n<li style=\"text-align: justify;\">\u00a0<strong>\u00a0\u00a0 25. apr\u00edla 2006:<\/strong> Poslan\u00fd mail v \u0161v\u00e9d\u010dine na adresu redactionen@kyrkanstinding.com a fotky.<\/li>\n<li style=\"text-align: justify;\">\u00a0\u00a0<strong>\u00a0 23. apr\u00edla 2006:<\/strong> Nav\u0161t\u00edvili sme seniora p. Kecera v O\u010dovej. S\u00fahlasil s na\u0161im z\u00e1merom posla\u0165 mail do redakcie evanjelick\u00fdch nov\u00edn vo \u0160v\u00e9dsku.<\/li>\n<li style=\"text-align: justify;\">\u00a0\u00a0\u00a0<strong> 23. marca 2006:<\/strong> Projekt EHP poslan\u00fd na \u00darad vl\u00e1dy SR.<\/li>\n<li style=\"text-align: justify;\">\u00a0\u00a0\u00a0<strong> 21. marca 2006:<\/strong> Dostali sme od Ing. arch. Lamiho n\u00e1met na stavbu kostola.<\/li>\n<li style=\"text-align: justify;\">\u00a0\u00a0\u00a0 <strong>20. marca 2006:<\/strong> Kom\u00e1rno, fy Premier Consulting s.r.o. Spolu s Ing. Petrom Kar\u0161ayom sme dokon\u010dili projekt EHP a N\u00f3rsky finan\u010dn\u00fd mechanizmus.<\/li>\n<li style=\"text-align: justify;\">\u00a0\u00a0\u00a0 <strong>16. marca 2006:<\/strong> Pri\u0161iel list z \u00daradu vl\u00e1dy SR. Projekt EHP m\u00e1 podacie \u010d\u00edslo 2918\/2006\/OKPF.<\/li>\n<li style=\"text-align: justify;\"><strong>\u00a0\u00a0\u00a0 12. marca 2006:<\/strong> Roz\u0161\u00edren\u00ed stavebn\u00fd v\u00fdbor v Kremnici.<\/li>\n<li style=\"text-align: justify;\">\u00a0\u00a0\u00a0 <strong>9. marca 2006:<\/strong> Nad\u00e1cii bolo pridelen\u00e9 DI\u010c: 2022136578.<\/li>\n<li style=\"text-align: justify;\">\u00a0\u00a0\u00a0<strong> 8. marca 2006: <\/strong>Prevzatie pe\u010diatky nad\u00e1cie a vizitiek pre spr\u00e1vcu.<\/li>\n<li style=\"text-align: justify;\">\u00a0\u00a0<strong>\u00a0 7. marca 2006:<\/strong> Pr\u00edprava podkladov pre projekt &#8222;Obnovme si svoj dom&#8220;. Dolnick\u00fd, Ferko, Sivo\u0161, Ondrej\u010din, Pomothy<\/li>\n<li style=\"text-align: justify;\">\u00a0\u00a0\u00a0 <strong>1. marca 2006: <\/strong>Na fare v Kremnici jednanie so z\u00e1stupcom fy Izola\u010dn\u00e9 projekty p\u00e1nom Obernauerom o zateplenie stropu fary. Rokovanie na Pamiatkovom \u00farade v Kremnici s Ing. arch. Mar\u0161\u00e1lkovou. Zasadnutie spr\u00e1vnej rady nad\u00e1cie.<\/li>\n<li style=\"text-align: justify;\">\u00a0\u00a0\u00a0 <strong>27. febru\u00e1ra 2006:<\/strong> N\u00e1v\u0161teva z\u00e1stupcov nad\u00e1cie u prim\u00e1tora v Kremnici.<\/li>\n<li style=\"text-align: justify;\"><strong>\u00a0\u00a0\u00a0 26. febru\u00e1ra 2006: <\/strong>Roz\u0161\u00edren\u00e9 zasadnutie stavebn\u00e9ho v\u00fdboru.<\/li>\n<li style=\"text-align: justify;\">\u00a0\u00a0\u00a0 <strong>11. febru\u00e1ra 2006:<\/strong> Spr\u00e1vca nad\u00e1cie sa z\u00fa\u010dastnil na \u0161kolen\u00ed o grantoch Ministerstva kult\u00fary SR &#8222;Obnovme si svoj dom&#8220;.<\/li>\n<li style=\"text-align: justify;\">\u00a0\u00a0\u00a0<strong> 31. janu\u00e1ra 2006:<\/strong> Da\u0148ov\u00e9 priznanie z nehnute\u013enost\u00ed v obci L\u00fa\u010dky. Obecn\u00fd \u00farad v L\u00fa\u010dkach si nebude n\u00e1rokova\u0165 da\u0148 za nehnute\u013enosti.<\/li>\n<li style=\"text-align: justify;\"><strong>\u00a0\u00a0\u00a0 25. janu\u00e1ra 2006: <\/strong>Prv\u00e9 zasadnutie spr\u00e1vnej rady nad\u00e1cie.<\/li>\n<li style=\"text-align: justify;\">\u00a0\u00a0<strong>\u00a0 24. decembra 2005:<\/strong> Bol zriaden\u00fd \u00fa\u010det nad\u00e1cie v \u0160t\u00e1tnej sporite\u013eni. \u010c\u00edslo \u00fa\u010dtu: 0411636062\/0900.<\/li>\n<li style=\"text-align: justify;\">\u00a0\u00a0<strong>\u00a0 20. decembra 2005: <\/strong>Od architekta Ing. arch. A. Lamiho sme dostali fotografie modelu bud\u00faceho ev. kostola v \u017diari nad Hronom.<\/li>\n<li style=\"text-align: justify;\"><strong>\u00a0\u00a0\u00a0 Okt\u00f3ber 2005:<\/strong> Jesenn\u00e9 upratovanie pozemku a kostola v L\u00fa\u010dkach. Vy\u010distenie pozemku od n\u00e1letov zelene, oprava strechy a odkvapov, kosenie tr\u00e1vy, vy\u010distenie interi\u00e9ru kostola, odlo\u017eenie dol\u00e1man\u00fdch kr\u00ed\u017eov n\u00e1jden\u00fdch pri hroboch, ulo\u017eenie po\u0161koden\u00e9ho olt\u00e1ra na fare v Kremnici.<\/li>\n<\/ul>\n<p>&nbsp;<\/p>\n","protected":false},"excerpt":{"rendered":"<p>29.10.2017 &#8211;\u00a0 Posviacka Ev. a.v. chr\u00e1mu Bo\u017eieho v \u017diari nad Hronom Okt\u00f3ber 2017 &#8211;\u00a0 fin\u00e1lne pr\u00edpravy k posviacke ev. a.v. kostola v \u017diari and Hronom, pri pr\u00edle\u017eitosti 500. v\u00fdro\u010dia\u00a0 reform\u00e1cie M\u00e1j &#8211; september 2017 &#8211; pr\u00edpravn\u00e9 aktivity \u010dlenov CZ a &hellip; <a href=\"http:\/\/www.nadaciakrestanskaobnova.sk\/?page_id=11\">Pokra\u010dova\u0165 v \u010d\u00edtan\u00ed <span class=\"meta-nav\">&rarr;<\/span><\/a><\/p>\n","protected":false},"author":1,"featured_media":0,"parent":0,"menu_order":0,"comment_status":"closed","ping_status":"closed","template":"","meta":{"footnotes":""},"class_list":["post-11","page","type-page","status-publish","hentry"],"_links":{"self":[{"href":"http:\/\/www.nadaciakrestanskaobnova.sk\/index.php?rest_route=\/wp\/v2\/pages\/11","targetHints":{"allow":["GET"]}}],"collection":[{"href":"http:\/\/www.nadaciakrestanskaobnova.sk\/index.php?rest_route=\/wp\/v2\/pages"}],"about":[{"href":"http:\/\/www.nadaciakrestanskaobnova.sk\/index.php?rest_route=\/wp\/v2\/types\/page"}],"author":[{"embeddable":true,"href":"http:\/\/www.nadaciakrestanskaobnova.sk\/index.php?rest_route=\/wp\/v2\/users\/1"}],"replies":[{"embeddable":true,"href":"http:\/\/www.nadaciakrestanskaobnova.sk\/index.php?rest_route=%2Fwp%2Fv2%2Fcomments&post=11"}],"version-history":[{"count":22,"href":"http:\/\/www.nadaciakrestanskaobnova.sk\/index.php?rest_route=\/wp\/v2\/pages\/11\/revisions"}],"predecessor-version":[{"id":988,"href":"http:\/\/www.nadaciakrestanskaobnova.sk\/index.php?rest_route=\/wp\/v2\/pages\/11\/revisions\/988"}],"wp:attachment":[{"href":"http:\/\/www.nadaciakrestanskaobnova.sk\/index.php?rest_route=%2Fwp%2Fv2%2Fmedia&parent=11"}],"curies":[{"name":"wp","href":"https:\/\/api.w.org\/{rel}","templated":true}]}}