{"id":15,"date":"2016-07-03T11:57:37","date_gmt":"2016-07-03T09:57:37","guid":{"rendered":"http:\/\/www.nadaciakrestanskaobnova.sk\/?page_id=15"},"modified":"2020-06-28T09:23:31","modified_gmt":"2020-06-28T07:23:31","slug":"o-nas","status":"publish","type":"page","link":"http:\/\/www.nadaciakrestanskaobnova.sk\/?page_id=15","title":{"rendered":"O n\u00e1s"},"content":{"rendered":"<p style=\"text-align: justify;\"><strong>Cirkevn\u00fd zbor ECAV v Kremnici<\/strong> zalo\u017eil v roku 2005 <strong>Nad\u00e1ciu Kres\u0165ansk\u00e1 obnova<\/strong>. Zakladate\u013e nad\u00e1ciu poveril zabezpe\u010den\u00edm financovania stavby kostola v \u017diari nad Hronom.<br \/>\nV \u017diari nad Hronom je u\u017e dvadsa\u0165 rokov\u00a0 fili\u00e1lka\u00a0 a od roku 2010 dc\u00e9rocirkev Cirkevn\u00e9ho zboru Evanjelickej cirkvi a.v. v Kremnici. Nem\u00e1 dosia\u013e svoj kostol, ale u\u017e od roku 2005 m\u00e1\u00a0 pre\u0148 vo vlastn\u00edctve pekn\u00fd pozemok na ulici Cyrila a Metoda, v bl\u00edzkosti\u00a0autobusovej stanice. Z viacer\u00fdch n\u00e1vrhov na stavbu kostola v roku 2008 cirkevn\u00fd zbor vybral \u0161t\u00fadiu, ktorej autormi s\u00fa Ing. arch. A. Lami a Ing. arch. J. Lamiov\u00e1 z Ko\u0161\u00edc. Nadriaden\u00e9 cirkevn\u00e9 \u00farady limitovali n\u00e1klady na stavbu kostola sumou 5 mil. Sk. Architekt t\u00fato sumu nepova\u017eoval za dostato\u010dn\u00fa. K\u00a0dohode o vypracovan\u00ed \u010fal\u0161\u00edch stup\u0148ov projektovej dokument\u00e1cie\u00a0\u00a0z toho d\u00f4vodu s Ing. Lamim\u00a0nedo\u0161lo a n\u00e1sledne t\u00fato \u00falohu prevzal Ing. arch. Schwarz z Kom\u00e1rna.\u00a0 Stavebn\u00fd v\u00fdbor menovan\u00fd presbyterstvom ev.c.a.v. v \u017diari nad Hronom priebe\u017ene konzultoval s novoustanoven\u00fdm projektantom \u010fal\u0161\u00ed postup na projekte. Podstatn\u00fa \u010das\u0165 v\u00fdboru tvorili \u010dlenovia spr\u00e1vnej rady nad\u00e1cie.<\/p>\n<p style=\"text-align: justify;\">Stavebn\u00fd v\u00fdbor s mal\u00fdmi pripomienkami schv\u00e1lil projekt Ing. Schwarza, v roku 2010 vybavil stavebn\u00e9 povolenie na stavbu.\u00a0V\u00a0janu\u00e1ri 2011 vybral dod\u00e1vate\u013ea stavby z piatich uch\u00e1dza\u010dov. V\u00ed\u0165az konkurzu HIPS Prievidza za\u010dal a aj kvalitne dokon\u010dil hrub\u00fa stavbu kostola\u00a0 v dohodnutom term\u00edne. V roku 2013 boli realizovan\u00e9 pr\u00edpojky elektriny, vody a kanaliz\u00e1cie a otvorov\u00e9 v\u00fdplne. V stavbe sa do dne\u0161n\u00e9ho d\u0148a pokra\u010dovalo pod\u013ea finan\u010dn\u00fdch mo\u017enost\u00ed a dokon\u010denie tie\u017e z\u00e1vis\u00ed hlavne od pr\u00edsunu \u010fal\u0161\u00edch financi\u00ed.<\/p>\n<p style=\"text-align: justify;\">Hne\u010f ako sa stavba kostola v \u017diari nad Hronom uk\u00e1zala re\u00e1lnou, <a href=\"http:\/\/www.ives.sk\/registre\/detailrnd.do?action=uplny&amp;formular=&amp;id=158802\" target=\"_blank\" rel=\"nofollow noopener noreferrer\">nad\u00e1cia si podstatne roz\u0161\u00edrila\u00a0 svoju n\u00e1pl\u0148 v soci\u00e1lnej, charitat\u00edvnej a vzdel\u00e1vacej oblasti.<\/a><\/p>\n<p style=\"text-align: justify;\"><strong>Nad\u00e1cia<\/strong> m\u00e1 v svojom z\u00e1kladnom iman\u00ed <a href=\"http:\/\/www.nadaciakrestanskaobnova.sk\/?page_id=57\">kostol z roku 1923 v obci L\u00fa\u010dky pri Kremnici.<\/a> Po odsune ob\u010danov nemeckej n\u00e1rodnosti v 50.\u00a0rokoch min. storo\u010dia kostol s peknou typickou architekt\u00farou nebol vyu\u017e\u00edvan\u00fd a ch\u00e1tral. Neodkladn\u00e1 je u\u017e v\u00fdmena strechy kostola. Cie\u013eom nad\u00e1cie je v nasleduj\u00facom obdob\u00ed d\u00f4stojne vyu\u017ei\u0165 tento cenn\u00fd historick\u00fd objekt pre\u00a0 expoz\u00edciu k 500 ro\u010dn\u00e9mu jubileu reform\u00e1cie.<\/p>\n<h1><span style=\"color: #339966;\"><em><strong>Obnova duchovn\u00e9ho povedomia kres\u0165anov v \u017eiarskom okrese<\/strong><\/em><\/span><\/h1>\n<p style=\"text-align: justify;\">je <strong>prvou prioritou<\/strong> v \u010dinnosti nad\u00e1cie nepretr\u017eite od jej zalo\u017eenia. <strong>Druhou prioritou<\/strong> je podpora stavby Evanjelick\u00e9ho centra v \u017diari nad Hronom. Rok 2011 bol v realiz\u00e1cii t\u00fdchto dvoch prioritn\u00fdch\u00a0\u00a0 \u00fa\u010delov nad\u00e1cie \u00faspe\u0161n\u00fd. K obnove duchovn\u00e9ho povedomia prispeli hlavne rel\u00e1cie v mestskej telev\u00edzii a pr\u00edspevky publikovan\u00e9 v mestsk\u00fdch a okresn\u00fdch novin\u00e1ch. O stavbe kostola sme informovali\u00a0 aj v celo\u0161t\u00e1tnom mer\u00edtku v \u010dasopise Evanjelick\u00fd posol.<\/p>\n<p style=\"text-align: justify;\">\u010clenovia spr\u00e1vnej rady nad\u00e1cie spolupracovali pri z\u00edskan\u00ed podkladov pre stavebn\u00e9 povolenie na stavbu kostola aj pri v\u00fdberovom konan\u00ed dod\u00e1vate\u013ea. Stavba evanjelick\u00e9ho kostola sa za\u010dala 28. marca 2011. Nad\u00e1cia v\u00fdznamne prispela na stavbu kostola aj finan\u010dne spolu sumou 25913,73 EUR. Z toho 2363,38 EUR bolo vo forme p\u00f4\u017ei\u010dky a suma bola vr\u00e1ten\u00e1 na \u00fa\u010det. Pr\u00e1ve tento konkr\u00e9tny finan\u010dn\u00fd\u00a0 pr\u00edspevok z \u00fa\u010dtu nad\u00e1cie napomohol tomu, \u017ee hrub\u00e1 stavba kostola mohla by\u0165\u00a0 v okt\u00f3bri 2011 ukon\u010den\u00e1.<\/p>\n<p style=\"text-align: justify;\">Do\u00a0janu\u00e1ra 2017Nad\u00e1cia vynalo\u017eila na stavbu ev. a.v. kostola v \u017diari nad Hronom sumu prekra\u010duj\u00facu 42700,-\u20ac. Po ukon\u010den\u00ed hrubej stavby kostola boli vykonan\u00e9 \u010fal\u0161ie stavebn\u00e9 pr\u00e1ce-vn\u00fatorn\u00e9 pr\u00e1ce stavebn\u00e9, elektroin\u0161tala\u010dn\u00e9. Do kostola sme dostali darom od veriacich z nemeck\u00e9ho Oldenburgu nevyu\u017e\u00edvan\u00fd mobili\u00e1r, od zboru v Pova\u017eskej Bystrici\u00a0stoli\u010dky, zadov\u00e1\u017eili sme doplnky interi\u00e9ru, \u010do v r\u00e1mci dan\u00fdch podmienok umo\u017enilo vyu\u017e\u00edva\u0165 priestor veriacimi. V bud\u00facnosti stavbu kostola \u010dak\u00e1 dokon\u010denie pr\u00e1c men\u0161ieho rozsahu vo vn\u00fatorn\u00fdch priestoroch, na\u00a0exteri\u00e9ri vonkaj\u0161ie omietky a ter\u00e9nne pr\u00e1ce v okol\u00ed kostola.<\/p>\n<p style=\"text-align: justify;\">Nepodarilo sa zatia\u013e opravi\u0165 strechu ev. kostola v obci L\u00fa\u010dky pri Kremnici.<\/p>\n<p style=\"text-align: justify;\">Po\u017eiadali sme o grant z Nad\u00e1cie V\u00daB na tento \u00fa\u010del. <strong>Pre kostol v L\u00fa\u010dkach sme si stanovili dlhodob\u00fd cie\u013e <\/strong>\u2013 do konca roku 2016 objekt\u00a0 obnovi\u0165 a zriadi\u0165 v \u0148om expoz\u00edciu pre jubileum 500\u00a0rokov od reform\u00e1cie v roku 2017.<\/p>\n<p style=\"text-align: justify;\">Prispeli sme nad\u00e1cii \u00dasmev ako dar sumou 60 EUR.\u00a0 Po dokon\u010den\u00ed stavby<strong> Evanjelick\u00e9ho centra \u2013 kostola v \u017diari nad Hronom<\/strong>\u00a0 dostan\u00fa prioritu in\u00e9 aktivity definovan\u00e9 v z\u00e1kladn\u00fdch nada\u010dn\u00fdch dokumentoch ako \u201c\u00da\u010del nad\u00e1cie\u201c v oblasti soci\u00e1lnej, vzdel\u00e1vacej, informa\u010dnej aj verejnopr\u00e1vnej takto:<\/p>\n<ul style=\"text-align: justify;\">\n<li><strong>Skvalitnenie \u017eivota osamel\u00fdch, star\u00fdch, \u013eud\u00ed chor\u00fdch a soci\u00e1lne slab\u00fdch a \u013eud\u00ed v n\u00fadzi.<\/strong><\/li>\n<li><strong>Finan\u010dn\u00e1 aj in\u00e1 pomoc jednotlivcom aj kres\u0165ansk\u00fdm cirkevn\u00fdm zborom.<\/strong><\/li>\n<li><strong>Pomoc \u013eu\u010fom pri nepredv\u00eddan\u00fdch udalostiach.<\/strong><\/li>\n<li><strong>Podpora vzdel\u00e1vania, vyu\u017e\u00edvania informa\u010dn\u00fdch technol\u00f3gi\u00ed a publikovania<\/strong><\/li>\n<li><strong>Publikovanie skuto\u010dn\u00fdch pr\u00edkladov pomoci bl\u00ed\u017enym v duchu kres\u0165ansk\u00fdch z\u00e1sad.<\/strong><\/li>\n<li><strong>Metodick\u00e1 pomoc jednotlivcom aj organiz\u00e1ci\u00e1m pri z\u00edskavan\u00ed finan\u010dn\u00fdch prostriedkov od Ministerstva kult\u00fary, z\u00a0 mimovl\u00e1dnych neziskov\u00fdch organiz\u00e1ci\u00ed, z firemnej filantropie, z 2% z dan\u00ed aj zo zahrani\u010dn\u00fdch zdrojov.<\/strong><\/li>\n<li><strong>Spolupr\u00e1ca s Karpatonemeck\u00fdm spolkom, s ambas\u00e1dou SRN\u00a0v SR a s Ministerstvom kult\u00fary SR aj s in\u00fdmi donormi pri revitaliz\u00e1cii opusten\u00e9ho evanjelick\u00e9ho kostola v obci L\u00fa\u010dky a jeho vyu\u017eit\u00ed k prezent\u00e1cii 500 ro\u010dn\u00e9ho jubilea reform\u00e1cie v roku 2017.<\/strong><\/li>\n<\/ul>\n<p>Vzh\u013eadom na meniacu sa situ\u00e1ciu v oblasti nada\u010dnej a v oblasti pr\u00edspevkov 2% z dane z pr\u00edjmu sa Nad\u00e1cii do s\u00fa\u010dasn\u00e9ho obdobia nepodarilo splni\u0165 cie\u013e opravi\u0165 strechu kostola v L\u00fa\u010dkach a zriadi\u0165 prezent\u00e1ciu 500 v\u00fdro\u010dia, ani revitalizova\u0165 stavbu ako tak\u00fa. Nad\u00e1cia sa na svojich zasadnutiach zaober\u00e1 touto t\u00e9mou a sna\u017e\u00ed sa n\u00e1js\u0165 sp\u00f4sob z\u00edskania prostriedkov za t\u00fdmto \u00fa\u010delom.<\/p>\n","protected":false},"excerpt":{"rendered":"<p>Cirkevn\u00fd zbor ECAV v Kremnici zalo\u017eil v roku 2005 Nad\u00e1ciu Kres\u0165ansk\u00e1 obnova. Zakladate\u013e nad\u00e1ciu poveril zabezpe\u010den\u00edm financovania stavby kostola v \u017diari nad Hronom. V \u017diari nad Hronom je u\u017e dvadsa\u0165 rokov\u00a0 fili\u00e1lka\u00a0 a od roku 2010 dc\u00e9rocirkev Cirkevn\u00e9ho zboru Evanjelickej &hellip; <a href=\"http:\/\/www.nadaciakrestanskaobnova.sk\/?page_id=15\">Pokra\u010dova\u0165 v \u010d\u00edtan\u00ed <span class=\"meta-nav\">&rarr;<\/span><\/a><\/p>\n","protected":false},"author":1,"featured_media":0,"parent":0,"menu_order":0,"comment_status":"closed","ping_status":"closed","template":"","meta":{"footnotes":""},"class_list":["post-15","page","type-page","status-publish","hentry"],"_links":{"self":[{"href":"http:\/\/www.nadaciakrestanskaobnova.sk\/index.php?rest_route=\/wp\/v2\/pages\/15","targetHints":{"allow":["GET"]}}],"collection":[{"href":"http:\/\/www.nadaciakrestanskaobnova.sk\/index.php?rest_route=\/wp\/v2\/pages"}],"about":[{"href":"http:\/\/www.nadaciakrestanskaobnova.sk\/index.php?rest_route=\/wp\/v2\/types\/page"}],"author":[{"embeddable":true,"href":"http:\/\/www.nadaciakrestanskaobnova.sk\/index.php?rest_route=\/wp\/v2\/users\/1"}],"replies":[{"embeddable":true,"href":"http:\/\/www.nadaciakrestanskaobnova.sk\/index.php?rest_route=%2Fwp%2Fv2%2Fcomments&post=15"}],"version-history":[{"count":20,"href":"http:\/\/www.nadaciakrestanskaobnova.sk\/index.php?rest_route=\/wp\/v2\/pages\/15\/revisions"}],"predecessor-version":[{"id":1828,"href":"http:\/\/www.nadaciakrestanskaobnova.sk\/index.php?rest_route=\/wp\/v2\/pages\/15\/revisions\/1828"}],"wp:attachment":[{"href":"http:\/\/www.nadaciakrestanskaobnova.sk\/index.php?rest_route=%2Fwp%2Fv2%2Fmedia&parent=15"}],"curies":[{"name":"wp","href":"https:\/\/api.w.org\/{rel}","templated":true}]}}