{"id":1525,"date":"2019-03-23T09:27:21","date_gmt":"2019-03-23T07:27:21","guid":{"rendered":"http:\/\/www.nadaciakrestanskaobnova.sk\/?page_id=1525"},"modified":"2019-03-24T08:23:13","modified_gmt":"2019-03-24T06:23:13","slug":"3-3-2019-druha-navsteva-rev-dr-dusana-totha-v-cz-kremnici-a-v-ziari-nad-hronom","status":"publish","type":"page","link":"http:\/\/www.nadaciakrestanskaobnova.sk\/?page_id=1525","title":{"rendered":"3.3.2019 &#8211; Druh\u00e1 n\u00e1v\u0161teva rev. Dr. Du\u0161ana T\u00f3tha v CZ Kremnici a v \u017diari nad Hronom"},"content":{"rendered":"<p>K\u00e1ze\u0148 v Kremnici<\/p>\n<audio class=\"wp-audio-shortcode\" id=\"audio-1525-1\" preload=\"none\" style=\"width: 100%;\" controls=\"controls\"><source type=\"audio\/mpeg\" src=\"http:\/\/www.nadaciakrestanskaobnova.sk\/wp-content\/uploads\/2019\/03\/KazenZH.mp3?_=1\" \/><a href=\"http:\/\/www.nadaciakrestanskaobnova.sk\/wp-content\/uploads\/2019\/03\/KazenZH.mp3\">http:\/\/www.nadaciakrestanskaobnova.sk\/wp-content\/uploads\/2019\/03\/KazenZH.mp3<\/a><\/audio>\n<p><a href=\"http:\/\/www.nadaciakrestanskaobnova.sk\/wp-content\/uploads\/2019\/03\/1..jpg\" target=\"_blank\" rel=\"noopener noreferrer\"><img loading=\"lazy\" decoding=\"async\" class=\"alignnone wp-image-1548\" title=\"Autor: M\u00e1ria Morov\u00e1\" src=\"http:\/\/www.nadaciakrestanskaobnova.sk\/wp-content\/uploads\/2019\/03\/1.-150x150.jpg\" alt=\"\" width=\"150\" height=\"150\" \/><\/a> <a href=\"http:\/\/www.nadaciakrestanskaobnova.sk\/wp-content\/uploads\/2019\/03\/2..jpg\" target=\"_blank\" rel=\"noopener noreferrer\"><img loading=\"lazy\" decoding=\"async\" class=\"alignnone wp-image-1549\" title=\"Autor: M\u00e1ria Morov\u00e1\" src=\"http:\/\/www.nadaciakrestanskaobnova.sk\/wp-content\/uploads\/2019\/03\/2.-150x150.jpg\" alt=\"\" width=\"150\" height=\"150\" \/><\/a> <a href=\"http:\/\/www.nadaciakrestanskaobnova.sk\/wp-content\/uploads\/2019\/03\/4..jpg\" target=\"_blank\" rel=\"noopener noreferrer\"><img loading=\"lazy\" decoding=\"async\" class=\"alignnone wp-image-1551\" title=\"Autor: M\u00e1ria Morov\u00e1\" src=\"http:\/\/www.nadaciakrestanskaobnova.sk\/wp-content\/uploads\/2019\/03\/4.-150x150.jpg\" alt=\"\" width=\"150\" height=\"150\" \/><\/a> <a href=\"http:\/\/www.nadaciakrestanskaobnova.sk\/wp-content\/uploads\/2019\/03\/5..jpg\" target=\"_blank\" rel=\"noopener noreferrer\"><img loading=\"lazy\" decoding=\"async\" class=\"alignnone wp-image-1552\" title=\"Autor: M\u00e1ria Morov\u00e1\" src=\"http:\/\/www.nadaciakrestanskaobnova.sk\/wp-content\/uploads\/2019\/03\/5.-150x150.jpg\" alt=\"\" width=\"150\" height=\"150\" \/><\/a> <a href=\"http:\/\/www.nadaciakrestanskaobnova.sk\/wp-content\/uploads\/2019\/03\/6..jpg\" target=\"_blank\" rel=\"noopener noreferrer\"><img loading=\"lazy\" decoding=\"async\" class=\"alignnone wp-image-1553\" title=\"Autor: M\u00e1ria Morov\u00e1\" src=\"http:\/\/www.nadaciakrestanskaobnova.sk\/wp-content\/uploads\/2019\/03\/6.-150x150.jpg\" alt=\"\" width=\"150\" height=\"150\" \/><\/a> <a href=\"http:\/\/www.nadaciakrestanskaobnova.sk\/wp-content\/uploads\/2019\/03\/7..jpg\" target=\"_blank\" rel=\"noopener noreferrer\"><img loading=\"lazy\" decoding=\"async\" class=\"alignnone wp-image-1554\" title=\"Autor: M\u00e1ria Morov\u00e1\" src=\"http:\/\/www.nadaciakrestanskaobnova.sk\/wp-content\/uploads\/2019\/03\/7.-150x150.jpg\" alt=\"\" width=\"150\" height=\"150\" \/><\/a> <a href=\"http:\/\/www.nadaciakrestanskaobnova.sk\/wp-content\/uploads\/2019\/03\/8..jpg\" target=\"_blank\" rel=\"noopener noreferrer\"><img loading=\"lazy\" decoding=\"async\" class=\"alignnone wp-image-1555\" title=\"Autor: M\u00e1ria Morov\u00e1\" src=\"http:\/\/www.nadaciakrestanskaobnova.sk\/wp-content\/uploads\/2019\/03\/8.-150x150.jpg\" alt=\"\" width=\"150\" height=\"150\" \/> <\/a> <a href=\"http:\/\/www.nadaciakrestanskaobnova.sk\/wp-content\/uploads\/2019\/03\/9..jpg\" target=\"_blank\" rel=\"noopener noreferrer\"><img loading=\"lazy\" decoding=\"async\" class=\"alignnone wp-image-1556\" title=\"Autor: M\u00e1ria Morov\u00e1\" src=\"http:\/\/www.nadaciakrestanskaobnova.sk\/wp-content\/uploads\/2019\/03\/9.-150x150.jpg\" alt=\"\" width=\"150\" height=\"150\" \/><\/a> <a href=\"http:\/\/www.nadaciakrestanskaobnova.sk\/wp-content\/uploads\/2019\/03\/10..jpg\" target=\"_blank\" rel=\"noopener noreferrer\"><img loading=\"lazy\" decoding=\"async\" class=\"alignnone wp-image-1557\" title=\"Autor: M\u00e1ria Morov\u00e1\" src=\"http:\/\/www.nadaciakrestanskaobnova.sk\/wp-content\/uploads\/2019\/03\/10.-150x150.jpg\" alt=\"\" width=\"150\" height=\"150\" \/><\/a> <a href=\"http:\/\/www.nadaciakrestanskaobnova.sk\/wp-content\/uploads\/2019\/03\/11..jpg\" target=\"_blank\" rel=\"noopener noreferrer\"><img loading=\"lazy\" decoding=\"async\" class=\"alignnone wp-image-1558\" title=\"Autor: M\u00e1ria Morov\u00e1\" src=\"http:\/\/www.nadaciakrestanskaobnova.sk\/wp-content\/uploads\/2019\/03\/11.-150x150.jpg\" alt=\"\" width=\"150\" height=\"150\" \/><\/a> <a href=\"http:\/\/www.nadaciakrestanskaobnova.sk\/wp-content\/uploads\/2019\/03\/12..jpg\" target=\"_blank\" rel=\"noopener noreferrer\"><img loading=\"lazy\" decoding=\"async\" class=\"alignnone wp-image-1559\" title=\"Autor: M\u00e1ria Morov\u00e1\" src=\"http:\/\/www.nadaciakrestanskaobnova.sk\/wp-content\/uploads\/2019\/03\/12.-150x150.jpg\" alt=\"\" width=\"150\" height=\"150\" \/><\/a> <a href=\"http:\/\/www.nadaciakrestanskaobnova.sk\/wp-content\/uploads\/2019\/03\/13..jpg\" target=\"_blank\" rel=\"noopener noreferrer\"><img loading=\"lazy\" decoding=\"async\" class=\"alignnone wp-image-1560\" title=\"Autor: M\u00e1ria Morov\u00e1\" src=\"http:\/\/www.nadaciakrestanskaobnova.sk\/wp-content\/uploads\/2019\/03\/13.-150x150.jpg\" alt=\"\" width=\"150\" height=\"150\" \/><\/a> <a href=\"http:\/\/www.nadaciakrestanskaobnova.sk\/wp-content\/uploads\/2019\/03\/14..jpg\" target=\"_blank\" rel=\"noopener noreferrer\"><img loading=\"lazy\" decoding=\"async\" class=\"alignnone wp-image-1561\" title=\"Autor: M\u00e1ria Morov\u00e1\" src=\"http:\/\/www.nadaciakrestanskaobnova.sk\/wp-content\/uploads\/2019\/03\/14.-150x150.jpg\" alt=\"\" width=\"150\" height=\"150\" \/><\/a><\/p>\n<p>K\u00e1ze\u0148 v \u017diari nad Hronom<\/p>\n<audio class=\"wp-audio-shortcode\" id=\"audio-1525-2\" preload=\"none\" style=\"width: 100%;\" controls=\"controls\"><source type=\"audio\/mpeg\" src=\"http:\/\/www.nadaciakrestanskaobnova.sk\/wp-content\/uploads\/2019\/03\/kazenKremnica.mp3?_=2\" \/><a href=\"http:\/\/www.nadaciakrestanskaobnova.sk\/wp-content\/uploads\/2019\/03\/kazenKremnica.mp3\">http:\/\/www.nadaciakrestanskaobnova.sk\/wp-content\/uploads\/2019\/03\/kazenKremnica.mp3<\/a><\/audio>\n<p><a href=\"http:\/\/www.nadaciakrestanskaobnova.sk\/wp-content\/uploads\/2019\/03\/IMG_20190303_112540.jpg\" target=\"_blank\" rel=\"noopener noreferrer\"><img loading=\"lazy\" decoding=\"async\" class=\"alignnone wp-image-1573\" title=\"Autor: Jozef Pacek\" src=\"http:\/\/www.nadaciakrestanskaobnova.sk\/wp-content\/uploads\/2019\/03\/IMG_20190303_112540-150x150.jpg\" alt=\"\" width=\"150\" height=\"150\" \/><\/a> <a href=\"http:\/\/www.nadaciakrestanskaobnova.sk\/wp-content\/uploads\/2019\/03\/IMG_20190303_112544.jpg\" target=\"_blank\" rel=\"noopener noreferrer\"><img loading=\"lazy\" decoding=\"async\" class=\"alignnone wp-image-1574\" title=\"Autor: Jozef Pacek\" src=\"http:\/\/www.nadaciakrestanskaobnova.sk\/wp-content\/uploads\/2019\/03\/IMG_20190303_112544-150x150.jpg\" alt=\"\" width=\"150\" height=\"150\" \/><\/a> <a href=\"http:\/\/www.nadaciakrestanskaobnova.sk\/wp-content\/uploads\/2019\/03\/IMG_20190303_113236.jpg\" target=\"_blank\" rel=\"noopener noreferrer\"><img loading=\"lazy\" decoding=\"async\" class=\"alignnone wp-image-1575\" title=\"Autor: Jozef Pacek\" src=\"http:\/\/www.nadaciakrestanskaobnova.sk\/wp-content\/uploads\/2019\/03\/IMG_20190303_113236-150x150.jpg\" alt=\"\" width=\"150\" height=\"150\" \/><\/a> <a href=\"http:\/\/www.nadaciakrestanskaobnova.sk\/wp-content\/uploads\/2019\/03\/IMG_20190303_113306.jpg\" target=\"_blank\" rel=\"noopener noreferrer\"><img loading=\"lazy\" decoding=\"async\" class=\"alignnone wp-image-1576\" title=\"Autor: Jozef Pacek\" src=\"http:\/\/www.nadaciakrestanskaobnova.sk\/wp-content\/uploads\/2019\/03\/IMG_20190303_113306-150x150.jpg\" alt=\"\" width=\"150\" height=\"150\" \/><\/a> <a href=\"http:\/\/www.nadaciakrestanskaobnova.sk\/wp-content\/uploads\/2019\/03\/IMG_20190303_120854.jpg\" target=\"_blank\" rel=\"noopener noreferrer\"><img loading=\"lazy\" decoding=\"async\" class=\"alignnone wp-image-1577\" title=\"Poskytol: Jozef Pacek\" src=\"http:\/\/www.nadaciakrestanskaobnova.sk\/wp-content\/uploads\/2019\/03\/IMG_20190303_120854-150x150.jpg\" alt=\"\" width=\"150\" height=\"150\" \/><\/a><\/p>\n","protected":false},"excerpt":{"rendered":"<p>K\u00e1ze\u0148 v Kremnici K\u00e1ze\u0148 v \u017diari nad Hronom<\/p>\n","protected":false},"author":1,"featured_media":0,"parent":57,"menu_order":0,"comment_status":"closed","ping_status":"closed","template":"","meta":{"footnotes":""},"class_list":["post-1525","page","type-page","status-publish","hentry"],"_links":{"self":[{"href":"http:\/\/www.nadaciakrestanskaobnova.sk\/index.php?rest_route=\/wp\/v2\/pages\/1525","targetHints":{"allow":["GET"]}}],"collection":[{"href":"http:\/\/www.nadaciakrestanskaobnova.sk\/index.php?rest_route=\/wp\/v2\/pages"}],"about":[{"href":"http:\/\/www.nadaciakrestanskaobnova.sk\/index.php?rest_route=\/wp\/v2\/types\/page"}],"author":[{"embeddable":true,"href":"http:\/\/www.nadaciakrestanskaobnova.sk\/index.php?rest_route=\/wp\/v2\/users\/1"}],"replies":[{"embeddable":true,"href":"http:\/\/www.nadaciakrestanskaobnova.sk\/index.php?rest_route=%2Fwp%2Fv2%2Fcomments&post=1525"}],"version-history":[{"count":20,"href":"http:\/\/www.nadaciakrestanskaobnova.sk\/index.php?rest_route=\/wp\/v2\/pages\/1525\/revisions"}],"predecessor-version":[{"id":1589,"href":"http:\/\/www.nadaciakrestanskaobnova.sk\/index.php?rest_route=\/wp\/v2\/pages\/1525\/revisions\/1589"}],"up":[{"embeddable":true,"href":"http:\/\/www.nadaciakrestanskaobnova.sk\/index.php?rest_route=\/wp\/v2\/pages\/57"}],"wp:attachment":[{"href":"http:\/\/www.nadaciakrestanskaobnova.sk\/index.php?rest_route=%2Fwp%2Fv2%2Fmedia&parent=1525"}],"curies":[{"name":"wp","href":"https:\/\/api.w.org\/{rel}","templated":true}]}}