{"id":1693,"date":"2020-04-19T14:05:55","date_gmt":"2020-04-19T12:05:55","guid":{"rendered":"http:\/\/www.nadaciakrestanskaobnova.sk\/?page_id=1693"},"modified":"2020-11-30T21:57:09","modified_gmt":"2020-11-30T19:57:09","slug":"informacne-listy-2020","status":"publish","type":"page","link":"http:\/\/www.nadaciakrestanskaobnova.sk\/?page_id=1693","title":{"rendered":"Informa\u010dn\u00e9 listy 2020"},"content":{"rendered":"<p><a href=\"http:\/\/www.nadaciakrestanskaobnova.sk\/wp-content\/uploads\/2020\/11\/Informacny-list-35-2020.pdf\" target=\"_blank\" rel=\"noopener noreferrer\">Informa\u010dn\u00fd list 35-2020<\/a><\/p>\n<p><a href=\"http:\/\/www.nadaciakrestanskaobnova.sk\/wp-content\/uploads\/2020\/11\/Informacny-list-34-2020.pdf\" target=\"_blank\" rel=\"noopener noreferrer\">Informa\u010dn\u00fd list 34-2020<\/a><\/p>\n<p><iframe loading=\"lazy\" title=\"Pobo\u017enos\u0165 k 2. nedeli pred koncom cirkevn\u00e9ho roka.\" width=\"640\" height=\"360\" src=\"https:\/\/www.youtube.com\/embed\/EDCwCXBjEzI?start=20&#038;feature=oembed\" frameborder=\"0\" allow=\"accelerometer; autoplay; clipboard-write; encrypted-media; gyroscope; picture-in-picture; web-share\" referrerpolicy=\"strict-origin-when-cross-origin\" allowfullscreen><\/iframe><\/p>\n<p><iframe loading=\"lazy\" title=\"Pobo\u017enos\u0165 k 3. nedeli pred koncom cirkevn\u00e9ho roka.\" width=\"640\" height=\"360\" src=\"https:\/\/www.youtube.com\/embed\/noIwZmS2E4M?feature=oembed\" frameborder=\"0\" allow=\"accelerometer; autoplay; clipboard-write; encrypted-media; gyroscope; picture-in-picture; web-share\" referrerpolicy=\"strict-origin-when-cross-origin\" allowfullscreen><\/iframe><\/p>\n<p><a href=\"http:\/\/www.nadaciakrestanskaobnova.sk\/wp-content\/uploads\/2020\/11\/Prihovor-v-3.nedelu-pred-koncom-cirkevneho-roka.pdf\" target=\"_blank\" rel=\"noopener noreferrer\">Pr\u00edhovor v 3.nede\u013eu pred koncom cirkevn\u00e9ho roka<\/a><\/p>\n<p><iframe loading=\"lazy\" title=\"Pobo\u017enos\u0165 k 21. nedeli po Sv\u00e4tej Trojici\/Kremnica 2020\" width=\"640\" height=\"360\" src=\"https:\/\/www.youtube.com\/embed\/c0arLllZvS8?feature=oembed\" frameborder=\"0\" allow=\"accelerometer; autoplay; clipboard-write; encrypted-media; gyroscope; picture-in-picture; web-share\" referrerpolicy=\"strict-origin-when-cross-origin\" allowfullscreen><\/iframe><\/p>\n<p><a href=\"https:\/\/www.ecav.sk\/aktuality\/pozvanky\/domaca-poboznost-na-21-nedelu-po-svatej-trojici-1-november-2020\" target=\"_blank\" rel=\"noopener noreferrer\">https:\/\/www.ecav.sk\/aktuality\/pozvanky\/domaca-poboznost-na-21-nedelu-po-svatej-trojici-1-november-2020<\/a><\/p>\n<p><a href=\"https:\/\/www.ecav.sk\/aktuality\/stanoviska-a-vyjadrenia\/pastiersky-list-zboru-biskupov-ecav-k-reformacii-2020\" target=\"_blank\" rel=\"noopener noreferrer\">https:\/\/www.ecav.sk\/aktuality\/stanoviska-a-vyjadrenia\/pastiersky-list-zboru-biskupov-ecav-k-reformacii-2020<\/a><\/p>\n<p>Pr\u00edhovor 30.10.2020 <a href=\"http:\/\/www.nadaciakrestanskaobnova.sk\/wp-content\/uploads\/2020\/11\/Info_30.10.2020.pdf\" target=\"_blank\" rel=\"noopener noreferrer\">Info_30.10.2020<\/a><\/p>\n<p><a href=\"http:\/\/www.nadaciakrestanskaobnova.sk\/wp-content\/uploads\/2020\/11\/QR-milodar-DC.png\"><img loading=\"lazy\" decoding=\"async\" class=\"alignnone size-thumbnail wp-image-1926\" src=\"http:\/\/www.nadaciakrestanskaobnova.sk\/wp-content\/uploads\/2020\/11\/QR-milodar-DC-150x150.png\" alt=\"\" width=\"150\" height=\"150\" \/><\/a> <a href=\"http:\/\/www.nadaciakrestanskaobnova.sk\/wp-content\/uploads\/2020\/11\/QR-CP-2020-DC.png\"><img loading=\"lazy\" decoding=\"async\" class=\"alignnone size-thumbnail wp-image-1927\" src=\"http:\/\/www.nadaciakrestanskaobnova.sk\/wp-content\/uploads\/2020\/11\/QR-CP-2020-DC-150x150.png\" alt=\"\" width=\"150\" height=\"150\" \/><\/a> <a href=\"http:\/\/www.nadaciakrestanskaobnova.sk\/wp-content\/uploads\/2020\/11\/QR-milodar-MC.png\"><img loading=\"lazy\" decoding=\"async\" class=\"alignnone size-thumbnail wp-image-1928\" src=\"http:\/\/www.nadaciakrestanskaobnova.sk\/wp-content\/uploads\/2020\/11\/QR-milodar-MC-150x150.png\" alt=\"\" width=\"150\" height=\"150\" \/><\/a> <a href=\"http:\/\/www.nadaciakrestanskaobnova.sk\/wp-content\/uploads\/2020\/11\/QR-CP-2020-MC.png\"><img loading=\"lazy\" decoding=\"async\" class=\"alignnone size-thumbnail wp-image-1929\" src=\"http:\/\/www.nadaciakrestanskaobnova.sk\/wp-content\/uploads\/2020\/11\/QR-CP-2020-MC-150x150.png\" alt=\"\" width=\"150\" height=\"150\" \/><\/a><\/p>\n<p><iframe loading=\"lazy\" title=\"ref2020A\" width=\"640\" height=\"360\" src=\"https:\/\/www.youtube.com\/embed\/hsAf-QoFEqY?feature=oembed\" frameborder=\"0\" allow=\"accelerometer; autoplay; clipboard-write; encrypted-media; gyroscope; picture-in-picture; web-share\" referrerpolicy=\"strict-origin-when-cross-origin\" allowfullscreen><\/iframe><\/p>\n<p>&nbsp;<\/p>\n<p>&nbsp;<\/p>\n<p><iframe loading=\"lazy\" title=\"Pobo\u017enos\u0165 k 20. nedeli po Sv\u00e4tej Trojici\/\u017diar nad Hronom 2020\" width=\"640\" height=\"360\" src=\"https:\/\/www.youtube.com\/embed\/BV07IlfkC6Y?feature=oembed\" frameborder=\"0\" allow=\"accelerometer; autoplay; clipboard-write; encrypted-media; gyroscope; picture-in-picture; web-share\" referrerpolicy=\"strict-origin-when-cross-origin\" allowfullscreen><\/iframe><\/p>\n<p><a href=\"http:\/\/www.nadaciakrestanskaobnova.sk\/wp-content\/uploads\/2020\/10\/Informacny-list-32-2020.pdf\" target=\"_blank\" rel=\"noopener noreferrer\">Informa\u010dn\u00fd list 32-2020<\/a><\/p>\n<p><a href=\"http:\/\/www.nadaciakrestanskaobnova.sk\/wp-content\/uploads\/2020\/10\/Informacny-list-31-2020.pdf\" target=\"_blank\" rel=\"noopener noreferrer\">Informa\u010dn\u00fd list 31-2020<\/a><\/p>\n<p><a href=\"http:\/\/www.nadaciakrestanskaobnova.sk\/wp-content\/uploads\/2020\/10\/Informacny-list-30-2020.pdf\">Informa\u010dn\u00fd list 30-2020<\/a><\/p>\n<p><a href=\"http:\/\/www.nadaciakrestanskaobnova.sk\/wp-content\/uploads\/2020\/10\/Informacny-list-29-2020.pdf\" target=\"_blank\" rel=\"noopener noreferrer\">Informa\u010dn\u00fd list 29-2020<\/a><\/p>\n<p><a href=\"http:\/\/www.nadaciakrestanskaobnova.sk\/wp-content\/uploads\/2020\/10\/Informacny-list-27-28-2020.pdf\" target=\"_blank\" rel=\"noopener noreferrer\">Informa\u010dn\u00fd list 27-28-2020<\/a><\/p>\n<p><a href=\"http:\/\/www.nadaciakrestanskaobnova.sk\/wp-content\/uploads\/2020\/10\/Informacny-list-26-2020.pdf\" target=\"_blank\" rel=\"noopener noreferrer\">Informa\u010dn\u00fd list 26-2020<\/a><\/p>\n<p><a href=\"http:\/\/www.nadaciakrestanskaobnova.sk\/wp-content\/uploads\/2020\/10\/Informacny-list-25-2020.pdf\" target=\"_blank\" rel=\"noopener noreferrer\">Informa\u010dn\u00fd list 25-2020<\/a><\/p>\n<p><a href=\"http:\/\/www.nadaciakrestanskaobnova.sk\/wp-content\/uploads\/2020\/10\/Informacny-list-24-2020.pdf\" target=\"_blank\" rel=\"noopener noreferrer\">Informa\u010dn\u00fd list 24-2020<\/a><\/p>\n<p><a href=\"http:\/\/www.nadaciakrestanskaobnova.sk\/wp-content\/uploads\/2020\/10\/Informacny-list-23-2020.pdf\" target=\"_blank\" rel=\"noopener noreferrer\">Informa\u010dn\u00fd list 23-2020<\/a><\/p>\n<p><a href=\"http:\/\/www.nadaciakrestanskaobnova.sk\/wp-content\/uploads\/2020\/10\/Informacny-list-22-2020.pdf\" target=\"_blank\" rel=\"noopener noreferrer\">Informa\u010dn\u00fd list 22-2020<\/a><\/p>\n<p><a href=\"http:\/\/www.nadaciakrestanskaobnova.sk\/wp-content\/uploads\/2020\/10\/Informacny-list-21-2020.pdf\" target=\"_blank\" rel=\"noopener noreferrer\">Informa\u010dn\u00fd list 21-2020<\/a><\/p>\n<p><a href=\"http:\/\/www.nadaciakrestanskaobnova.sk\/wp-content\/uploads\/2020\/07\/Informa\u010dn\u00fd-list-20-2020.pdf\" target=\"_blank\" rel=\"noopener noreferrer\">Informa\u010dn\u00fd list 20-2020<\/a><\/p>\n<p><a href=\"http:\/\/www.nadaciakrestanskaobnova.sk\/wp-content\/uploads\/2020\/07\/Informa\u010dn\u00fd-list-19-2020.pdf\" target=\"_blank\" rel=\"noopener noreferrer\">Informa\u010dn\u00fd list 19-2020<\/a><\/p>\n<p><a href=\"http:\/\/www.nadaciakrestanskaobnova.sk\/wp-content\/uploads\/2020\/06\/Informa\u010dn\u00fd-list-18-2020.pdf\" target=\"_blank\" rel=\"noopener noreferrer\">Informa\u010dn\u00fd list 18-2020<\/a><\/p>\n<p><a href=\"http:\/\/www.nadaciakrestanskaobnova.sk\/wp-content\/uploads\/2020\/06\/Informa\u010dn\u00fd-list-17-2020.pdf\" target=\"_blank\" rel=\"noopener noreferrer\">Informa\u010dn\u00fd list 17-2020<\/a><\/p>\n<p><a href=\"http:\/\/www.nadaciakrestanskaobnova.sk\/wp-content\/uploads\/2020\/06\/Informa\u010dn\u00fd-list-16-2020.pdf\" target=\"_blank\" rel=\"noopener noreferrer\">Informa\u010dn\u00fd list 16-2020<\/a><\/p>\n<p><a href=\"http:\/\/www.nadaciakrestanskaobnova.sk\/wp-content\/uploads\/2020\/06\/Informa\u010dn\u00fd-list-15-2020.pdf\" target=\"_blank\" rel=\"noopener noreferrer\">Informa\u010dn\u00fd list 15-2020<\/a><\/p>\n<p><a href=\"http:\/\/www.nadaciakrestanskaobnova.sk\/wp-content\/uploads\/2020\/06\/Informa\u010dn\u00fd-list-14-2020.pdf\" target=\"_blank\" rel=\"noopener noreferrer\">Informa\u010dn\u00fd list 14-2020<\/a><\/p>\n<p><a href=\"http:\/\/www.nadaciakrestanskaobnova.sk\/wp-content\/uploads\/2020\/06\/Informa\u010dn\u00fd-list-13-2020.pdf\" target=\"_blank\" rel=\"noopener noreferrer\">Informa\u010dn\u00fd list 13-2020<\/a><\/p>\n<p><a href=\"http:\/\/www.nadaciakrestanskaobnova.sk\/wp-content\/uploads\/2020\/05\/Informa\u010dn\u00fd-list-12-2020.pdf\" target=\"_blank\" rel=\"noopener noreferrer\">Informa\u010dn\u00fd list 12-2020<\/a><\/p>\n<p><a href=\"http:\/\/www.nadaciakrestanskaobnova.sk\/wp-content\/uploads\/2020\/05\/Informa\u010dn\u00fd-list-11-2020.pdf\" target=\"_blank\" rel=\"noopener noreferrer\">Informa\u010dn\u00fd list 11-2020<\/a><\/p>\n<p><a href=\"http:\/\/www.nadaciakrestanskaobnova.sk\/wp-content\/uploads\/2020\/05\/Pr\u00edhovor_03052020.pdf\" target=\"_blank\" rel=\"noopener noreferrer\">Pr\u00edhovor_03052020<\/a><\/p>\n<p><a href=\"http:\/\/www.nadaciakrestanskaobnova.sk\/wp-content\/uploads\/2020\/04\/Pr\u00edhovor-26.04.2020.pdf\" target=\"_blank\" rel=\"noopener noreferrer\">Pr\u00edhovor 26.04.2020<\/a><\/p>\n<p><iframe loading=\"lazy\" title=\"Pr\u00edhovor k 2. nedeli po Ve\u013ekej noci - nede\u013ea dobr\u00e9ho pastiera.\" width=\"640\" height=\"360\" src=\"https:\/\/www.youtube.com\/embed\/HO06xOJ6j9Y?feature=oembed\" frameborder=\"0\" allow=\"accelerometer; autoplay; clipboard-write; encrypted-media; gyroscope; picture-in-picture; web-share\" referrerpolicy=\"strict-origin-when-cross-origin\" allowfullscreen><\/iframe><\/p>\n<p><a href=\"http:\/\/www.nadaciakrestanskaobnova.sk\/wp-content\/uploads\/2020\/04\/19042020Pr\u00edhovor-19.04.2020.pdf\" target=\"_blank\" rel=\"noopener noreferrer\">Pr\u00edhovor 19.04.2020<\/a><\/p>\n<p><iframe loading=\"lazy\" title=\"Pr\u00edhovor k 1. nedeli po Ve\u013ekej noci - Quasimodogeniti.\" width=\"640\" height=\"360\" src=\"https:\/\/www.youtube.com\/embed\/dqLDSKn3naI?start=38&#038;feature=oembed\" frameborder=\"0\" allow=\"accelerometer; autoplay; clipboard-write; encrypted-media; gyroscope; picture-in-picture; web-share\" referrerpolicy=\"strict-origin-when-cross-origin\" allowfullscreen><\/iframe><\/p>\n<p><a href=\"http:\/\/www.nadaciakrestanskaobnova.sk\/wp-content\/uploads\/2020\/04\/12042020Oznam-12.04.2020.pdf\" target=\"_blank\" rel=\"noopener noreferrer\">Oznam 12.04.2020<\/a><\/p>\n<p><a href=\"http:\/\/www.nadaciakrestanskaobnova.sk\/wp-content\/uploads\/2020\/04\/12042020Ve\u013ekono\u010dn\u00fd-pozdrav-12.04.2020.pdf\" target=\"_blank\" rel=\"noopener noreferrer\">Ve\u013ekono\u010dn\u00fd pozdrav 12.04.2020<\/a><\/p>\n<p><iframe loading=\"lazy\" title=\"Ve\u013ekono\u010dn\u00fd pozdrav zborov\u00e9ho far\u00e1ra v Kremnici.\" width=\"640\" height=\"360\" src=\"https:\/\/www.youtube.com\/embed\/bTr76nLu3XA?start=183&#038;feature=oembed\" frameborder=\"0\" allow=\"accelerometer; autoplay; clipboard-write; encrypted-media; gyroscope; picture-in-picture; web-share\" referrerpolicy=\"strict-origin-when-cross-origin\" allowfullscreen><\/iframe><\/p>\n<p><a href=\"http:\/\/www.nadaciakrestanskaobnova.sk\/wp-content\/uploads\/2020\/04\/10042020Velkopiatocny-prihovor.pdf\" target=\"_blank\" rel=\"noopener noreferrer\">Ve\u013ekopiato\u010dn\u00fd pr\u00edhovor &#8211; 10.04.2020<\/a><\/p>\n<p><a href=\"http:\/\/www.nadaciakrestanskaobnova.sk\/wp-content\/uploads\/2020\/04\/04042020Pr\u00edhovor-z-04.04.2020.pdf\" target=\"_blank\" rel=\"noopener noreferrer\">Pr\u00edhovor z 04.04.2020- Kvetn\u00e1 nede\u013ea 05.04.2020<\/a><\/p>\n<p><a href=\"http:\/\/www.nadaciakrestanskaobnova.sk\/wp-content\/uploads\/2020\/04\/28032020Pr\u00edhovor-z-28.03.2020.pdf\" target=\"_blank\" rel=\"noopener noreferrer\">Pr\u00edhovor z 28.03.2020 &#8211; Smrtn\u00e1 nede\u013ea 29.03.2020<\/a><\/p>\n<p><a href=\"http:\/\/www.nadaciakrestanskaobnova.sk\/wp-content\/uploads\/2020\/04\/22032020Dom\u00e1ca-pobo\u017enos\u0165-na-4-p\u00f4stnu-nede\u013eu.pdf\" target=\"_blank\" rel=\"noopener noreferrer\">Dom\u00e1ca pobo\u017enos\u0165 na 4 p\u00f4stnu nede\u013eu 22.03.2020<\/a><\/p>\n<p><a href=\"http:\/\/www.nadaciakrestanskaobnova.sk\/wp-content\/uploads\/2020\/04\/15032020Dom\u00e1ca-pobo\u017enos\u0165-na-3-p\u00f4stnu-nede\u013eu.pdf\" target=\"_blank\" rel=\"noopener noreferrer\">Dom\u00e1ca pobo\u017enos\u0165 na 3 p\u00f4stnu nede\u013eu 15.03.2020<\/a><\/p>\n<p><a href=\"http:\/\/www.nadaciakrestanskaobnova.sk\/wp-content\/uploads\/2020\/04\/Informa\u010dn\u00fd-list-10-2020.pdf\" target=\"_blank\" rel=\"noopener noreferrer\">Informa\u010dn\u00fd list 10-2020<\/a><\/p>\n<p><a href=\"http:\/\/www.nadaciakrestanskaobnova.sk\/wp-content\/uploads\/2020\/04\/Informa\u010dn\u00fd-list-9-2020.pdf\" target=\"_blank\" rel=\"noopener noreferrer\">Informa\u010dn\u00fd list 9-2020<\/a><\/p>\n<p><a href=\"http:\/\/www.nadaciakrestanskaobnova.sk\/wp-content\/uploads\/2020\/04\/Informa\u010dn\u00fd-list-8-2020.pdf\" target=\"_blank\" rel=\"noopener noreferrer\">Informa\u010dn\u00fd list 8-2020<\/a><\/p>\n<p><a href=\"http:\/\/www.nadaciakrestanskaobnova.sk\/wp-content\/uploads\/2020\/04\/Informa\u010dn\u00fd-list-7-2020.pdf\" target=\"_blank\" rel=\"noopener noreferrer\">Informa\u010dn\u00fd list 7-2020<\/a><\/p>\n<p><a href=\"http:\/\/www.nadaciakrestanskaobnova.sk\/wp-content\/uploads\/2020\/04\/Informa\u010dn\u00fd-list-6-2020.pdf\" target=\"_blank\" rel=\"noopener noreferrer\">Informa\u010dn\u00fd list 6-2020<\/a><\/p>\n<p><a href=\"http:\/\/www.nadaciakrestanskaobnova.sk\/wp-content\/uploads\/2020\/04\/Informa\u010dn\u00fd-list-5-2020.pdf\" target=\"_blank\" rel=\"noopener noreferrer\">Informa\u010dn\u00fd list 5-2020<\/a><\/p>\n<p><a href=\"http:\/\/www.nadaciakrestanskaobnova.sk\/wp-content\/uploads\/2020\/04\/Informa\u010dn\u00fd-list-4-2020.pdf\" target=\"_blank\" rel=\"noopener noreferrer\">Informa\u010dn\u00fd list 4-2020<\/a><\/p>\n<p><a href=\"http:\/\/www.nadaciakrestanskaobnova.sk\/wp-content\/uploads\/2020\/04\/Informa\u010dn\u00fd-list-3-2020.pdf\" target=\"_blank\" rel=\"noopener noreferrer\">Informa\u010dn\u00fd list 3-2020<\/a><\/p>\n<p><a href=\"http:\/\/www.nadaciakrestanskaobnova.sk\/wp-content\/uploads\/2020\/04\/Informa\u010dn\u00fd-list-2-2020.pdf\" target=\"_blank\" rel=\"noopener noreferrer\">Informa\u010dn\u00fd list 2-2020<\/a><\/p>\n<p><a href=\"http:\/\/www.nadaciakrestanskaobnova.sk\/wp-content\/uploads\/2020\/04\/Informa\u010dn\u00fd-list-1-2020.pdf\" target=\"_blank\" rel=\"noopener noreferrer\">Informa\u010dn\u00fd list 1-2020<\/a><\/p>\n","protected":false},"excerpt":{"rendered":"<p>Informa\u010dn\u00fd list 35-2020 Informa\u010dn\u00fd list 34-2020 Pr\u00edhovor v 3.nede\u013eu pred koncom cirkevn\u00e9ho roka https:\/\/www.ecav.sk\/aktuality\/pozvanky\/domaca-poboznost-na-21-nedelu-po-svatej-trojici-1-november-2020 https:\/\/www.ecav.sk\/aktuality\/stanoviska-a-vyjadrenia\/pastiersky-list-zboru-biskupov-ecav-k-reformacii-2020 Pr\u00edhovor 30.10.2020 Info_30.10.2020 &nbsp; &nbsp; Informa\u010dn\u00fd list 32-2020 Informa\u010dn\u00fd list 31-2020 Informa\u010dn\u00fd list 30-2020 Informa\u010dn\u00fd list 29-2020 Informa\u010dn\u00fd list 27-28-2020 Informa\u010dn\u00fd list 26-2020 Informa\u010dn\u00fd list &hellip; <a href=\"http:\/\/www.nadaciakrestanskaobnova.sk\/?page_id=1693\">Pokra\u010dova\u0165 v \u010d\u00edtan\u00ed <span class=\"meta-nav\">&rarr;<\/span><\/a><\/p>\n","protected":false},"author":1,"featured_media":0,"parent":0,"menu_order":0,"comment_status":"closed","ping_status":"closed","template":"","meta":{"footnotes":""},"class_list":["post-1693","page","type-page","status-publish","hentry"],"_links":{"self":[{"href":"http:\/\/www.nadaciakrestanskaobnova.sk\/index.php?rest_route=\/wp\/v2\/pages\/1693","targetHints":{"allow":["GET"]}}],"collection":[{"href":"http:\/\/www.nadaciakrestanskaobnova.sk\/index.php?rest_route=\/wp\/v2\/pages"}],"about":[{"href":"http:\/\/www.nadaciakrestanskaobnova.sk\/index.php?rest_route=\/wp\/v2\/types\/page"}],"author":[{"embeddable":true,"href":"http:\/\/www.nadaciakrestanskaobnova.sk\/index.php?rest_route=\/wp\/v2\/users\/1"}],"replies":[{"embeddable":true,"href":"http:\/\/www.nadaciakrestanskaobnova.sk\/index.php?rest_route=%2Fwp%2Fv2%2Fcomments&post=1693"}],"version-history":[{"count":27,"href":"http:\/\/www.nadaciakrestanskaobnova.sk\/index.php?rest_route=\/wp\/v2\/pages\/1693\/revisions"}],"predecessor-version":[{"id":1940,"href":"http:\/\/www.nadaciakrestanskaobnova.sk\/index.php?rest_route=\/wp\/v2\/pages\/1693\/revisions\/1940"}],"wp:attachment":[{"href":"http:\/\/www.nadaciakrestanskaobnova.sk\/index.php?rest_route=%2Fwp%2Fv2%2Fmedia&parent=1693"}],"curies":[{"name":"wp","href":"https:\/\/api.w.org\/{rel}","templated":true}]}}