{"id":1835,"date":"2020-07-03T19:01:14","date_gmt":"2020-07-03T17:01:14","guid":{"rendered":"http:\/\/www.nadaciakrestanskaobnova.sk\/?page_id=1835"},"modified":"2020-07-03T19:01:14","modified_gmt":"2020-07-03T17:01:14","slug":"prijatie-noveho-clena-cz-ecav-kremnica-dcericorkev-ziar-nad-hronom","status":"publish","type":"page","link":"http:\/\/www.nadaciakrestanskaobnova.sk\/?page_id=1835","title":{"rendered":"Prijatie nov\u00e9ho \u010dlena CZ ECAV Kremnica, dc\u00e9ricorkev \u017diar nad Hronom"},"content":{"rendered":"<p>Na slu\u017eb\u00e1ch Bo\u017e\u00edch 28.6.2020 sme s rados\u0165ou prijali do radov n\u00e1\u0161ho CZ nov\u00e9ho \u010dlena brata MARI\u00c1NA ZORK\u00d6CZYHO.<\/p>\n<p>Srde\u010dne blaho\u017eel\u00e1me!<\/p>\n<p><a href=\"http:\/\/www.nadaciakrestanskaobnova.sk\/wp-content\/uploads\/2020\/07\/IMG-20200628-WA0009.jpg\" target=\"_blank\" rel=\"noopener noreferrer\"><img loading=\"lazy\" decoding=\"async\" class=\"alignnone wp-image-1838\" src=\"http:\/\/www.nadaciakrestanskaobnova.sk\/wp-content\/uploads\/2020\/07\/IMG-20200628-WA0009-150x150.jpg\" alt=\"\" width=\"150\" height=\"150\" \/><\/a> <a href=\"http:\/\/www.nadaciakrestanskaobnova.sk\/wp-content\/uploads\/2020\/07\/IMG-20200628-WA0008.jpg\" target=\"_blank\" rel=\"noopener noreferrer\"><img loading=\"lazy\" decoding=\"async\" class=\"alignnone wp-image-1842\" src=\"http:\/\/www.nadaciakrestanskaobnova.sk\/wp-content\/uploads\/2020\/07\/IMG-20200628-WA0008.jpg\" alt=\"\" width=\"1093\" height=\"1432\" srcset=\"http:\/\/www.nadaciakrestanskaobnova.sk\/wp-content\/uploads\/2020\/07\/IMG-20200628-WA0008.jpg 1093w, http:\/\/www.nadaciakrestanskaobnova.sk\/wp-content\/uploads\/2020\/07\/IMG-20200628-WA0008-229x300.jpg 229w, http:\/\/www.nadaciakrestanskaobnova.sk\/wp-content\/uploads\/2020\/07\/IMG-20200628-WA0008-782x1024.jpg 782w, http:\/\/www.nadaciakrestanskaobnova.sk\/wp-content\/uploads\/2020\/07\/IMG-20200628-WA0008-768x1006.jpg 768w\" sizes=\"auto, (max-width: 1093px) 100vw, 1093px\" \/><\/a><\/p>\n","protected":false},"excerpt":{"rendered":"<p>Na slu\u017eb\u00e1ch Bo\u017e\u00edch 28.6.2020 sme s rados\u0165ou prijali do radov n\u00e1\u0161ho CZ nov\u00e9ho \u010dlena brata MARI\u00c1NA ZORK\u00d6CZYHO. Srde\u010dne blaho\u017eel\u00e1me!<\/p>\n","protected":false},"author":1,"featured_media":0,"parent":0,"menu_order":0,"comment_status":"closed","ping_status":"closed","template":"","meta":{"footnotes":""},"class_list":["post-1835","page","type-page","status-publish","hentry"],"_links":{"self":[{"href":"http:\/\/www.nadaciakrestanskaobnova.sk\/index.php?rest_route=\/wp\/v2\/pages\/1835","targetHints":{"allow":["GET"]}}],"collection":[{"href":"http:\/\/www.nadaciakrestanskaobnova.sk\/index.php?rest_route=\/wp\/v2\/pages"}],"about":[{"href":"http:\/\/www.nadaciakrestanskaobnova.sk\/index.php?rest_route=\/wp\/v2\/types\/page"}],"author":[{"embeddable":true,"href":"http:\/\/www.nadaciakrestanskaobnova.sk\/index.php?rest_route=\/wp\/v2\/users\/1"}],"replies":[{"embeddable":true,"href":"http:\/\/www.nadaciakrestanskaobnova.sk\/index.php?rest_route=%2Fwp%2Fv2%2Fcomments&post=1835"}],"version-history":[{"count":2,"href":"http:\/\/www.nadaciakrestanskaobnova.sk\/index.php?rest_route=\/wp\/v2\/pages\/1835\/revisions"}],"predecessor-version":[{"id":1844,"href":"http:\/\/www.nadaciakrestanskaobnova.sk\/index.php?rest_route=\/wp\/v2\/pages\/1835\/revisions\/1844"}],"wp:attachment":[{"href":"http:\/\/www.nadaciakrestanskaobnova.sk\/index.php?rest_route=%2Fwp%2Fv2%2Fmedia&parent=1835"}],"curies":[{"name":"wp","href":"https:\/\/api.w.org\/{rel}","templated":true}]}}