{"id":1851,"date":"2020-07-06T21:17:56","date_gmt":"2020-07-06T19:17:56","guid":{"rendered":"http:\/\/www.nadaciakrestanskaobnova.sk\/?page_id=1851"},"modified":"2020-07-13T18:01:05","modified_gmt":"2020-07-13T16:01:05","slug":"brigada-a-zborovy-den-lucky-pri-kremnici","status":"publish","type":"page","link":"http:\/\/www.nadaciakrestanskaobnova.sk\/?page_id=1851","title":{"rendered":"Brig\u00e1da a zborov\u00fd de\u0148 &#8211; L\u00fa\u010dky pri Kremnici"},"content":{"rendered":"<p>Mil\u00ed bratia a sestry v Je\u017ei\u0161ovi Kristovi,<\/p>\n<p>v posunutom term\u00edne v d\u0148och 4. a 5. 7. 2020 sa stretlo na\u0161e spolo\u010denstvo na pr\u00edjemnej brig\u00e1de a na zborovom dni CZ ECAV Kremnica a dc\u00e9rocirkvi zo \u017diaru nad Hronom.<\/p>\n<p>\u010eakujeme v\u0161etk\u00fdm, \u010do sa z\u00fa\u010dastnili a podporili na spolo\u010denstvo.<\/p>\n<p>Brig\u00e1da 04.07.2020<\/p>\n<p><a href=\"http:\/\/www.nadaciakrestanskaobnova.sk\/wp-content\/uploads\/2020\/07\/IMG_20200704_090052-scaled.jpg\" target=\"_blank\" rel=\"noopener noreferrer\"><img loading=\"lazy\" decoding=\"async\" class=\"alignnone wp-image-1852 size-thumbnail\" src=\"http:\/\/www.nadaciakrestanskaobnova.sk\/wp-content\/uploads\/2020\/07\/IMG_20200704_090052-150x150.jpg\" alt=\"\" width=\"150\" height=\"150\" \/><\/a> <a href=\"http:\/\/www.nadaciakrestanskaobnova.sk\/wp-content\/uploads\/2020\/07\/IMG_20200704_090101-scaled.jpg\" target=\"_blank\" rel=\"noopener noreferrer\"><img loading=\"lazy\" decoding=\"async\" class=\"alignnone wp-image-1853 size-thumbnail\" src=\"http:\/\/www.nadaciakrestanskaobnova.sk\/wp-content\/uploads\/2020\/07\/IMG_20200704_090101-150x150.jpg\" alt=\"\" width=\"150\" height=\"150\" \/><\/a> <a href=\"http:\/\/www.nadaciakrestanskaobnova.sk\/wp-content\/uploads\/2020\/07\/IMG_20200704_090658-scaled.jpg\" target=\"_blank\" rel=\"noopener noreferrer\"><img loading=\"lazy\" decoding=\"async\" class=\"alignnone wp-image-1854 size-thumbnail\" src=\"http:\/\/www.nadaciakrestanskaobnova.sk\/wp-content\/uploads\/2020\/07\/IMG_20200704_090658-150x150.jpg\" alt=\"\" width=\"150\" height=\"150\" \/><\/a> <a href=\"http:\/\/www.nadaciakrestanskaobnova.sk\/wp-content\/uploads\/2020\/07\/IMG_20200704_100739-scaled.jpg\" target=\"_blank\" rel=\"noopener noreferrer\"><img loading=\"lazy\" decoding=\"async\" class=\"alignnone wp-image-1855 size-thumbnail\" src=\"http:\/\/www.nadaciakrestanskaobnova.sk\/wp-content\/uploads\/2020\/07\/IMG_20200704_100739-150x150.jpg\" alt=\"\" width=\"150\" height=\"150\" \/><\/a> <a href=\"http:\/\/www.nadaciakrestanskaobnova.sk\/wp-content\/uploads\/2020\/07\/IMG_20200704_100750-scaled.jpg\" target=\"_blank\" rel=\"noopener noreferrer\"><img loading=\"lazy\" decoding=\"async\" class=\"alignnone wp-image-1856 size-thumbnail\" src=\"http:\/\/www.nadaciakrestanskaobnova.sk\/wp-content\/uploads\/2020\/07\/IMG_20200704_100750-150x150.jpg\" alt=\"\" width=\"150\" height=\"150\" \/><\/a> <a href=\"http:\/\/www.nadaciakrestanskaobnova.sk\/wp-content\/uploads\/2020\/07\/IMG_20200704_100806-scaled.jpg\" target=\"_blank\" rel=\"noopener noreferrer\"><img loading=\"lazy\" decoding=\"async\" class=\"alignnone wp-image-1857 size-thumbnail\" src=\"http:\/\/www.nadaciakrestanskaobnova.sk\/wp-content\/uploads\/2020\/07\/IMG_20200704_100806-150x150.jpg\" alt=\"\" width=\"150\" height=\"150\" \/><\/a> <a href=\"http:\/\/www.nadaciakrestanskaobnova.sk\/wp-content\/uploads\/2020\/07\/IMG_20200704_100905-scaled.jpg\" target=\"_blank\" rel=\"noopener noreferrer\"><img loading=\"lazy\" decoding=\"async\" class=\"alignnone wp-image-1858 size-thumbnail\" src=\"http:\/\/www.nadaciakrestanskaobnova.sk\/wp-content\/uploads\/2020\/07\/IMG_20200704_100905-150x150.jpg\" alt=\"\" width=\"150\" height=\"150\" \/><\/a> <a href=\"http:\/\/www.nadaciakrestanskaobnova.sk\/wp-content\/uploads\/2020\/07\/IMG_20200704_110811-scaled.jpg\" target=\"_blank\" rel=\"noopener noreferrer\"><img loading=\"lazy\" decoding=\"async\" class=\"alignnone wp-image-1860 size-thumbnail\" src=\"http:\/\/www.nadaciakrestanskaobnova.sk\/wp-content\/uploads\/2020\/07\/IMG_20200704_110811-150x150.jpg\" alt=\"\" width=\"150\" height=\"150\" \/><\/a> <a href=\"http:\/\/www.nadaciakrestanskaobnova.sk\/wp-content\/uploads\/2020\/07\/IMG_20200704_110832-scaled.jpg\" target=\"_blank\" rel=\"noopener noreferrer\"><img loading=\"lazy\" decoding=\"async\" class=\"alignnone wp-image-1861 size-thumbnail\" src=\"http:\/\/www.nadaciakrestanskaobnova.sk\/wp-content\/uploads\/2020\/07\/IMG_20200704_110832-150x150.jpg\" alt=\"\" width=\"150\" height=\"150\" \/><\/a> <a href=\"http:\/\/www.nadaciakrestanskaobnova.sk\/wp-content\/uploads\/2020\/07\/IMG_20200704_112036-scaled.jpg\" target=\"_blank\" rel=\"noopener noreferrer\"><img loading=\"lazy\" decoding=\"async\" class=\"alignnone wp-image-1862 size-thumbnail\" src=\"http:\/\/www.nadaciakrestanskaobnova.sk\/wp-content\/uploads\/2020\/07\/IMG_20200704_112036-150x150.jpg\" alt=\"\" width=\"150\" height=\"150\" \/><\/a> <a href=\"http:\/\/www.nadaciakrestanskaobnova.sk\/wp-content\/uploads\/2020\/07\/IMG-20200706-WA0021.jpg\" target=\"_blank\" rel=\"noopener noreferrer\"><img loading=\"lazy\" decoding=\"async\" class=\"alignnone wp-image-1865 size-thumbnail\" src=\"http:\/\/www.nadaciakrestanskaobnova.sk\/wp-content\/uploads\/2020\/07\/IMG-20200706-WA0021-150x150.jpg\" alt=\"\" width=\"150\" height=\"150\" \/><\/a> <a href=\"http:\/\/www.nadaciakrestanskaobnova.sk\/wp-content\/uploads\/2020\/07\/IMG-20200706-WA0022.jpg\" target=\"_blank\" rel=\"noopener noreferrer\"><img loading=\"lazy\" decoding=\"async\" class=\"alignnone wp-image-1866 size-thumbnail\" src=\"http:\/\/www.nadaciakrestanskaobnova.sk\/wp-content\/uploads\/2020\/07\/IMG-20200706-WA0022-150x150.jpg\" alt=\"\" width=\"150\" height=\"150\" \/><\/a> <a href=\"http:\/\/www.nadaciakrestanskaobnova.sk\/wp-content\/uploads\/2020\/07\/IMG-20200706-WA0023.jpg\" target=\"_blank\" rel=\"noopener noreferrer\"><img loading=\"lazy\" decoding=\"async\" class=\"alignnone wp-image-1867 size-thumbnail\" src=\"http:\/\/www.nadaciakrestanskaobnova.sk\/wp-content\/uploads\/2020\/07\/IMG-20200706-WA0023-150x150.jpg\" alt=\"\" width=\"150\" height=\"150\" \/><\/a> <a href=\"http:\/\/www.nadaciakrestanskaobnova.sk\/wp-content\/uploads\/2020\/07\/IMG-20200706-WA0024.jpg\" target=\"_blank\" rel=\"noopener noreferrer\"><img loading=\"lazy\" decoding=\"async\" class=\"alignnone wp-image-1868 size-thumbnail\" src=\"http:\/\/www.nadaciakrestanskaobnova.sk\/wp-content\/uploads\/2020\/07\/IMG-20200706-WA0024-150x150.jpg\" alt=\"\" width=\"150\" height=\"150\" \/><\/a> <a href=\"http:\/\/www.nadaciakrestanskaobnova.sk\/wp-content\/uploads\/2020\/07\/IMG-20200706-WA0026.jpg\" target=\"_blank\" rel=\"noopener noreferrer\"><img loading=\"lazy\" decoding=\"async\" class=\"alignnone wp-image-1870 size-thumbnail\" src=\"http:\/\/www.nadaciakrestanskaobnova.sk\/wp-content\/uploads\/2020\/07\/IMG-20200706-WA0026-150x150.jpg\" alt=\"\" width=\"150\" height=\"150\" \/><\/a> <a href=\"http:\/\/www.nadaciakrestanskaobnova.sk\/wp-content\/uploads\/2020\/07\/IMG-20200706-WA0027.jpg\" target=\"_blank\" rel=\"noopener noreferrer\"><img loading=\"lazy\" decoding=\"async\" class=\"alignnone wp-image-1871 size-thumbnail\" src=\"http:\/\/www.nadaciakrestanskaobnova.sk\/wp-content\/uploads\/2020\/07\/IMG-20200706-WA0027-150x150.jpg\" alt=\"\" width=\"150\" height=\"150\" \/><\/a> <a href=\"http:\/\/www.nadaciakrestanskaobnova.sk\/wp-content\/uploads\/2020\/07\/IMG-20200706-WA0028.jpg\" target=\"_blank\" rel=\"noopener noreferrer\"><img loading=\"lazy\" decoding=\"async\" class=\"alignnone wp-image-1872 size-thumbnail\" src=\"http:\/\/www.nadaciakrestanskaobnova.sk\/wp-content\/uploads\/2020\/07\/IMG-20200706-WA0028-150x150.jpg\" alt=\"\" width=\"150\" height=\"150\" \/><\/a> <a href=\"http:\/\/www.nadaciakrestanskaobnova.sk\/wp-content\/uploads\/2020\/07\/IMG-20200706-WA0029.jpg\" target=\"_blank\" rel=\"noopener noreferrer\"><img loading=\"lazy\" decoding=\"async\" class=\"alignnone wp-image-1873 size-thumbnail\" src=\"http:\/\/www.nadaciakrestanskaobnova.sk\/wp-content\/uploads\/2020\/07\/IMG-20200706-WA0029-150x150.jpg\" alt=\"\" width=\"150\" height=\"150\" \/><\/a> <a href=\"http:\/\/www.nadaciakrestanskaobnova.sk\/wp-content\/uploads\/2020\/07\/IMG-20200706-WA0030.jpg\" target=\"_blank\" rel=\"noopener noreferrer\"><img loading=\"lazy\" decoding=\"async\" class=\"alignnone wp-image-1874 size-thumbnail\" src=\"http:\/\/www.nadaciakrestanskaobnova.sk\/wp-content\/uploads\/2020\/07\/IMG-20200706-WA0030-150x150.jpg\" alt=\"\" width=\"150\" height=\"150\" \/><\/a> <a href=\"http:\/\/www.nadaciakrestanskaobnova.sk\/wp-content\/uploads\/2020\/07\/IMG-20200706-WA0031.jpg\" target=\"_blank\" rel=\"noopener noreferrer\"><img loading=\"lazy\" decoding=\"async\" class=\"alignnone wp-image-1875 size-thumbnail\" src=\"http:\/\/www.nadaciakrestanskaobnova.sk\/wp-content\/uploads\/2020\/07\/IMG-20200706-WA0031-150x150.jpg\" alt=\"\" width=\"150\" height=\"150\" \/><\/a> <a href=\"http:\/\/www.nadaciakrestanskaobnova.sk\/wp-content\/uploads\/2020\/07\/IMG-20200706-WA0032.jpg\" target=\"_blank\" rel=\"noopener noreferrer\"><img loading=\"lazy\" decoding=\"async\" class=\"alignnone wp-image-1876 size-thumbnail\" src=\"http:\/\/www.nadaciakrestanskaobnova.sk\/wp-content\/uploads\/2020\/07\/IMG-20200706-WA0032-150x150.jpg\" alt=\"\" width=\"150\" height=\"150\" \/><\/a> <a href=\"http:\/\/www.nadaciakrestanskaobnova.sk\/wp-content\/uploads\/2020\/07\/IMG-20200706-WA0033.jpg\" target=\"_blank\" rel=\"noopener noreferrer\"><img loading=\"lazy\" decoding=\"async\" class=\"alignnone wp-image-1877 size-thumbnail\" src=\"http:\/\/www.nadaciakrestanskaobnova.sk\/wp-content\/uploads\/2020\/07\/IMG-20200706-WA0033-150x150.jpg\" alt=\"\" width=\"150\" height=\"150\" \/><\/a> <a href=\"http:\/\/www.nadaciakrestanskaobnova.sk\/wp-content\/uploads\/2020\/07\/IMG-20200706-WA0034.jpg\" target=\"_blank\" rel=\"noopener noreferrer\"><img loading=\"lazy\" decoding=\"async\" class=\"alignnone wp-image-1878 size-thumbnail\" src=\"http:\/\/www.nadaciakrestanskaobnova.sk\/wp-content\/uploads\/2020\/07\/IMG-20200706-WA0034-150x150.jpg\" alt=\"\" width=\"150\" height=\"150\" \/><\/a> <a href=\"http:\/\/www.nadaciakrestanskaobnova.sk\/wp-content\/uploads\/2020\/07\/IMG-20200706-WA0035.jpg\" target=\"_blank\" rel=\"noopener noreferrer\"><img loading=\"lazy\" decoding=\"async\" class=\"alignnone wp-image-1879 size-thumbnail\" src=\"http:\/\/www.nadaciakrestanskaobnova.sk\/wp-content\/uploads\/2020\/07\/IMG-20200706-WA0035-150x150.jpg\" alt=\"\" width=\"150\" height=\"150\" \/><\/a> <a href=\"http:\/\/www.nadaciakrestanskaobnova.sk\/wp-content\/uploads\/2020\/07\/IMG-20200706-WA0036.jpg\" target=\"_blank\" rel=\"noopener noreferrer\"><img loading=\"lazy\" decoding=\"async\" class=\"alignnone wp-image-1880 size-thumbnail\" src=\"http:\/\/www.nadaciakrestanskaobnova.sk\/wp-content\/uploads\/2020\/07\/IMG-20200706-WA0036-150x150.jpg\" alt=\"\" width=\"150\" height=\"150\" \/><\/a> <a href=\"http:\/\/www.nadaciakrestanskaobnova.sk\/wp-content\/uploads\/2020\/07\/IMG-20200706-WA0037.jpg\" target=\"_blank\" rel=\"noopener noreferrer\"><img loading=\"lazy\" decoding=\"async\" class=\"alignnone wp-image-1881 size-thumbnail\" src=\"http:\/\/www.nadaciakrestanskaobnova.sk\/wp-content\/uploads\/2020\/07\/IMG-20200706-WA0037-150x150.jpg\" alt=\"\" width=\"150\" height=\"150\" \/><\/a> <a href=\"http:\/\/www.nadaciakrestanskaobnova.sk\/wp-content\/uploads\/2020\/07\/IMG-20200706-WA0038.jpg\" target=\"_blank\" rel=\"noopener noreferrer\"><img loading=\"lazy\" decoding=\"async\" class=\"alignnone wp-image-1882 size-thumbnail\" src=\"http:\/\/www.nadaciakrestanskaobnova.sk\/wp-content\/uploads\/2020\/07\/IMG-20200706-WA0038-150x150.jpg\" alt=\"\" width=\"150\" height=\"150\" \/><\/a> <a href=\"http:\/\/www.nadaciakrestanskaobnova.sk\/wp-content\/uploads\/2020\/07\/IMG-20200706-WA0039.jpg\" target=\"_blank\" rel=\"noopener noreferrer\"><img loading=\"lazy\" decoding=\"async\" class=\"alignnone wp-image-1883 size-thumbnail\" src=\"http:\/\/www.nadaciakrestanskaobnova.sk\/wp-content\/uploads\/2020\/07\/IMG-20200706-WA0039-150x150.jpg\" alt=\"\" width=\"150\" height=\"150\" \/><\/a> <a href=\"http:\/\/www.nadaciakrestanskaobnova.sk\/wp-content\/uploads\/2020\/07\/IMG-20200706-WA0040.jpg\" target=\"_blank\" rel=\"noopener noreferrer\"><img loading=\"lazy\" decoding=\"async\" class=\"alignnone wp-image-1884 size-thumbnail\" src=\"http:\/\/www.nadaciakrestanskaobnova.sk\/wp-content\/uploads\/2020\/07\/IMG-20200706-WA0040-150x150.jpg\" alt=\"\" width=\"150\" height=\"150\" \/><\/a> <a href=\"http:\/\/www.nadaciakrestanskaobnova.sk\/wp-content\/uploads\/2020\/07\/IMG-20200706-WA0041.jpg\" target=\"_blank\" rel=\"noopener noreferrer\"><img loading=\"lazy\" decoding=\"async\" class=\"alignnone wp-image-1885 size-thumbnail\" src=\"http:\/\/www.nadaciakrestanskaobnova.sk\/wp-content\/uploads\/2020\/07\/IMG-20200706-WA0041-150x150.jpg\" alt=\"\" width=\"150\" height=\"150\" \/><\/a> <a href=\"http:\/\/www.nadaciakrestanskaobnova.sk\/wp-content\/uploads\/2020\/07\/IMG-20200706-WA0042.jpg\" target=\"_blank\" rel=\"noopener noreferrer\"><img loading=\"lazy\" decoding=\"async\" class=\"alignnone wp-image-1886 size-thumbnail\" src=\"http:\/\/www.nadaciakrestanskaobnova.sk\/wp-content\/uploads\/2020\/07\/IMG-20200706-WA0042-150x150.jpg\" alt=\"\" width=\"150\" height=\"150\" \/><\/a><\/p>\n<div style=\"width: 640px;\" class=\"wp-video\"><video class=\"wp-video-shortcode\" id=\"video-1851-1\" width=\"640\" height=\"360\" preload=\"metadata\" controls=\"controls\"><source type=\"video\/mp4\" src=\"http:\/\/www.nadaciakrestanskaobnova.sk\/wp-content\/uploads\/2020\/07\/VID_20200704_100837.mp4?_=1\" \/><a href=\"http:\/\/www.nadaciakrestanskaobnova.sk\/wp-content\/uploads\/2020\/07\/VID_20200704_100837.mp4\">http:\/\/www.nadaciakrestanskaobnova.sk\/wp-content\/uploads\/2020\/07\/VID_20200704_100837.mp4<\/a><\/video><\/div>\n<p><iframe loading=\"lazy\" title=\"VID 20200704 101342\" width=\"640\" height=\"360\" src=\"https:\/\/www.youtube.com\/embed\/yh7PUqZfag4?feature=oembed\" frameborder=\"0\" allow=\"accelerometer; autoplay; clipboard-write; encrypted-media; gyroscope; picture-in-picture; web-share\" referrerpolicy=\"strict-origin-when-cross-origin\" allowfullscreen><\/iframe><\/p>\n<p><iframe loading=\"lazy\" title=\"VID 20200704 112333\" width=\"640\" height=\"360\" src=\"https:\/\/www.youtube.com\/embed\/wos87bZvkf4?feature=oembed\" frameborder=\"0\" allow=\"accelerometer; autoplay; clipboard-write; encrypted-media; gyroscope; picture-in-picture; web-share\" referrerpolicy=\"strict-origin-when-cross-origin\" allowfullscreen><\/iframe><\/p>\n<p>Zborov\u00fd de\u0148 05.07.2020<\/p>\n<p><a href=\"http:\/\/www.nadaciakrestanskaobnova.sk\/wp-content\/uploads\/2020\/07\/P7050085-scaled.jpg\" target=\"_blank\" rel=\"noopener noreferrer\"><img loading=\"lazy\" decoding=\"async\" class=\"alignnone wp-image-1893 size-thumbnail\" src=\"http:\/\/www.nadaciakrestanskaobnova.sk\/wp-content\/uploads\/2020\/07\/P7050085-150x150.jpg\" alt=\"\" width=\"150\" height=\"150\" \/><\/a>\u00a0 <a href=\"http:\/\/www.nadaciakrestanskaobnova.sk\/wp-content\/uploads\/2020\/07\/P7050078-scaled.jpg\" target=\"_blank\" rel=\"noopener noreferrer\"><img loading=\"lazy\" decoding=\"async\" class=\"alignnone wp-image-1899 size-thumbnail\" src=\"http:\/\/www.nadaciakrestanskaobnova.sk\/wp-content\/uploads\/2020\/07\/P7050078-150x150.jpg\" alt=\"\" width=\"150\" height=\"150\" \/><\/a> <a href=\"http:\/\/www.nadaciakrestanskaobnova.sk\/wp-content\/uploads\/2020\/07\/P7050079-scaled.jpg\" target=\"_blank\" rel=\"noopener noreferrer\"><img loading=\"lazy\" decoding=\"async\" class=\"alignnone wp-image-1898 size-thumbnail\" src=\"http:\/\/www.nadaciakrestanskaobnova.sk\/wp-content\/uploads\/2020\/07\/P7050079-150x150.jpg\" alt=\"\" width=\"150\" height=\"150\" \/><\/a><\/p>\n<p><a href=\"http:\/\/www.nadaciakrestanskaobnova.sk\/wp-content\/uploads\/2020\/07\/P7050081-scaled.jpg\" target=\"_blank\" rel=\"noopener noreferrer\"><img loading=\"lazy\" decoding=\"async\" class=\"alignnone wp-image-1896 size-thumbnail\" src=\"http:\/\/www.nadaciakrestanskaobnova.sk\/wp-content\/uploads\/2020\/07\/P7050081-150x150.jpg\" alt=\"\" width=\"150\" height=\"150\" \/><\/a> <a href=\"http:\/\/www.nadaciakrestanskaobnova.sk\/wp-content\/uploads\/2020\/07\/P7050080-scaled.jpg\" target=\"_blank\" rel=\"noopener noreferrer\"><img loading=\"lazy\" decoding=\"async\" class=\"alignnone wp-image-1897 size-thumbnail\" src=\"http:\/\/www.nadaciakrestanskaobnova.sk\/wp-content\/uploads\/2020\/07\/P7050080-150x150.jpg\" alt=\"\" width=\"150\" height=\"150\" \/><\/a> <a href=\"http:\/\/www.nadaciakrestanskaobnova.sk\/wp-content\/uploads\/2020\/07\/P7050087-scaled.jpg\" target=\"_blank\" rel=\"noopener noreferrer\"><img loading=\"lazy\" decoding=\"async\" class=\"alignnone wp-image-1894 size-thumbnail\" src=\"http:\/\/www.nadaciakrestanskaobnova.sk\/wp-content\/uploads\/2020\/07\/P7050087-150x150.jpg\" alt=\"\" width=\"150\" height=\"150\" \/><\/a><\/p>\n<p><a href=\"http:\/\/www.nadaciakrestanskaobnova.sk\/wp-content\/uploads\/2020\/07\/P7050088-scaled.jpg\" target=\"_blank\" rel=\"noopener noreferrer\"><img loading=\"lazy\" decoding=\"async\" class=\"alignnone wp-image-1891 size-thumbnail\" src=\"http:\/\/www.nadaciakrestanskaobnova.sk\/wp-content\/uploads\/2020\/07\/P7050088-150x150.jpg\" alt=\"\" width=\"150\" height=\"150\" \/><\/a><\/p>\n","protected":false},"excerpt":{"rendered":"<p>Mil\u00ed bratia a sestry v Je\u017ei\u0161ovi Kristovi, v posunutom term\u00edne v d\u0148och 4. a 5. 7. 2020 sa stretlo na\u0161e spolo\u010denstvo na pr\u00edjemnej brig\u00e1de a na zborovom dni CZ ECAV Kremnica a dc\u00e9rocirkvi zo \u017diaru nad Hronom. \u010eakujeme v\u0161etk\u00fdm, \u010do &hellip; <a href=\"http:\/\/www.nadaciakrestanskaobnova.sk\/?page_id=1851\">Pokra\u010dova\u0165 v \u010d\u00edtan\u00ed <span class=\"meta-nav\">&rarr;<\/span><\/a><\/p>\n","protected":false},"author":1,"featured_media":0,"parent":0,"menu_order":0,"comment_status":"closed","ping_status":"closed","template":"","meta":{"footnotes":""},"class_list":["post-1851","page","type-page","status-publish","hentry"],"_links":{"self":[{"href":"http:\/\/www.nadaciakrestanskaobnova.sk\/index.php?rest_route=\/wp\/v2\/pages\/1851","targetHints":{"allow":["GET"]}}],"collection":[{"href":"http:\/\/www.nadaciakrestanskaobnova.sk\/index.php?rest_route=\/wp\/v2\/pages"}],"about":[{"href":"http:\/\/www.nadaciakrestanskaobnova.sk\/index.php?rest_route=\/wp\/v2\/types\/page"}],"author":[{"embeddable":true,"href":"http:\/\/www.nadaciakrestanskaobnova.sk\/index.php?rest_route=\/wp\/v2\/users\/1"}],"replies":[{"embeddable":true,"href":"http:\/\/www.nadaciakrestanskaobnova.sk\/index.php?rest_route=%2Fwp%2Fv2%2Fcomments&post=1851"}],"version-history":[{"count":3,"href":"http:\/\/www.nadaciakrestanskaobnova.sk\/index.php?rest_route=\/wp\/v2\/pages\/1851\/revisions"}],"predecessor-version":[{"id":1900,"href":"http:\/\/www.nadaciakrestanskaobnova.sk\/index.php?rest_route=\/wp\/v2\/pages\/1851\/revisions\/1900"}],"wp:attachment":[{"href":"http:\/\/www.nadaciakrestanskaobnova.sk\/index.php?rest_route=%2Fwp%2Fv2%2Fmedia&parent=1851"}],"curies":[{"name":"wp","href":"https:\/\/api.w.org\/{rel}","templated":true}]}}