{"id":2,"date":"2016-01-25T11:26:17","date_gmt":"2016-01-25T09:26:17","guid":{"rendered":"http:\/\/www.nadaciakrestanskaobnova.sk\/?page_id=2"},"modified":"2020-11-30T21:54:01","modified_gmt":"2020-11-30T19:54:01","slug":"ukazka-strany","status":"publish","type":"page","link":"http:\/\/www.nadaciakrestanskaobnova.sk\/?page_id=2","title":{"rendered":"S\u00favisiace str\u00e1nky"},"content":{"rendered":"<ul>\n<li>\n<h4><a href=\"http:\/\/www.ecav.sk\" target=\"_blank\" rel=\"noopener noreferrer\">Evanjelick\u00e1 a.v. cirkev<\/a><\/h4>\n<\/li>\n<li>\n<h4><a href=\"http:\/\/www.minv.sk\/?informacie-o-registracii\" target=\"_blank\" rel=\"nofollow noopener noreferrer\">Ministerstvo vn\u00fatra SR<\/a><\/h4>\n<\/li>\n<li>\n<h4><a href=\"http:\/\/www.evanjelik.sk\/\" target=\"_blank\" rel=\"nofollow noopener noreferrer\">Evanjelik.sk<\/a><\/h4>\n<\/li>\n<li>\n<h4><a href=\"http:\/\/www.cpf.sk\/sk\/o-nas\/\" target=\"_blank\" rel=\"nofollow noopener noreferrer\">Centrum pre filantropiu<\/a><\/h4>\n<\/li>\n<li>\n<h4><a href=\"http:\/\/www.ziar.sk\" target=\"_blank\" rel=\"noopener noreferrer\">ziar.sk<\/a><\/h4>\n<\/li>\n<li>\n<h4><a href=\"http:\/\/www.planetarium.sk\" target=\"_blank\" rel=\"noopener noreferrer\">www.planetarium.sk<\/a><\/h4>\n<\/li>\n<li>\n<h4><a href=\"http:\/\/www.tvziar.tv\" target=\"_blank\" rel=\"noopener noreferrer\">www.tvziar.tv<\/a><\/h4>\n<\/li>\n<li>\n<h4><a href=\"http:\/\/www.itretisektor.sk\/uvod\" target=\"_blank\" rel=\"noopener noreferrer\">Centr\u00e1lny port\u00e1l pre neziskov\u00fd sektor<\/a><\/h4>\n<\/li>\n<\/ul>\n<ul>\n<li>\n<h4><a href=\"http:\/\/www.ustreps.sk\/\" target=\"_blank\" rel=\"noopener noreferrer\">\u00dastredie ekumenickej pastora\u010dnej slu\u017eby v OS SR a OZ SR<\/a><\/h4>\n<\/li>\n<li>\n<h4><a href=\"http:\/\/www.evanjelickajednota.sk\/\" target=\"_blank\" rel=\"noopener noreferrer\">Evanjelick\u00e1 jednota o.z. Ko\u0161ice<\/a><\/h4>\n<\/li>\n<li>\n<h4><a href=\"http:\/\/www.stluketoronto.com\/\" target=\"_blank\" rel=\"noopener noreferrer\">Cirkevn\u00fd zbor Sv.Luk\u00e1\u0161a v Toronte<\/a><\/h4>\n<\/li>\n<\/ul>\n","protected":false},"excerpt":{"rendered":"<p>Evanjelick\u00e1 a.v. cirkev Ministerstvo vn\u00fatra SR Evanjelik.sk Centrum pre filantropiu ziar.sk www.planetarium.sk www.tvziar.tv Centr\u00e1lny port\u00e1l pre neziskov\u00fd sektor \u00dastredie ekumenickej pastora\u010dnej slu\u017eby v OS SR a OZ SR Evanjelick\u00e1 jednota o.z. Ko\u0161ice Cirkevn\u00fd zbor Sv.Luk\u00e1\u0161a v Toronte<\/p>\n","protected":false},"author":1,"featured_media":0,"parent":0,"menu_order":0,"comment_status":"closed","ping_status":"open","template":"","meta":{"footnotes":""},"class_list":["post-2","page","type-page","status-publish","hentry"],"_links":{"self":[{"href":"http:\/\/www.nadaciakrestanskaobnova.sk\/index.php?rest_route=\/wp\/v2\/pages\/2","targetHints":{"allow":["GET"]}}],"collection":[{"href":"http:\/\/www.nadaciakrestanskaobnova.sk\/index.php?rest_route=\/wp\/v2\/pages"}],"about":[{"href":"http:\/\/www.nadaciakrestanskaobnova.sk\/index.php?rest_route=\/wp\/v2\/types\/page"}],"author":[{"embeddable":true,"href":"http:\/\/www.nadaciakrestanskaobnova.sk\/index.php?rest_route=\/wp\/v2\/users\/1"}],"replies":[{"embeddable":true,"href":"http:\/\/www.nadaciakrestanskaobnova.sk\/index.php?rest_route=%2Fwp%2Fv2%2Fcomments&post=2"}],"version-history":[{"count":22,"href":"http:\/\/www.nadaciakrestanskaobnova.sk\/index.php?rest_route=\/wp\/v2\/pages\/2\/revisions"}],"predecessor-version":[{"id":1941,"href":"http:\/\/www.nadaciakrestanskaobnova.sk\/index.php?rest_route=\/wp\/v2\/pages\/2\/revisions\/1941"}],"wp:attachment":[{"href":"http:\/\/www.nadaciakrestanskaobnova.sk\/index.php?rest_route=%2Fwp%2Fv2%2Fmedia&parent=2"}],"curies":[{"name":"wp","href":"https:\/\/api.w.org\/{rel}","templated":true}]}}