{"id":249,"date":"2016-08-10T14:08:13","date_gmt":"2016-08-10T12:08:13","guid":{"rendered":"http:\/\/www.nadaciakrestanskaobnova.sk\/?page_id=249"},"modified":"2016-11-19T12:03:03","modified_gmt":"2016-11-19T10:03:03","slug":"sluzby-bozie-25-12-2015","status":"publish","type":"page","link":"http:\/\/www.nadaciakrestanskaobnova.sk\/?page_id=249","title":{"rendered":"Slu\u017eby Bo\u017eie 25.12.2015"},"content":{"rendered":"<p>S l\u00e1skav\u00fdm s\u00fahlasom autorky Emy Kalam\u00e1rovej a autora Ing. B\u0159etislava Vold\u00e1na<\/p>\n<p><a href=\"http:\/\/www.nadaciakrestanskaobnova.sk\/wp-content\/uploads\/2016\/08\/2016.jpg\" target=\"_blank\"><img loading=\"lazy\" decoding=\"async\" class=\"alignnone wp-image-265 size-medium\" src=\"http:\/\/www.nadaciakrestanskaobnova.sk\/wp-content\/uploads\/2016\/08\/2016-300x206.jpg\" alt=\"2016\" width=\"300\" height=\"206\" srcset=\"http:\/\/www.nadaciakrestanskaobnova.sk\/wp-content\/uploads\/2016\/08\/2016-300x206.jpg 300w, http:\/\/www.nadaciakrestanskaobnova.sk\/wp-content\/uploads\/2016\/08\/2016.jpg 640w\" sizes=\"auto, (max-width: 300px) 100vw, 300px\" \/><\/a><\/p>\n<p><a href=\"http:\/\/www.nadaciakrestanskaobnova.sk\/wp-content\/uploads\/2016\/08\/2000.jpg\" target=\"_blank\"><img loading=\"lazy\" decoding=\"async\" class=\"alignnone wp-image-250 size-medium\" src=\"http:\/\/www.nadaciakrestanskaobnova.sk\/wp-content\/uploads\/2016\/08\/2000-300x200.jpg\" alt=\"2000\" width=\"300\" height=\"200\" srcset=\"http:\/\/www.nadaciakrestanskaobnova.sk\/wp-content\/uploads\/2016\/08\/2000-300x200.jpg 300w, http:\/\/www.nadaciakrestanskaobnova.sk\/wp-content\/uploads\/2016\/08\/2000.jpg 640w\" sizes=\"auto, (max-width: 300px) 100vw, 300px\" \/><\/a> <a href=\"http:\/\/www.nadaciakrestanskaobnova.sk\/wp-content\/uploads\/2016\/08\/2002.jpg\" target=\"_blank\"><img loading=\"lazy\" decoding=\"async\" class=\"alignnone wp-image-252 size-medium\" src=\"http:\/\/www.nadaciakrestanskaobnova.sk\/wp-content\/uploads\/2016\/08\/2002-300x200.jpg\" alt=\"2002\" width=\"300\" height=\"200\" srcset=\"http:\/\/www.nadaciakrestanskaobnova.sk\/wp-content\/uploads\/2016\/08\/2002-300x200.jpg 300w, http:\/\/www.nadaciakrestanskaobnova.sk\/wp-content\/uploads\/2016\/08\/2002.jpg 640w\" sizes=\"auto, (max-width: 300px) 100vw, 300px\" \/><\/a> <a href=\"http:\/\/www.nadaciakrestanskaobnova.sk\/wp-content\/uploads\/2016\/08\/2003.jpg\" target=\"_blank\"><img loading=\"lazy\" decoding=\"async\" class=\"alignnone wp-image-253 size-medium\" src=\"http:\/\/www.nadaciakrestanskaobnova.sk\/wp-content\/uploads\/2016\/08\/2003-300x198.jpg\" alt=\"2003\" width=\"300\" height=\"198\" srcset=\"http:\/\/www.nadaciakrestanskaobnova.sk\/wp-content\/uploads\/2016\/08\/2003-300x198.jpg 300w, http:\/\/www.nadaciakrestanskaobnova.sk\/wp-content\/uploads\/2016\/08\/2003.jpg 640w\" sizes=\"auto, (max-width: 300px) 100vw, 300px\" \/><\/a> <a href=\"http:\/\/www.nadaciakrestanskaobnova.sk\/wp-content\/uploads\/2016\/08\/2004.jpg\" target=\"_blank\"><img loading=\"lazy\" decoding=\"async\" class=\"alignnone wp-image-254 size-medium\" src=\"http:\/\/www.nadaciakrestanskaobnova.sk\/wp-content\/uploads\/2016\/08\/2004-300x200.jpg\" alt=\"2004\" width=\"300\" height=\"200\" srcset=\"http:\/\/www.nadaciakrestanskaobnova.sk\/wp-content\/uploads\/2016\/08\/2004-300x200.jpg 300w, http:\/\/www.nadaciakrestanskaobnova.sk\/wp-content\/uploads\/2016\/08\/2004.jpg 640w\" sizes=\"auto, (max-width: 300px) 100vw, 300px\" \/><\/a> <a href=\"http:\/\/www.nadaciakrestanskaobnova.sk\/wp-content\/uploads\/2016\/08\/2005.jpg\" target=\"_blank\"><img loading=\"lazy\" decoding=\"async\" class=\"alignnone wp-image-255 size-medium\" src=\"http:\/\/www.nadaciakrestanskaobnova.sk\/wp-content\/uploads\/2016\/08\/2005-300x200.jpg\" alt=\"2005\" width=\"300\" height=\"200\" srcset=\"http:\/\/www.nadaciakrestanskaobnova.sk\/wp-content\/uploads\/2016\/08\/2005-300x200.jpg 300w, http:\/\/www.nadaciakrestanskaobnova.sk\/wp-content\/uploads\/2016\/08\/2005.jpg 640w\" sizes=\"auto, (max-width: 300px) 100vw, 300px\" \/><\/a> <a href=\"http:\/\/www.nadaciakrestanskaobnova.sk\/wp-content\/uploads\/2016\/08\/2006.jpg\" target=\"_blank\"><img loading=\"lazy\" decoding=\"async\" class=\"alignnone wp-image-256 size-medium\" src=\"http:\/\/www.nadaciakrestanskaobnova.sk\/wp-content\/uploads\/2016\/08\/2006-300x200.jpg\" alt=\"2006\" width=\"300\" height=\"200\" srcset=\"http:\/\/www.nadaciakrestanskaobnova.sk\/wp-content\/uploads\/2016\/08\/2006-300x200.jpg 300w, http:\/\/www.nadaciakrestanskaobnova.sk\/wp-content\/uploads\/2016\/08\/2006.jpg 640w\" sizes=\"auto, (max-width: 300px) 100vw, 300px\" \/><\/a> <a href=\"http:\/\/www.nadaciakrestanskaobnova.sk\/wp-content\/uploads\/2016\/08\/2007.jpg\" target=\"_blank\"><img loading=\"lazy\" decoding=\"async\" class=\"alignnone wp-image-257 size-medium\" src=\"http:\/\/www.nadaciakrestanskaobnova.sk\/wp-content\/uploads\/2016\/08\/2007-300x200.jpg\" alt=\"2007\" width=\"300\" height=\"200\" srcset=\"http:\/\/www.nadaciakrestanskaobnova.sk\/wp-content\/uploads\/2016\/08\/2007-300x200.jpg 300w, http:\/\/www.nadaciakrestanskaobnova.sk\/wp-content\/uploads\/2016\/08\/2007.jpg 640w\" sizes=\"auto, (max-width: 300px) 100vw, 300px\" \/><\/a> <a href=\"http:\/\/www.nadaciakrestanskaobnova.sk\/wp-content\/uploads\/2016\/08\/2008.jpg\" target=\"_blank\"><img loading=\"lazy\" decoding=\"async\" class=\"alignnone wp-image-258 size-medium\" src=\"http:\/\/www.nadaciakrestanskaobnova.sk\/wp-content\/uploads\/2016\/08\/2008-300x200.jpg\" alt=\"2008\" width=\"300\" height=\"200\" srcset=\"http:\/\/www.nadaciakrestanskaobnova.sk\/wp-content\/uploads\/2016\/08\/2008-300x200.jpg 300w, http:\/\/www.nadaciakrestanskaobnova.sk\/wp-content\/uploads\/2016\/08\/2008.jpg 640w\" sizes=\"auto, (max-width: 300px) 100vw, 300px\" \/><\/a> <a href=\"http:\/\/www.nadaciakrestanskaobnova.sk\/wp-content\/uploads\/2016\/08\/2009.jpg\" target=\"_blank\"><img loading=\"lazy\" decoding=\"async\" class=\"alignnone wp-image-259 size-medium\" src=\"http:\/\/www.nadaciakrestanskaobnova.sk\/wp-content\/uploads\/2016\/08\/2009-240x300.jpg\" alt=\"2009\" width=\"240\" height=\"300\" srcset=\"http:\/\/www.nadaciakrestanskaobnova.sk\/wp-content\/uploads\/2016\/08\/2009-240x300.jpg 240w, http:\/\/www.nadaciakrestanskaobnova.sk\/wp-content\/uploads\/2016\/08\/2009.jpg 480w\" sizes=\"auto, (max-width: 240px) 100vw, 240px\" \/><\/a> <a href=\"http:\/\/www.nadaciakrestanskaobnova.sk\/wp-content\/uploads\/2016\/08\/2010.jpg\" target=\"_blank\"><img loading=\"lazy\" decoding=\"async\" class=\"alignnone wp-image-260 size-medium\" src=\"http:\/\/www.nadaciakrestanskaobnova.sk\/wp-content\/uploads\/2016\/08\/2010-300x202.jpg\" alt=\"2010\" width=\"300\" height=\"202\" srcset=\"http:\/\/www.nadaciakrestanskaobnova.sk\/wp-content\/uploads\/2016\/08\/2010-300x202.jpg 300w, http:\/\/www.nadaciakrestanskaobnova.sk\/wp-content\/uploads\/2016\/08\/2010.jpg 640w\" sizes=\"auto, (max-width: 300px) 100vw, 300px\" \/><\/a> <a href=\"http:\/\/www.nadaciakrestanskaobnova.sk\/wp-content\/uploads\/2016\/08\/2011.jpg\" target=\"_blank\"><img loading=\"lazy\" decoding=\"async\" class=\"alignnone wp-image-261 size-medium\" src=\"http:\/\/www.nadaciakrestanskaobnova.sk\/wp-content\/uploads\/2016\/08\/2011-300x196.jpg\" alt=\"2011\" width=\"300\" height=\"196\" srcset=\"http:\/\/www.nadaciakrestanskaobnova.sk\/wp-content\/uploads\/2016\/08\/2011-300x196.jpg 300w, http:\/\/www.nadaciakrestanskaobnova.sk\/wp-content\/uploads\/2016\/08\/2011.jpg 640w\" sizes=\"auto, (max-width: 300px) 100vw, 300px\" \/><\/a> <a href=\"http:\/\/www.nadaciakrestanskaobnova.sk\/wp-content\/uploads\/2016\/08\/2012.jpg\" target=\"_blank\"><img loading=\"lazy\" decoding=\"async\" class=\"alignnone wp-image-262 size-medium\" src=\"http:\/\/www.nadaciakrestanskaobnova.sk\/wp-content\/uploads\/2016\/08\/2012-300x195.jpg\" alt=\"2012\" width=\"300\" height=\"195\" srcset=\"http:\/\/www.nadaciakrestanskaobnova.sk\/wp-content\/uploads\/2016\/08\/2012-300x195.jpg 300w, http:\/\/www.nadaciakrestanskaobnova.sk\/wp-content\/uploads\/2016\/08\/2012.jpg 640w\" sizes=\"auto, (max-width: 300px) 100vw, 300px\" \/><\/a> <a href=\"http:\/\/www.nadaciakrestanskaobnova.sk\/wp-content\/uploads\/2016\/08\/2013.jpg\" target=\"_blank\"><img loading=\"lazy\" decoding=\"async\" class=\"alignnone wp-image-263 size-medium\" src=\"http:\/\/www.nadaciakrestanskaobnova.sk\/wp-content\/uploads\/2016\/08\/2013-300x203.jpg\" alt=\"2013\" width=\"300\" height=\"203\" srcset=\"http:\/\/www.nadaciakrestanskaobnova.sk\/wp-content\/uploads\/2016\/08\/2013-300x203.jpg 300w, http:\/\/www.nadaciakrestanskaobnova.sk\/wp-content\/uploads\/2016\/08\/2013.jpg 640w\" sizes=\"auto, (max-width: 300px) 100vw, 300px\" \/><\/a> <a href=\"http:\/\/www.nadaciakrestanskaobnova.sk\/wp-content\/uploads\/2016\/08\/2015.jpg\" target=\"_blank\"><img loading=\"lazy\" decoding=\"async\" class=\"alignnone wp-image-264 size-medium\" src=\"http:\/\/www.nadaciakrestanskaobnova.sk\/wp-content\/uploads\/2016\/08\/2015-200x300.jpg\" alt=\"2015\" width=\"200\" height=\"300\" srcset=\"http:\/\/www.nadaciakrestanskaobnova.sk\/wp-content\/uploads\/2016\/08\/2015-200x300.jpg 200w, http:\/\/www.nadaciakrestanskaobnova.sk\/wp-content\/uploads\/2016\/08\/2015.jpg 427w\" sizes=\"auto, (max-width: 200px) 100vw, 200px\" \/><\/a> \u00a0<a href=\"http:\/\/www.nadaciakrestanskaobnova.sk\/wp-content\/uploads\/2016\/08\/2017.jpg\" target=\"_blank\"><img loading=\"lazy\" decoding=\"async\" class=\"alignnone wp-image-266 size-medium\" src=\"http:\/\/www.nadaciakrestanskaobnova.sk\/wp-content\/uploads\/2016\/08\/2017-200x300.jpg\" alt=\"2017\" width=\"200\" height=\"300\" srcset=\"http:\/\/www.nadaciakrestanskaobnova.sk\/wp-content\/uploads\/2016\/08\/2017-200x300.jpg 200w, http:\/\/www.nadaciakrestanskaobnova.sk\/wp-content\/uploads\/2016\/08\/2017.jpg 427w\" sizes=\"auto, (max-width: 200px) 100vw, 200px\" \/><\/a> <a href=\"http:\/\/www.nadaciakrestanskaobnova.sk\/wp-content\/uploads\/2016\/08\/2018.jpg\" target=\"_blank\"><img loading=\"lazy\" decoding=\"async\" class=\"alignnone wp-image-267 size-medium\" src=\"http:\/\/www.nadaciakrestanskaobnova.sk\/wp-content\/uploads\/2016\/08\/2018-200x300.jpg\" alt=\"2018\" width=\"200\" height=\"300\" srcset=\"http:\/\/www.nadaciakrestanskaobnova.sk\/wp-content\/uploads\/2016\/08\/2018-200x300.jpg 200w, http:\/\/www.nadaciakrestanskaobnova.sk\/wp-content\/uploads\/2016\/08\/2018.jpg 427w\" sizes=\"auto, (max-width: 200px) 100vw, 200px\" \/><\/a> <a href=\"http:\/\/www.nadaciakrestanskaobnova.sk\/wp-content\/uploads\/2016\/08\/2019.jpg\" target=\"_blank\"><img loading=\"lazy\" decoding=\"async\" class=\"alignnone wp-image-268 size-medium\" src=\"http:\/\/www.nadaciakrestanskaobnova.sk\/wp-content\/uploads\/2016\/08\/2019-300x200.jpg\" alt=\"2019\" width=\"300\" height=\"200\" srcset=\"http:\/\/www.nadaciakrestanskaobnova.sk\/wp-content\/uploads\/2016\/08\/2019-300x200.jpg 300w, http:\/\/www.nadaciakrestanskaobnova.sk\/wp-content\/uploads\/2016\/08\/2019.jpg 640w\" sizes=\"auto, (max-width: 300px) 100vw, 300px\" \/><\/a> <a href=\"http:\/\/www.nadaciakrestanskaobnova.sk\/wp-content\/uploads\/2016\/08\/2020.jpg\" target=\"_blank\"><img loading=\"lazy\" decoding=\"async\" class=\"alignnone wp-image-269 size-medium\" src=\"http:\/\/www.nadaciakrestanskaobnova.sk\/wp-content\/uploads\/2016\/08\/2020-300x200.jpg\" alt=\"2020\" width=\"300\" height=\"200\" srcset=\"http:\/\/www.nadaciakrestanskaobnova.sk\/wp-content\/uploads\/2016\/08\/2020-300x200.jpg 300w, http:\/\/www.nadaciakrestanskaobnova.sk\/wp-content\/uploads\/2016\/08\/2020.jpg 640w\" sizes=\"auto, (max-width: 300px) 100vw, 300px\" \/><\/a><a href=\"http:\/\/www.nadaciakrestanskaobnova.sk\/wp-content\/uploads\/2016\/07\/SLB2.jpg\" target=\"_blank\"><img loading=\"lazy\" decoding=\"async\" class=\"alignnone wp-image-198 size-medium\" src=\"http:\/\/www.nadaciakrestanskaobnova.sk\/wp-content\/uploads\/2016\/07\/SLB2-300x225.jpg\" width=\"300\" height=\"225\" srcset=\"http:\/\/www.nadaciakrestanskaobnova.sk\/wp-content\/uploads\/2016\/07\/SLB2-300x225.jpg 300w, http:\/\/www.nadaciakrestanskaobnova.sk\/wp-content\/uploads\/2016\/07\/SLB2-768x576.jpg 768w, http:\/\/www.nadaciakrestanskaobnova.sk\/wp-content\/uploads\/2016\/07\/SLB2-1024x768.jpg 1024w\" sizes=\"auto, (max-width: 300px) 100vw, 300px\" \/><\/a><a href=\"http:\/\/www.nadaciakrestanskaobnova.sk\/wp-content\/uploads\/2016\/07\/SLB1.jpg\" target=\"_blank\"><img loading=\"lazy\" decoding=\"async\" class=\"alignnone wp-image-197 size-medium\" src=\"http:\/\/www.nadaciakrestanskaobnova.sk\/wp-content\/uploads\/2016\/07\/SLB1-300x225.jpg\" alt=\"Slu\u017eby Bo\u017eie v nedostavanom ev a.v. kostole v \u017diari nad Hronom\" width=\"300\" height=\"225\" srcset=\"http:\/\/www.nadaciakrestanskaobnova.sk\/wp-content\/uploads\/2016\/07\/SLB1-300x225.jpg 300w, http:\/\/www.nadaciakrestanskaobnova.sk\/wp-content\/uploads\/2016\/07\/SLB1-768x576.jpg 768w, http:\/\/www.nadaciakrestanskaobnova.sk\/wp-content\/uploads\/2016\/07\/SLB1-1024x768.jpg 1024w\" sizes=\"auto, (max-width: 300px) 100vw, 300px\" \/><\/a><\/p>\n","protected":false},"excerpt":{"rendered":"<p>S l\u00e1skav\u00fdm s\u00fahlasom autorky Emy Kalam\u00e1rovej a autora Ing. B\u0159etislava Vold\u00e1na \u00a0<\/p>\n","protected":false},"author":1,"featured_media":251,"parent":57,"menu_order":2,"comment_status":"closed","ping_status":"closed","template":"","meta":{"footnotes":""},"class_list":["post-249","page","type-page","status-publish","has-post-thumbnail","hentry"],"_links":{"self":[{"href":"http:\/\/www.nadaciakrestanskaobnova.sk\/index.php?rest_route=\/wp\/v2\/pages\/249","targetHints":{"allow":["GET"]}}],"collection":[{"href":"http:\/\/www.nadaciakrestanskaobnova.sk\/index.php?rest_route=\/wp\/v2\/pages"}],"about":[{"href":"http:\/\/www.nadaciakrestanskaobnova.sk\/index.php?rest_route=\/wp\/v2\/types\/page"}],"author":[{"embeddable":true,"href":"http:\/\/www.nadaciakrestanskaobnova.sk\/index.php?rest_route=\/wp\/v2\/users\/1"}],"replies":[{"embeddable":true,"href":"http:\/\/www.nadaciakrestanskaobnova.sk\/index.php?rest_route=%2Fwp%2Fv2%2Fcomments&post=249"}],"version-history":[{"count":8,"href":"http:\/\/www.nadaciakrestanskaobnova.sk\/index.php?rest_route=\/wp\/v2\/pages\/249\/revisions"}],"predecessor-version":[{"id":444,"href":"http:\/\/www.nadaciakrestanskaobnova.sk\/index.php?rest_route=\/wp\/v2\/pages\/249\/revisions\/444"}],"up":[{"embeddable":true,"href":"http:\/\/www.nadaciakrestanskaobnova.sk\/index.php?rest_route=\/wp\/v2\/pages\/57"}],"wp:featuredmedia":[{"embeddable":true,"href":"http:\/\/www.nadaciakrestanskaobnova.sk\/index.php?rest_route=\/wp\/v2\/media\/251"}],"wp:attachment":[{"href":"http:\/\/www.nadaciakrestanskaobnova.sk\/index.php?rest_route=%2Fwp%2Fv2%2Fmedia&parent=249"}],"curies":[{"name":"wp","href":"https:\/\/api.w.org\/{rel}","templated":true}]}}