{"id":285,"date":"2016-08-10T14:28:42","date_gmt":"2016-08-10T12:28:42","guid":{"rendered":"http:\/\/www.nadaciakrestanskaobnova.sk\/?page_id=285"},"modified":"2016-11-19T12:05:03","modified_gmt":"2016-11-19T10:05:03","slug":"navsteva-rev-dr-dusana-totha-z-toronta","status":"publish","type":"page","link":"http:\/\/www.nadaciakrestanskaobnova.sk\/?page_id=285","title":{"rendered":"N\u00e1v\u0161teva rev. Dr. Du\u0161ana T\u00f3tha z Toronta 07.06.2015"},"content":{"rendered":"<div id=\"attachment_233\" style=\"width: 310px\" class=\"wp-caption alignnone\"><a href=\"http:\/\/www.nadaciakrestanskaobnova.sk\/wp-content\/uploads\/2016\/07\/NavRevToth_2015-06-07-12.08.06.jpg\" target=\"_blank\"><img loading=\"lazy\" decoding=\"async\" aria-describedby=\"caption-attachment-233\" class=\"wp-image-233 size-medium\" src=\"http:\/\/www.nadaciakrestanskaobnova.sk\/wp-content\/uploads\/2016\/07\/NavRevToth_2015-06-07-12.08.06-300x225.jpg\" alt=\"N\u00e1v\u0161teva a vyst\u00fapenie pri Slu\u017eb\u00e1ch Bo\u017e\u00edch re. Du\u0161ana T\u00f3tha z Toronta\/Kanada\" width=\"300\" height=\"225\" srcset=\"http:\/\/www.nadaciakrestanskaobnova.sk\/wp-content\/uploads\/2016\/07\/NavRevToth_2015-06-07-12.08.06-300x225.jpg 300w, http:\/\/www.nadaciakrestanskaobnova.sk\/wp-content\/uploads\/2016\/07\/NavRevToth_2015-06-07-12.08.06-768x576.jpg 768w, http:\/\/www.nadaciakrestanskaobnova.sk\/wp-content\/uploads\/2016\/07\/NavRevToth_2015-06-07-12.08.06-1024x768.jpg 1024w, http:\/\/www.nadaciakrestanskaobnova.sk\/wp-content\/uploads\/2016\/07\/NavRevToth_2015-06-07-12.08.06.jpg 2048w\" sizes=\"auto, (max-width: 300px) 100vw, 300px\" \/><\/a><p id=\"caption-attachment-233\" class=\"wp-caption-text\">N\u00e1v\u0161teva a vyst\u00fapenie pri Slu\u017eb\u00e1ch Bo\u017e\u00edch rev. Du\u0161ana T\u00f3tha z Toronta\/Kanada-7.6.2015<\/p><\/div>\n<p><a href=\"http:\/\/www.nadaciakrestanskaobnova.sk\/wp-content\/uploads\/2016\/07\/NavRevToth1_2015-06-07-12.07.45.jpg\" target=\"_blank\"><img loading=\"lazy\" decoding=\"async\" class=\"alignnone wp-image-234 size-medium\" src=\"http:\/\/www.nadaciakrestanskaobnova.sk\/wp-content\/uploads\/2016\/07\/NavRevToth1_2015-06-07-12.07.45-225x300.jpg\" width=\"225\" height=\"300\" srcset=\"http:\/\/www.nadaciakrestanskaobnova.sk\/wp-content\/uploads\/2016\/07\/NavRevToth1_2015-06-07-12.07.45-225x300.jpg 225w, http:\/\/www.nadaciakrestanskaobnova.sk\/wp-content\/uploads\/2016\/07\/NavRevToth1_2015-06-07-12.07.45-768x1024.jpg 768w, http:\/\/www.nadaciakrestanskaobnova.sk\/wp-content\/uploads\/2016\/07\/NavRevToth1_2015-06-07-12.07.45.jpg 1536w\" sizes=\"auto, (max-width: 225px) 100vw, 225px\" \/><\/a><\/p>\n","protected":false},"excerpt":{"rendered":"","protected":false},"author":1,"featured_media":0,"parent":57,"menu_order":1,"comment_status":"closed","ping_status":"closed","template":"","meta":{"footnotes":""},"class_list":["post-285","page","type-page","status-publish","hentry"],"_links":{"self":[{"href":"http:\/\/www.nadaciakrestanskaobnova.sk\/index.php?rest_route=\/wp\/v2\/pages\/285","targetHints":{"allow":["GET"]}}],"collection":[{"href":"http:\/\/www.nadaciakrestanskaobnova.sk\/index.php?rest_route=\/wp\/v2\/pages"}],"about":[{"href":"http:\/\/www.nadaciakrestanskaobnova.sk\/index.php?rest_route=\/wp\/v2\/types\/page"}],"author":[{"embeddable":true,"href":"http:\/\/www.nadaciakrestanskaobnova.sk\/index.php?rest_route=\/wp\/v2\/users\/1"}],"replies":[{"embeddable":true,"href":"http:\/\/www.nadaciakrestanskaobnova.sk\/index.php?rest_route=%2Fwp%2Fv2%2Fcomments&post=285"}],"version-history":[{"count":5,"href":"http:\/\/www.nadaciakrestanskaobnova.sk\/index.php?rest_route=\/wp\/v2\/pages\/285\/revisions"}],"predecessor-version":[{"id":445,"href":"http:\/\/www.nadaciakrestanskaobnova.sk\/index.php?rest_route=\/wp\/v2\/pages\/285\/revisions\/445"}],"up":[{"embeddable":true,"href":"http:\/\/www.nadaciakrestanskaobnova.sk\/index.php?rest_route=\/wp\/v2\/pages\/57"}],"wp:attachment":[{"href":"http:\/\/www.nadaciakrestanskaobnova.sk\/index.php?rest_route=%2Fwp%2Fv2%2Fmedia&parent=285"}],"curies":[{"name":"wp","href":"https:\/\/api.w.org\/{rel}","templated":true}]}}