{"id":354,"date":"2016-08-30T21:02:28","date_gmt":"2016-08-30T19:02:28","guid":{"rendered":"http:\/\/www.nadaciakrestanskaobnova.sk\/?page_id=354"},"modified":"2016-11-12T23:00:39","modified_gmt":"2016-11-12T21:00:39","slug":"354-2","status":"publish","type":"page","link":"http:\/\/www.nadaciakrestanskaobnova.sk\/?page_id=354","title":{"rendered":"Portr\u00e9ty \u00faspe\u0161n\u00fdch Slov\u00e1kov vo svete"},"content":{"rendered":"<p>S l\u00e1skav\u00fdm s\u00fahlasom autorov man\u017eelov Val\u00e9rie a Du\u0161ana T\u00f3thov\u00fdch<\/p>\n<div id=\"attachment_355\" style=\"width: 186px\" class=\"wp-caption alignleft\"><a href=\"http:\/\/www.nadaciakrestanskaobnova.sk\/wp-content\/uploads\/2016\/08\/V_DT.jpg\" target=\"_blank\"><img loading=\"lazy\" decoding=\"async\" aria-describedby=\"caption-attachment-355\" class=\"wp-image-355\" src=\"http:\/\/www.nadaciakrestanskaobnova.sk\/wp-content\/uploads\/2016\/08\/V_DT-300x200.jpg\" alt=\"\u00a9 Du\u0161an Kittler\" width=\"176\" height=\"117\" srcset=\"http:\/\/www.nadaciakrestanskaobnova.sk\/wp-content\/uploads\/2016\/08\/V_DT-300x200.jpg 300w, http:\/\/www.nadaciakrestanskaobnova.sk\/wp-content\/uploads\/2016\/08\/V_DT-768x512.jpg 768w, http:\/\/www.nadaciakrestanskaobnova.sk\/wp-content\/uploads\/2016\/08\/V_DT.jpg 980w\" sizes=\"auto, (max-width: 176px) 100vw, 176px\" \/><\/a><p id=\"caption-attachment-355\" class=\"wp-caption-text\">\u00a9 Du\u0161an Kittler<\/p><\/div>\n<p>&nbsp;<\/p>\n<p>&nbsp;<\/p>\n<p>&nbsp;<\/p>\n<p>&nbsp;<\/p>\n<p>&nbsp;<\/p>\n<p><a href=\"http:\/\/www.ecav.sk\/?p=SvZ\/SvZ_oznamy\/dusantoth_a_jeho_manzelka_si_prevzali_cenu_europskej_unie_umenia\" target=\"_blank\">Du\u0161an T\u00f3th a jeho man\u017eelka Val\u00e9ria T\u00f3thov\u00e1 si prevzali cenu Eur\u00f3pskej \u00fanie umenia<\/a><\/p>\n<p><a href=\"http:\/\/www.rtvs.sk\/radio\/archiv\/11436\/233744?__hsfp=1314462730&amp;__hssc=45742459.1.1412640000932&amp;__hstc=45742459.b5514756f51aad28a6d480b0896ec071.1412640000929.1412640000930.1412640000931.1ord%3Ddtord%3Ddt\" target=\"_blank\"><br \/>\nRozhovor s Val\u00e9riou T\u00f3thovou v rel\u00e1cii RTVS &#8222;No\u010dn\u00e1 pyram\u00edda&#8220; zo d\u0148a 18.06.2015<\/a><\/p>\n<p>&nbsp;<\/p>\n<h3 style=\"text-align: justify;\"><strong><em><span style=\"text-decoration: underline; color: #008000;\">Predstavujeme niektor\u00e9 z diel man\u017eelov T\u00f3thov\u00fdch:<\/span><\/em><\/strong><\/h3>\n<h2><em><strong>J\u00e1n Valach<\/strong><\/em><\/h2>\n<p><a href=\"http:\/\/www.nadaciakrestanskaobnova.sk\/wp-content\/uploads\/2016\/08\/CovertextValach.jpg\" target=\"_blank\"><img loading=\"lazy\" decoding=\"async\" class=\"alignnone wp-image-418 size-thumbnail\" src=\"http:\/\/www.nadaciakrestanskaobnova.sk\/wp-content\/uploads\/2016\/08\/CovertextValach-150x150.jpg\" alt=\"covertextvalach\" width=\"150\" height=\"150\" \/><\/a><\/p>\n<p>https:\/\/youtu.be\/L2aQDrXzSzE<\/p>\n<h2><\/h2>\n<h2><em><strong>Ondrej\u00a0Duda<\/strong><\/em><\/h2>\n<p><a href=\"http:\/\/www.nadaciakrestanskaobnova.sk\/wp-content\/uploads\/2016\/08\/CovertextDuda.jpg\" target=\"_blank\"><img loading=\"lazy\" decoding=\"async\" class=\"alignnone wp-image-422 size-thumbnail\" src=\"http:\/\/www.nadaciakrestanskaobnova.sk\/wp-content\/uploads\/2016\/08\/CovertextDuda-150x150.jpg\" alt=\"covertextduda\" width=\"150\" height=\"150\" \/><\/a><\/p>\n<p>https:\/\/youtu.be\/GJH7jiuFqgE<\/p>\n<h2><\/h2>\n<h2><strong><em>Ing. Arch. Valeri\u00e1n Stra\u017eovec<\/em><\/strong><\/h2>\n<p><a href=\"http:\/\/www.nadaciakrestanskaobnova.sk\/wp-content\/uploads\/2016\/08\/Strazovec_covertext.jpg\" target=\"_blank\" rel=\"http:\/\/www.nadaciakrestanskaobnova.sk\/wp-content\/uploads\/2016\/08\/Strazovec_covertext.jpg\"><img loading=\"lazy\" decoding=\"async\" class=\"alignnone wp-image-405 size-medium\" src=\"http:\/\/www.nadaciakrestanskaobnova.sk\/wp-content\/uploads\/2016\/08\/Strazovec_covertext-291x300.jpg\" alt=\"strazovec_covertext\" width=\"291\" height=\"300\" srcset=\"http:\/\/www.nadaciakrestanskaobnova.sk\/wp-content\/uploads\/2016\/08\/Strazovec_covertext-291x300.jpg 291w, http:\/\/www.nadaciakrestanskaobnova.sk\/wp-content\/uploads\/2016\/08\/Strazovec_covertext-768x791.jpg 768w, http:\/\/www.nadaciakrestanskaobnova.sk\/wp-content\/uploads\/2016\/08\/Strazovec_covertext-995x1024.jpg 995w, http:\/\/www.nadaciakrestanskaobnova.sk\/wp-content\/uploads\/2016\/08\/Strazovec_covertext.jpg 1088w\" sizes=\"auto, (max-width: 291px) 100vw, 291px\" \/><\/a><\/p>\n<p>https:\/\/youtu.be\/ZCBbKBtLOmA<\/p>\n<p>&nbsp;<\/p>\n<p><strong><em>Tibor Spitz<\/em><\/strong><\/p>\n<p><a href=\"http:\/\/www.nadaciakrestanskaobnova.sk\/wp-content\/uploads\/2016\/08\/CovertextSpitz-1.jpg\" target=\"_blank\"><img loading=\"lazy\" decoding=\"async\" class=\"alignnone wp-image-416 size-thumbnail\" src=\"http:\/\/www.nadaciakrestanskaobnova.sk\/wp-content\/uploads\/2016\/08\/CovertextSpitz-1-150x150.jpg\" alt=\"covertextspitz\" width=\"150\" height=\"150\" \/><\/a><\/p>\n<p>https:\/\/youtu.be\/4F_XuJK_W-I<\/p>\n<p>&nbsp;<\/p>\n","protected":false},"excerpt":{"rendered":"<p>S l\u00e1skav\u00fdm s\u00fahlasom autorov man\u017eelov Val\u00e9rie a Du\u0161ana T\u00f3thov\u00fdch &nbsp; &nbsp; &nbsp; &nbsp; &nbsp; Du\u0161an T\u00f3th a jeho man\u017eelka Val\u00e9ria T\u00f3thov\u00e1 si prevzali cenu Eur\u00f3pskej \u00fanie umenia Rozhovor s Val\u00e9riou T\u00f3thovou v rel\u00e1cii RTVS &#8222;No\u010dn\u00e1 pyram\u00edda&#8220; zo d\u0148a 18.06.2015 &nbsp; &hellip; <a href=\"http:\/\/www.nadaciakrestanskaobnova.sk\/?page_id=354\">Pokra\u010dova\u0165 v \u010d\u00edtan\u00ed <span class=\"meta-nav\">&rarr;<\/span><\/a><\/p>\n","protected":false},"author":1,"featured_media":0,"parent":285,"menu_order":2,"comment_status":"closed","ping_status":"closed","template":"","meta":{"footnotes":""},"class_list":["post-354","page","type-page","status-publish","hentry"],"_links":{"self":[{"href":"http:\/\/www.nadaciakrestanskaobnova.sk\/index.php?rest_route=\/wp\/v2\/pages\/354","targetHints":{"allow":["GET"]}}],"collection":[{"href":"http:\/\/www.nadaciakrestanskaobnova.sk\/index.php?rest_route=\/wp\/v2\/pages"}],"about":[{"href":"http:\/\/www.nadaciakrestanskaobnova.sk\/index.php?rest_route=\/wp\/v2\/types\/page"}],"author":[{"embeddable":true,"href":"http:\/\/www.nadaciakrestanskaobnova.sk\/index.php?rest_route=\/wp\/v2\/users\/1"}],"replies":[{"embeddable":true,"href":"http:\/\/www.nadaciakrestanskaobnova.sk\/index.php?rest_route=%2Fwp%2Fv2%2Fcomments&post=354"}],"version-history":[{"count":33,"href":"http:\/\/www.nadaciakrestanskaobnova.sk\/index.php?rest_route=\/wp\/v2\/pages\/354\/revisions"}],"predecessor-version":[{"id":442,"href":"http:\/\/www.nadaciakrestanskaobnova.sk\/index.php?rest_route=\/wp\/v2\/pages\/354\/revisions\/442"}],"up":[{"embeddable":true,"href":"http:\/\/www.nadaciakrestanskaobnova.sk\/index.php?rest_route=\/wp\/v2\/pages\/285"}],"wp:attachment":[{"href":"http:\/\/www.nadaciakrestanskaobnova.sk\/index.php?rest_route=%2Fwp%2Fv2%2Fmedia&parent=354"}],"curies":[{"name":"wp","href":"https:\/\/api.w.org\/{rel}","templated":true}]}}