{"id":720,"date":"2017-05-19T21:00:58","date_gmt":"2017-05-19T19:00:58","guid":{"rendered":"http:\/\/www.nadaciakrestanskaobnova.sk\/?page_id=720"},"modified":"2017-05-19T22:06:55","modified_gmt":"2017-05-19T20:06:55","slug":"sluzby-bozie-na-4-nedelu-po-velkej-noci-na-den-matiek-14-maj-2017","status":"publish","type":"page","link":"http:\/\/www.nadaciakrestanskaobnova.sk\/?page_id=720","title":{"rendered":"Slu\u017eby Bo\u017eie na 4. nede\u013eu po Ve\u013ekej noci na De\u0148 matiek &#8211; 14. m\u00e1j 2017"},"content":{"rendered":"<h1><span style=\"color: #000000;\"><em>Cantate<\/em><\/span><\/h1>\n<p>K\u00e1ze\u0148 brata far\u00e1ra Jozefa Paceka<\/p>\n<audio class=\"wp-audio-shortcode\" id=\"audio-720-1\" preload=\"none\" style=\"width: 100%;\" controls=\"controls\"><source type=\"audio\/mpeg\" src=\"http:\/\/www.nadaciakrestanskaobnova.sk\/wp-content\/uploads\/2017\/05\/DSCN0503.mp3?_=1\" \/><a href=\"http:\/\/www.nadaciakrestanskaobnova.sk\/wp-content\/uploads\/2017\/05\/DSCN0503.mp3\">http:\/\/www.nadaciakrestanskaobnova.sk\/wp-content\/uploads\/2017\/05\/DSCN0503.mp3<\/a><\/audio>\n<p>Po\u010fakovanie mam\u00e1m<\/p>\n<p><iframe loading=\"lazy\" title=\"DM14052017\" width=\"640\" height=\"360\" src=\"https:\/\/www.youtube.com\/embed\/ZoE36YQzMQc?feature=oembed\" frameborder=\"0\" allow=\"accelerometer; autoplay; clipboard-write; encrypted-media; gyroscope; picture-in-picture; web-share\" referrerpolicy=\"strict-origin-when-cross-origin\" allowfullscreen><\/iframe><\/p>\n","protected":false},"excerpt":{"rendered":"<p>Cantate K\u00e1ze\u0148 brata far\u00e1ra Jozefa Paceka Po\u010fakovanie mam\u00e1m<\/p>\n","protected":false},"author":1,"featured_media":0,"parent":57,"menu_order":0,"comment_status":"closed","ping_status":"closed","template":"","meta":{"footnotes":""},"class_list":["post-720","page","type-page","status-publish","hentry"],"_links":{"self":[{"href":"http:\/\/www.nadaciakrestanskaobnova.sk\/index.php?rest_route=\/wp\/v2\/pages\/720","targetHints":{"allow":["GET"]}}],"collection":[{"href":"http:\/\/www.nadaciakrestanskaobnova.sk\/index.php?rest_route=\/wp\/v2\/pages"}],"about":[{"href":"http:\/\/www.nadaciakrestanskaobnova.sk\/index.php?rest_route=\/wp\/v2\/types\/page"}],"author":[{"embeddable":true,"href":"http:\/\/www.nadaciakrestanskaobnova.sk\/index.php?rest_route=\/wp\/v2\/users\/1"}],"replies":[{"embeddable":true,"href":"http:\/\/www.nadaciakrestanskaobnova.sk\/index.php?rest_route=%2Fwp%2Fv2%2Fcomments&post=720"}],"version-history":[{"count":8,"href":"http:\/\/www.nadaciakrestanskaobnova.sk\/index.php?rest_route=\/wp\/v2\/pages\/720\/revisions"}],"predecessor-version":[{"id":732,"href":"http:\/\/www.nadaciakrestanskaobnova.sk\/index.php?rest_route=\/wp\/v2\/pages\/720\/revisions\/732"}],"up":[{"embeddable":true,"href":"http:\/\/www.nadaciakrestanskaobnova.sk\/index.php?rest_route=\/wp\/v2\/pages\/57"}],"wp:attachment":[{"href":"http:\/\/www.nadaciakrestanskaobnova.sk\/index.php?rest_route=%2Fwp%2Fv2%2Fmedia&parent=720"}],"curies":[{"name":"wp","href":"https:\/\/api.w.org\/{rel}","templated":true}]}}