{"id":752,"date":"2017-06-06T20:26:28","date_gmt":"2017-06-06T18:26:28","guid":{"rendered":"http:\/\/www.nadaciakrestanskaobnova.sk\/?page_id=752"},"modified":"2017-06-06T20:26:28","modified_gmt":"2017-06-06T18:26:28","slug":"zborovy-den-lucky-4-6-2017","status":"publish","type":"page","link":"http:\/\/www.nadaciakrestanskaobnova.sk\/?page_id=752","title":{"rendered":"Zborov\u00fd de\u0148 &#8211; L\u00fa\u010dky 4.6.2017"},"content":{"rendered":"<p>Stretnutie veriacich vo sviatok zoslania Ducha Sv\u00e4t\u00e9ho v Evanjelickom kostole v L\u00fa\u010dkach 04.06.2017<\/p>\n<p><iframe loading=\"lazy\" title=\"ZDLucky040617\" width=\"640\" height=\"360\" src=\"https:\/\/www.youtube.com\/embed\/DQHre5lY9nI?feature=oembed\" frameborder=\"0\" allow=\"accelerometer; autoplay; clipboard-write; encrypted-media; gyroscope; picture-in-picture; web-share\" referrerpolicy=\"strict-origin-when-cross-origin\" allowfullscreen><\/iframe><\/p>\n<p>&nbsp;<\/p>\n<p>&nbsp;<\/p>\n<p>K\u00e1ze\u0148\u00a0p\u00e1na far\u00e1ra Jozefa Paceka na\u00a0 1. sl\u00e1vnos\u0165 sv\u00e4todu\u0161n\u00fa \u2013 na 50. de\u0148 po Ve\u013ekej noci \u2013 Zoslanie Ducha Sv\u00e4t\u00e9ho; vznik kres\u0165anskej cirkvi<\/p>\n<audio class=\"wp-audio-shortcode\" id=\"audio-752-1\" preload=\"none\" style=\"width: 100%;\" controls=\"controls\"><source type=\"audio\/mpeg\" src=\"http:\/\/www.nadaciakrestanskaobnova.sk\/wp-content\/uploads\/2017\/06\/Hlas-003_sd.m4a?_=1\" \/><a href=\"http:\/\/www.nadaciakrestanskaobnova.sk\/wp-content\/uploads\/2017\/06\/Hlas-003_sd.m4a\">http:\/\/www.nadaciakrestanskaobnova.sk\/wp-content\/uploads\/2017\/06\/Hlas-003_sd.m4a<\/a><\/audio>\n","protected":false},"excerpt":{"rendered":"<p>Stretnutie veriacich vo sviatok zoslania Ducha Sv\u00e4t\u00e9ho v Evanjelickom kostole v L\u00fa\u010dkach 04.06.2017 &nbsp; &nbsp; K\u00e1ze\u0148\u00a0p\u00e1na far\u00e1ra Jozefa Paceka na\u00a0 1. sl\u00e1vnos\u0165 sv\u00e4todu\u0161n\u00fa \u2013 na 50. de\u0148 po Ve\u013ekej noci \u2013 Zoslanie Ducha Sv\u00e4t\u00e9ho; vznik kres\u0165anskej cirkvi<\/p>\n","protected":false},"author":1,"featured_media":0,"parent":57,"menu_order":0,"comment_status":"closed","ping_status":"closed","template":"","meta":{"footnotes":""},"class_list":["post-752","page","type-page","status-publish","hentry"],"_links":{"self":[{"href":"http:\/\/www.nadaciakrestanskaobnova.sk\/index.php?rest_route=\/wp\/v2\/pages\/752","targetHints":{"allow":["GET"]}}],"collection":[{"href":"http:\/\/www.nadaciakrestanskaobnova.sk\/index.php?rest_route=\/wp\/v2\/pages"}],"about":[{"href":"http:\/\/www.nadaciakrestanskaobnova.sk\/index.php?rest_route=\/wp\/v2\/types\/page"}],"author":[{"embeddable":true,"href":"http:\/\/www.nadaciakrestanskaobnova.sk\/index.php?rest_route=\/wp\/v2\/users\/1"}],"replies":[{"embeddable":true,"href":"http:\/\/www.nadaciakrestanskaobnova.sk\/index.php?rest_route=%2Fwp%2Fv2%2Fcomments&post=752"}],"version-history":[{"count":2,"href":"http:\/\/www.nadaciakrestanskaobnova.sk\/index.php?rest_route=\/wp\/v2\/pages\/752\/revisions"}],"predecessor-version":[{"id":755,"href":"http:\/\/www.nadaciakrestanskaobnova.sk\/index.php?rest_route=\/wp\/v2\/pages\/752\/revisions\/755"}],"up":[{"embeddable":true,"href":"http:\/\/www.nadaciakrestanskaobnova.sk\/index.php?rest_route=\/wp\/v2\/pages\/57"}],"wp:attachment":[{"href":"http:\/\/www.nadaciakrestanskaobnova.sk\/index.php?rest_route=%2Fwp%2Fv2%2Fmedia&parent=752"}],"curies":[{"name":"wp","href":"https:\/\/api.w.org\/{rel}","templated":true}]}}