{"id":870,"date":"2017-10-15T20:59:14","date_gmt":"2017-10-15T18:59:14","guid":{"rendered":"http:\/\/www.nadaciakrestanskaobnova.sk\/?page_id=870"},"modified":"2018-10-15T23:21:03","modified_gmt":"2018-10-15T21:21:03","slug":"slavnost-posviacky-novostavby-ev-a-v-chramu-bozieho-v-ziari-nad-hronom","status":"publish","type":"page","link":"http:\/\/www.nadaciakrestanskaobnova.sk\/?page_id=870","title":{"rendered":""},"content":{"rendered":"<h2 style=\"text-align: center;\"><img loading=\"lazy\" decoding=\"async\" class=\"wp-image-877 aligncenter\" style=\"font-size: 16px;\" src=\"http:\/\/www.nadaciakrestanskaobnova.sk\/wp-content\/uploads\/2017\/10\/images-150x150.jpg\" alt=\"\" width=\"88\" height=\"89\" srcset=\"http:\/\/www.nadaciakrestanskaobnova.sk\/wp-content\/uploads\/2017\/10\/images-150x150.jpg 150w, http:\/\/www.nadaciakrestanskaobnova.sk\/wp-content\/uploads\/2017\/10\/images.jpg 224w\" sizes=\"auto, (max-width: 88px) 100vw, 88px\" \/>\u00a0 \u00a0<em><span style=\"color: #339966;\">Sl\u00e1vnos\u0165 posviacky novostavby<\/span><\/em><\/h2>\n<h2 style=\"text-align: center;\"><em><span style=\"color: #339966;\">Ev. a.v.\u00a0<\/span><\/em><em><span style=\"color: #339966;\">chr\u00e1mu Bo\u017eieho<\/span><\/em><\/h2>\n<h2 style=\"text-align: center;\"><em><span style=\"color: #339966;\"> v \u017diari nad Hronom<\/span><\/em><\/h2>\n<p style=\"text-align: center;\"><span style=\"color: #008080;\">Bratia a sestry v Je\u017ei\u0161ovi Kristovi !<\/span><\/p>\n<p style=\"text-align: center;\"><span style=\"color: #008080;\">Cirkevn\u00fd zbor Evanjelickej cirkvi a. v. na Slovensku Kremnica, <\/span><\/p>\n<p style=\"text-align: center;\"><span style=\"color: #008080;\">ako i dc\u00e9rocirkev\u00a0 v \u017diari nad Hronom a Nad\u00e1cia Kres\u0165ansk\u00e1 obnova v \u017diari nad Hronom<\/span><\/p>\n<h2 style=\"text-align: center;\"><em><span style=\"color: #339966;\"><strong>V\u00e1m<\/strong><\/span><span style=\"color: #339966;\"><strong> s hrdos\u0165ou oznamuj\u00fa, \u017ee<\/strong><\/span><\/em><\/h2>\n<h3 style=\"text-align: center;\"><strong>sa v nede\u013eu, 29. okt\u00f3bra 2017\u00a0<\/strong><\/h3>\n<h3 style=\"text-align: center;\"><em><span style=\"color: #339966;\"><strong>uskuto\u010dnil\u00a0 sl\u00e1vnostn\u00fd akt posviacky<\/strong>\u00a0<\/span><\/em><\/h3>\n<p style=\"text-align: center;\"><em><span style=\"color: #339966;\"><strong>nov\u00e9ho Evanjelick\u00e9ho a. v. chr\u00e1mu Bo\u017eieho\u00a0v\u00a0\u017diari nad Hronom.<\/strong><\/span><\/em><\/p>\n<p>&nbsp;<\/p>\n<p><span style=\"color: #0000ff;\">Sprievodn\u00e9 podujatia:<\/span><\/p>\n<p><span style=\"color: #0000ff;\">piatok, 27. okt\u00f3ber \u2013 <a href=\"http:\/\/www.nadaciakrestanskaobnova.sk\/?page_id=977\" target=\"_blank\" rel=\"noopener\">Modlitby Taiz\u00e9<\/a> o\u00a018:00 hod.<\/span><br \/>\n<span style=\"color: #0000ff;\"> sobota, 28. okt\u00f3ber \u2013 spove\u010f a Ve\u010dera P\u00e1nova o\u00a017:00 hod. &#8211; prisluhoval\u00a0 brat far\u00e1r CZ Partiz\u00e1nska \u013dup\u010da Mgr. J\u00e1n Mol\u010dan<\/span><\/p>\n<audio class=\"wp-audio-shortcode\" id=\"audio-870-1\" preload=\"none\" style=\"width: 100%;\" controls=\"controls\"><source type=\"audio\/mpeg\" src=\"http:\/\/www.nadaciakrestanskaobnova.sk\/wp-content\/uploads\/2017\/10\/Hlas-009_sd.mp3?_=1\" \/><a href=\"http:\/\/www.nadaciakrestanskaobnova.sk\/wp-content\/uploads\/2017\/10\/Hlas-009_sd.mp3\">http:\/\/www.nadaciakrestanskaobnova.sk\/wp-content\/uploads\/2017\/10\/Hlas-009_sd.mp3<\/a><\/audio>\n<p>&nbsp;<\/p>\n<p><span style=\"color: #0000ff;\">nede\u013ea 29. okt\u00f3ber \u2013 sl\u00e1vnostn\u00e9 slu\u017eby Bo\u017eie o\u00a011:00 hod.<\/span><\/p>\n<p><span style=\"color: #0000ff;\">\u2013 posviacal: Mgr. Milan Krivda, biskup ZD ECAV na Slovensku<\/span><br \/>\n<span style=\"color: #0000ff;\"> \u2013 k\u00e1zal:\u00a0 \u00a0 \u00a0 \u00a0 \u00a0Mgr. Milo\u0161 Kl\u00e1tik, gener\u00e1lny biskup ECAV na Slovensku<\/span><\/p>\n<p><span style=\"color: #0000ff;\">nede\u013ea, 29. okt\u00f3ber \u2013 duchovn\u00e9 p\u00e1smo slova a\u00a0hudby o\u00a016:00 hod.<\/span><\/p>\n<p><iframe loading=\"lazy\" title=\"Koncert 29.10.2017\" width=\"640\" height=\"360\" src=\"https:\/\/www.youtube.com\/embed\/H1ZoAiatdmA?feature=oembed\" frameborder=\"0\" allow=\"accelerometer; autoplay; clipboard-write; encrypted-media; gyroscope; picture-in-picture; web-share\" referrerpolicy=\"strict-origin-when-cross-origin\" allowfullscreen><\/iframe><\/p>\n<p><span style=\"color: #0000ff;\">\u2013 \u00fa\u010dinkovali:\u00a0 MgA. Janko Siroma, PhD.<\/span><br \/>\n<span style=\"color: #0000ff;\">\u00a0 \u00a0 \u00a0 \u00a0 \u00a0 \u00a0 \u00a0 \u00a0 \u00a0 \u00a0 \u00a0 \u00a0 \u00a0Mgr. Nikola Ni\u017en\u00edk<\/span><br \/>\n<span style=\"color: #0000ff;\">\u00a0 \u00a0 \u00a0 \u00a0 \u00a0 \u00a0 \u00a0 \u00a0 \u00a0 \u00a0 \u00a0 \u00a0 \u00a0Martina Pap\u00e1nkov\u00e1<\/span><br \/>\n<span style=\"color: #0000ff;\">\u00a0 \u00a0 \u00a0 \u00a0 \u00a0 \u00a0 \u00a0 \u00a0 \u00a0 \u00a0 \u00a0 \u00a0 \u00a0Mgr. Jozef Pacek<\/span><\/p>\n<p>T\u00fdmto sa chceme po\u010fakova\u0165 v\u0161etk\u00fdm, ktor\u00ed ak\u00fdmko\u013evek svoj\u00edm pri\u010dinen\u00edm prispeli k dosiahnutiu tohto Bohu mil\u00e9ho cie\u013ea.<\/p>\n<p>Medzi prv\u00e9 patr\u00ed po\u010fakovanie p\u00e1novi far\u00e1rovi Mgr . Jozefovi Pacekovi. Jeho \u00fasilie pre naplnenie tohto cie\u013ea bolo enormn\u00e9,\u00a0za \u010do mu toto obrovsk\u00e9 po\u010fakovanie pr\u00e1vom patr\u00ed.<br \/>\n\u010eakujeme v\u0161etk\u00fdm nemenovan\u00fdm, ktor\u00ed svojou pr\u00e1cou a pomocou prispeli k zdarn\u00e9mu priebehu a zav\u0155\u0161eniu posv\u00e4tenia Evanjelick\u00e9ho a.v. chr\u00e1mu Bo\u017eieho\u00a0v \u017diari nad Hronom.<br \/>\n\u010eakujeme!<br \/>\n\u010clenovia Nad\u00e1cie Kres\u0165ansk\u00e1 obnova.<\/p>\n<hr \/>\n<h5><em><span style=\"color: #99cc00;\">CZ ECAV na Slovensku Kremnica,\u00a0 Pavla Kri\u017eku 394\/12, 967 01 Kremnica<\/span><\/em><\/h5>\n<h5><em><span style=\"color: #99cc00;\">a dc\u00e9rocirkev v \u017diari nad Hronom<\/span><\/em><\/h5>\n<h5><em><span style=\"color: #99cc00;\">Nad\u00e1cia Kres\u0165ansk\u00e1 obnova, Sl\u00e1dkovi\u010dova 16\/60, 965 01 \u017diar nad Hronom<\/span><\/em><\/h5>\n<hr \/>\n<p><a href=\"http:\/\/www.nadaciakrestanskaobnova.sk\/wp-content\/uploads\/2017\/10\/kostol1.jpg\" target=\"_blank\" rel=\"noopener\"><img loading=\"lazy\" decoding=\"async\" class=\"alignnone wp-image-881 size-thumbnail\" src=\"http:\/\/www.nadaciakrestanskaobnova.sk\/wp-content\/uploads\/2017\/10\/kostol1-150x150.jpg\" alt=\"\" width=\"150\" height=\"150\" \/><\/a>\u00a0 \u00a0 \u00a0\u00a0<a href=\"http:\/\/www.nadaciakrestanskaobnova.sk\/wp-content\/uploads\/2017\/10\/kostol.jpg\" target=\"_blank\" rel=\"noopener\"><img loading=\"lazy\" decoding=\"async\" class=\"alignnone wp-image-880 size-thumbnail\" src=\"http:\/\/www.nadaciakrestanskaobnova.sk\/wp-content\/uploads\/2017\/10\/kostol-150x150.jpg\" alt=\"\" width=\"150\" height=\"150\" \/><\/a><img loading=\"lazy\" decoding=\"async\" class=\"alignnone wp-image-952\" style=\"font-size: 12px;\" src=\"http:\/\/www.nadaciakrestanskaobnova.sk\/wp-content\/uploads\/2017\/10\/plagat-kostol-2-150x150.jpg\" alt=\"\" width=\"150\" height=\"150\" \/><\/p>\n<p><a href=\"https:\/\/myziar.sme.sk\/c\/20684607\/po-rokoch-cakania-maju-ziarski-evanjelici-vlastny-kostol-foto.html\" target=\"_blank\" rel=\"noopener\">https:\/\/myziar.sme.sk\/c\/20684607\/po-rokoch-cakania-maju-ziarski-evanjelici-vlastny-kostol-foto.html<\/a><\/p>\n<p><a href=\"http:\/\/www.tvziar.tv\/news.php?extend.7527\" target=\"_blank\" rel=\"noopener\">http:\/\/www.tvziar.tv\/news.php?extend.7527<\/a><\/p>\n<p><a href=\"http:\/\/www.tvziar.tv\/news.php?extend.7541\" target=\"_blank\" rel=\"noopener\">http:\/\/www.tvziar.tv\/news.php?extend.7541<\/a><\/p>\n<p><a href=\"https:\/\/www.rtvs.sk\/televizia\/archiv\/11709\/143286\" target=\"_blank\" rel=\"noopener\">Telev\u00edzny posol: RTVS Dvojka 10.12.2017<\/a><\/p>\n<p><a href=\"http:\/\/www.ecav.sk\/?p=hladaj&amp;search_q=Posviacka&amp;search_t=sprav&amp;beg=70\" target=\"_blank\" rel=\"noopener\">http:\/\/www.ecav.sk\/?p=hladaj&amp;search_q=Posviacka&amp;search_t=sprav&amp;beg=70<\/a><\/p>\n","protected":false},"excerpt":{"rendered":"<p>\u00a0 \u00a0Sl\u00e1vnos\u0165 posviacky novostavby Ev. a.v.\u00a0chr\u00e1mu Bo\u017eieho v \u017diari nad Hronom Bratia a sestry v Je\u017ei\u0161ovi Kristovi ! Cirkevn\u00fd zbor Evanjelickej cirkvi a. v. na Slovensku Kremnica, ako i dc\u00e9rocirkev\u00a0 v \u017diari nad Hronom a Nad\u00e1cia Kres\u0165ansk\u00e1 obnova v \u017diari &hellip; <a href=\"http:\/\/www.nadaciakrestanskaobnova.sk\/?page_id=870\">Pokra\u010dova\u0165 v \u010d\u00edtan\u00ed <span class=\"meta-nav\">&rarr;<\/span><\/a><\/p>\n","protected":false},"author":1,"featured_media":0,"parent":0,"menu_order":0,"comment_status":"closed","ping_status":"closed","template":"","meta":{"footnotes":""},"class_list":["post-870","page","type-page","status-publish","hentry"],"_links":{"self":[{"href":"http:\/\/www.nadaciakrestanskaobnova.sk\/index.php?rest_route=\/wp\/v2\/pages\/870","targetHints":{"allow":["GET"]}}],"collection":[{"href":"http:\/\/www.nadaciakrestanskaobnova.sk\/index.php?rest_route=\/wp\/v2\/pages"}],"about":[{"href":"http:\/\/www.nadaciakrestanskaobnova.sk\/index.php?rest_route=\/wp\/v2\/types\/page"}],"author":[{"embeddable":true,"href":"http:\/\/www.nadaciakrestanskaobnova.sk\/index.php?rest_route=\/wp\/v2\/users\/1"}],"replies":[{"embeddable":true,"href":"http:\/\/www.nadaciakrestanskaobnova.sk\/index.php?rest_route=%2Fwp%2Fv2%2Fcomments&post=870"}],"version-history":[{"count":38,"href":"http:\/\/www.nadaciakrestanskaobnova.sk\/index.php?rest_route=\/wp\/v2\/pages\/870\/revisions"}],"predecessor-version":[{"id":1395,"href":"http:\/\/www.nadaciakrestanskaobnova.sk\/index.php?rest_route=\/wp\/v2\/pages\/870\/revisions\/1395"}],"wp:attachment":[{"href":"http:\/\/www.nadaciakrestanskaobnova.sk\/index.php?rest_route=%2Fwp%2Fv2%2Fmedia&parent=870"}],"curies":[{"name":"wp","href":"https:\/\/api.w.org\/{rel}","templated":true}]}}