{"id":906,"date":"2017-10-16T22:16:10","date_gmt":"2017-10-16T20:16:10","guid":{"rendered":"http:\/\/www.nadaciakrestanskaobnova.sk\/?page_id=906"},"modified":"2017-10-17T08:07:04","modified_gmt":"2017-10-17T06:07:04","slug":"navsteva-z-madarska-07-10-2017","status":"publish","type":"page","link":"http:\/\/www.nadaciakrestanskaobnova.sk\/?page_id=906","title":{"rendered":"N\u00e1v\u0161teva z Ma\u010farska 07.10.2017"},"content":{"rendered":"<p><em><span style=\"color: #800080;\">Sobota 7.10.2017<\/span><\/em><\/p>\n<p><em><span style=\"color: #800080;\"><u>N\u00e1v\u0161teva z Ma\u010farska<\/u><\/span><\/em><\/p>\n<p><u><img loading=\"lazy\" decoding=\"async\" class=\"wp-image-877 alignleft\" src=\"http:\/\/www.nadaciakrestanskaobnova.sk\/wp-content\/uploads\/2017\/10\/images-150x150.jpg\" alt=\"\" width=\"93\" height=\"93\" srcset=\"http:\/\/www.nadaciakrestanskaobnova.sk\/wp-content\/uploads\/2017\/10\/images-150x150.jpg 150w, http:\/\/www.nadaciakrestanskaobnova.sk\/wp-content\/uploads\/2017\/10\/images.jpg 224w\" sizes=\"auto, (max-width: 93px) 100vw, 93px\" \/><\/u><\/p>\n<p style=\"text-align: left;\">Na pozvanie p\u00e1na \u0160tefana Ve\u013ek\u00e9ho,\u00a0 spr\u00e1vcu Nad\u00e1cie Kres\u0165ansk\u00e1 obnova\u00a0 a MUDr. Zuzany Kukol\u00edkovej d\u0148a 7.10.2017 nav\u0161t\u00edvili novostavbu Ev. a. v.\u00a0 kostola v \u017diari nad Hronom\u00a0 Slov\u00e1ci \u017eij\u00faci v Ma\u010farsku.\u00a0 S\u00fa to rod\u00e1ci z ve\u013ekej slovenskej dediny B\u00e1nk a okolia, kde sa st\u00e1le akt\u00edvne udr\u017eiavaj\u00fa aj na\u010falej slovensk\u00e9 zvyky a trad\u00edcie a uchov\u00e1vaj\u00fa sa pre \u010fal\u0161ie gener\u00e1cie.<\/p>\n<p>Prejavili ve\u013ek\u00fd z\u00e1ujem vidie\u0165 novopostaven\u00fd evanjelick\u00fd kostol\u00a0 v \u017diari nad Hronom a vyjadrili ve\u013ek\u00e9 nad\u0161enie\u00a0 a obdiv pre \u013eud\u00ed, ktor\u00ed pomohli k tomuto dielu.<\/p>\n<p>S hist\u00f3riou a za\u010diatkami evanjelickej cirkvi v na\u0161om regi\u00f3ne ich ve\u013emi pekne a p\u00fatavo obozn\u00e1mila pani Borikov\u00e1, spr\u00e1vky\u0148a kostola. Z ma\u010far\u010diny prekladal p\u00e1n \u0160tefan Ve\u013ek\u00fd. Na z\u00e1ver si v\u0161etci aj s p\u00e1nom far\u00e1rom z Ma\u010farska zaspievali n\u00e1bo\u017eensk\u00e9 piesne a pomodlili sa. Po malom ob\u010derstven\u00ed sa po dvoch hodin\u00e1ch v\u0161etci rozl\u00fa\u010dili a pokra\u010dovali vo svojej ceste domov do Ma\u010farska.<\/p>\n<p>T\u00e1to n\u00e1v\u0161teva a z\u00e1rove\u0148 aj ich pozvanie k nim je ve\u013ek\u00fdm prejavom\u00a0 peknej zn\u00e1\u0161anlivosti Slov\u00e1kov a Ma\u010farov \u017eij\u00facich v zahrani\u010d\u00ed a ich s\u00fadr\u017enos\u0165 aj na cirkevnej b\u00e1ze.<\/p>\n<p>Stela Frindtov\u00e1<\/p>\n<p><a href=\"http:\/\/www.nadaciakrestanskaobnova.sk\/wp-content\/uploads\/2017\/10\/IMG_6839.jpg\" target=\"_blank\" rel=\"noopener\"><img loading=\"lazy\" decoding=\"async\" class=\"alignnone wp-image-908 size-thumbnail\" src=\"http:\/\/www.nadaciakrestanskaobnova.sk\/wp-content\/uploads\/2017\/10\/IMG_6839-150x150.jpg\" alt=\"\" width=\"150\" height=\"150\" \/><\/a> <a href=\"http:\/\/www.nadaciakrestanskaobnova.sk\/wp-content\/uploads\/2017\/10\/IMG_6840.jpg\" target=\"_blank\" rel=\"noopener\"><img loading=\"lazy\" decoding=\"async\" class=\"alignnone wp-image-909 size-thumbnail\" src=\"http:\/\/www.nadaciakrestanskaobnova.sk\/wp-content\/uploads\/2017\/10\/IMG_6840-150x150.jpg\" alt=\"\" width=\"150\" height=\"150\" \/><\/a> <a href=\"http:\/\/www.nadaciakrestanskaobnova.sk\/wp-content\/uploads\/2017\/10\/IMG_6852.jpg\" target=\"_blank\" rel=\"noopener\"><img loading=\"lazy\" decoding=\"async\" class=\"alignnone wp-image-910 size-thumbnail\" src=\"http:\/\/www.nadaciakrestanskaobnova.sk\/wp-content\/uploads\/2017\/10\/IMG_6852-150x150.jpg\" alt=\"\" width=\"150\" height=\"150\" \/><\/a> <a href=\"http:\/\/www.nadaciakrestanskaobnova.sk\/wp-content\/uploads\/2017\/10\/IMG_6853.jpg\" target=\"_blank\" rel=\"noopener\"><img loading=\"lazy\" decoding=\"async\" class=\"alignnone wp-image-911 size-thumbnail\" src=\"http:\/\/www.nadaciakrestanskaobnova.sk\/wp-content\/uploads\/2017\/10\/IMG_6853-150x150.jpg\" alt=\"\" width=\"150\" height=\"150\" \/><\/a> <a href=\"http:\/\/www.nadaciakrestanskaobnova.sk\/wp-content\/uploads\/2017\/10\/IMG_6855.jpg\" target=\"_blank\" rel=\"noopener\"><img loading=\"lazy\" decoding=\"async\" class=\"alignnone wp-image-912 size-thumbnail\" src=\"http:\/\/www.nadaciakrestanskaobnova.sk\/wp-content\/uploads\/2017\/10\/IMG_6855-150x150.jpg\" alt=\"\" width=\"150\" height=\"150\" \/><\/a> <a href=\"http:\/\/www.nadaciakrestanskaobnova.sk\/wp-content\/uploads\/2017\/10\/IMG_6856.jpg\" target=\"_blank\" rel=\"noopener\"><img loading=\"lazy\" decoding=\"async\" class=\"alignnone wp-image-913 size-thumbnail\" src=\"http:\/\/www.nadaciakrestanskaobnova.sk\/wp-content\/uploads\/2017\/10\/IMG_6856-150x150.jpg\" alt=\"\" width=\"150\" height=\"150\" \/><\/a> <a href=\"http:\/\/www.nadaciakrestanskaobnova.sk\/wp-content\/uploads\/2017\/10\/IMG_6857.jpg\" target=\"_blank\" rel=\"noopener\"><img loading=\"lazy\" decoding=\"async\" class=\"alignnone wp-image-914 size-thumbnail\" src=\"http:\/\/www.nadaciakrestanskaobnova.sk\/wp-content\/uploads\/2017\/10\/IMG_6857-150x150.jpg\" alt=\"\" width=\"150\" height=\"150\" \/><\/a> <a href=\"http:\/\/www.nadaciakrestanskaobnova.sk\/wp-content\/uploads\/2017\/10\/IMG_6858.jpg\" target=\"_blank\" rel=\"noopener\"><img loading=\"lazy\" decoding=\"async\" class=\"alignnone wp-image-915 size-thumbnail\" src=\"http:\/\/www.nadaciakrestanskaobnova.sk\/wp-content\/uploads\/2017\/10\/IMG_6858-150x150.jpg\" alt=\"\" width=\"150\" height=\"150\" \/><\/a> <a href=\"http:\/\/www.nadaciakrestanskaobnova.sk\/wp-content\/uploads\/2017\/10\/IMG_6859.jpg\" target=\"_blank\" rel=\"noopener\"><img loading=\"lazy\" decoding=\"async\" class=\"alignnone wp-image-916 size-thumbnail\" src=\"http:\/\/www.nadaciakrestanskaobnova.sk\/wp-content\/uploads\/2017\/10\/IMG_6859-150x150.jpg\" alt=\"\" width=\"150\" height=\"150\" \/><\/a> <a href=\"http:\/\/www.nadaciakrestanskaobnova.sk\/wp-content\/uploads\/2017\/10\/IMG_6860.jpg\" target=\"_blank\" rel=\"noopener\"><img loading=\"lazy\" decoding=\"async\" class=\"alignnone wp-image-917 size-thumbnail\" src=\"http:\/\/www.nadaciakrestanskaobnova.sk\/wp-content\/uploads\/2017\/10\/IMG_6860-150x150.jpg\" alt=\"\" width=\"150\" height=\"150\" \/><\/a> <img loading=\"lazy\" decoding=\"async\" class=\"alignnone size-thumbnail wp-image-918\" src=\"http:\/\/www.nadaciakrestanskaobnova.sk\/wp-content\/uploads\/2017\/10\/IMG_6862-150x150.jpg\" alt=\"\" width=\"150\" height=\"150\" \/> <img loading=\"lazy\" decoding=\"async\" class=\"alignnone size-thumbnail wp-image-919\" src=\"http:\/\/www.nadaciakrestanskaobnova.sk\/wp-content\/uploads\/2017\/10\/IMG_6863-150x150.jpg\" alt=\"\" width=\"150\" height=\"150\" \/> <img loading=\"lazy\" decoding=\"async\" class=\"alignnone size-thumbnail wp-image-920\" src=\"http:\/\/www.nadaciakrestanskaobnova.sk\/wp-content\/uploads\/2017\/10\/IMG_6864-150x150.jpg\" alt=\"\" width=\"150\" height=\"150\" \/> <a href=\"http:\/\/www.nadaciakrestanskaobnova.sk\/wp-content\/uploads\/2017\/10\/IMG_6866.jpg\" target=\"_blank\" rel=\"noopener\"><img loading=\"lazy\" decoding=\"async\" class=\"alignnone wp-image-921 size-thumbnail\" src=\"http:\/\/www.nadaciakrestanskaobnova.sk\/wp-content\/uploads\/2017\/10\/IMG_6866-150x150.jpg\" alt=\"\" width=\"150\" height=\"150\" \/><\/a> <a href=\"http:\/\/www.nadaciakrestanskaobnova.sk\/wp-content\/uploads\/2017\/10\/IMG_6870.jpg\" target=\"_blank\" rel=\"noopener\"><img loading=\"lazy\" decoding=\"async\" class=\"alignnone wp-image-922 size-thumbnail\" src=\"http:\/\/www.nadaciakrestanskaobnova.sk\/wp-content\/uploads\/2017\/10\/IMG_6870-150x150.jpg\" alt=\"\" width=\"150\" height=\"150\" \/><\/a> <a href=\"http:\/\/www.nadaciakrestanskaobnova.sk\/wp-content\/uploads\/2017\/10\/IMG_6871.jpg\" target=\"_blank\" rel=\"noopener\"><img loading=\"lazy\" decoding=\"async\" class=\"alignnone wp-image-923 size-thumbnail\" src=\"http:\/\/www.nadaciakrestanskaobnova.sk\/wp-content\/uploads\/2017\/10\/IMG_6871-150x150.jpg\" alt=\"\" width=\"150\" height=\"150\" \/><\/a> <a href=\"http:\/\/www.nadaciakrestanskaobnova.sk\/wp-content\/uploads\/2017\/10\/IMG_6873.jpg\" target=\"_blank\" rel=\"noopener\"><img loading=\"lazy\" decoding=\"async\" class=\"alignnone wp-image-924 size-thumbnail\" src=\"http:\/\/www.nadaciakrestanskaobnova.sk\/wp-content\/uploads\/2017\/10\/IMG_6873-150x150.jpg\" alt=\"\" width=\"150\" height=\"150\" \/><\/a> <a href=\"http:\/\/www.nadaciakrestanskaobnova.sk\/wp-content\/uploads\/2017\/10\/IMG_6874.jpg\" target=\"_blank\" rel=\"noopener\"><img loading=\"lazy\" decoding=\"async\" class=\"alignnone wp-image-925 size-thumbnail\" src=\"http:\/\/www.nadaciakrestanskaobnova.sk\/wp-content\/uploads\/2017\/10\/IMG_6874-150x150.jpg\" alt=\"\" width=\"150\" height=\"150\" \/><\/a> <a href=\"http:\/\/www.nadaciakrestanskaobnova.sk\/wp-content\/uploads\/2017\/10\/IMG_6875.jpg\" target=\"_blank\" rel=\"noopener\"><img loading=\"lazy\" decoding=\"async\" class=\"alignnone wp-image-926 size-thumbnail\" src=\"http:\/\/www.nadaciakrestanskaobnova.sk\/wp-content\/uploads\/2017\/10\/IMG_6875-150x150.jpg\" alt=\"\" width=\"150\" height=\"150\" \/><\/a> <a href=\"http:\/\/www.nadaciakrestanskaobnova.sk\/wp-content\/uploads\/2017\/10\/IMG_6876.jpg\" target=\"_blank\" rel=\"noopener\"><img loading=\"lazy\" decoding=\"async\" class=\"alignnone wp-image-927 size-thumbnail\" src=\"http:\/\/www.nadaciakrestanskaobnova.sk\/wp-content\/uploads\/2017\/10\/IMG_6876-150x150.jpg\" alt=\"\" width=\"150\" height=\"150\" \/><\/a> <a href=\"http:\/\/www.nadaciakrestanskaobnova.sk\/wp-content\/uploads\/2017\/10\/IMG_6877.jpg\" target=\"_blank\" rel=\"noopener\"><img loading=\"lazy\" decoding=\"async\" class=\"alignnone wp-image-928 size-thumbnail\" src=\"http:\/\/www.nadaciakrestanskaobnova.sk\/wp-content\/uploads\/2017\/10\/IMG_6877-150x150.jpg\" alt=\"\" width=\"150\" height=\"150\" \/><\/a> <a href=\"http:\/\/www.nadaciakrestanskaobnova.sk\/wp-content\/uploads\/2017\/10\/IMG_6878.jpg\" target=\"_blank\" rel=\"noopener\"><img loading=\"lazy\" decoding=\"async\" class=\"alignnone wp-image-929 size-thumbnail\" src=\"http:\/\/www.nadaciakrestanskaobnova.sk\/wp-content\/uploads\/2017\/10\/IMG_6878-150x150.jpg\" alt=\"\" width=\"150\" height=\"150\" \/><\/a> <a href=\"http:\/\/www.nadaciakrestanskaobnova.sk\/wp-content\/uploads\/2017\/10\/IMG_6879.jpg\" target=\"_blank\" rel=\"noopener\"><img loading=\"lazy\" decoding=\"async\" class=\"alignnone wp-image-930 size-thumbnail\" src=\"http:\/\/www.nadaciakrestanskaobnova.sk\/wp-content\/uploads\/2017\/10\/IMG_6879-150x150.jpg\" alt=\"\" width=\"150\" height=\"150\" \/><\/a> <a href=\"http:\/\/www.nadaciakrestanskaobnova.sk\/wp-content\/uploads\/2017\/10\/IMG_6880.jpg\" target=\"_blank\" rel=\"noopener\"><img loading=\"lazy\" decoding=\"async\" class=\"alignnone wp-image-931 size-thumbnail\" src=\"http:\/\/www.nadaciakrestanskaobnova.sk\/wp-content\/uploads\/2017\/10\/IMG_6880-150x150.jpg\" alt=\"\" width=\"150\" height=\"150\" \/><\/a> <a href=\"http:\/\/www.nadaciakrestanskaobnova.sk\/wp-content\/uploads\/2017\/10\/IMG_6881.jpg\" target=\"_blank\" rel=\"noopener\"><img loading=\"lazy\" decoding=\"async\" class=\"alignnone wp-image-932 size-thumbnail\" src=\"http:\/\/www.nadaciakrestanskaobnova.sk\/wp-content\/uploads\/2017\/10\/IMG_6881-150x150.jpg\" alt=\"\" width=\"150\" height=\"150\" \/><\/a> <a href=\"http:\/\/www.nadaciakrestanskaobnova.sk\/wp-content\/uploads\/2017\/10\/IMG_6904.jpg\" target=\"_blank\" rel=\"noopener\"><img loading=\"lazy\" decoding=\"async\" class=\"alignnone wp-image-935 size-thumbnail\" src=\"http:\/\/www.nadaciakrestanskaobnova.sk\/wp-content\/uploads\/2017\/10\/IMG_6904-150x150.jpg\" alt=\"\" width=\"150\" height=\"150\" \/><\/a> <a href=\"http:\/\/www.nadaciakrestanskaobnova.sk\/wp-content\/uploads\/2017\/10\/IMG_6907.jpg\" target=\"_blank\" rel=\"noopener\"><img loading=\"lazy\" decoding=\"async\" class=\"alignnone wp-image-936 size-thumbnail\" src=\"http:\/\/www.nadaciakrestanskaobnova.sk\/wp-content\/uploads\/2017\/10\/IMG_6907-150x150.jpg\" alt=\"\" width=\"150\" height=\"150\" \/><\/a> <a href=\"http:\/\/www.nadaciakrestanskaobnova.sk\/wp-content\/uploads\/2017\/10\/IMG_6908.jpg\" target=\"_blank\" rel=\"noopener\"><img loading=\"lazy\" decoding=\"async\" class=\"alignnone wp-image-937 size-thumbnail\" src=\"http:\/\/www.nadaciakrestanskaobnova.sk\/wp-content\/uploads\/2017\/10\/IMG_6908-150x150.jpg\" alt=\"\" width=\"150\" height=\"150\" \/><\/a> <a href=\"http:\/\/www.nadaciakrestanskaobnova.sk\/wp-content\/uploads\/2017\/10\/IMG_6930.jpg\" target=\"_blank\" rel=\"noopener\"><img loading=\"lazy\" decoding=\"async\" class=\"alignnone wp-image-938 size-thumbnail\" src=\"http:\/\/www.nadaciakrestanskaobnova.sk\/wp-content\/uploads\/2017\/10\/IMG_6930-150x150.jpg\" alt=\"\" width=\"150\" height=\"150\" \/> <\/a><a href=\"http:\/\/www.nadaciakrestanskaobnova.sk\/wp-content\/uploads\/2017\/10\/IMG_6953.jpg\" target=\"_blank\" rel=\"noopener\"><img loading=\"lazy\" decoding=\"async\" class=\"alignnone wp-image-943 size-thumbnail\" src=\"http:\/\/www.nadaciakrestanskaobnova.sk\/wp-content\/uploads\/2017\/10\/IMG_6953-150x150.jpg\" alt=\"\" width=\"150\" height=\"150\" \/><\/a><a href=\"http:\/\/www.nadaciakrestanskaobnova.sk\/wp-content\/uploads\/2017\/10\/IMG_6947.jpg\" target=\"_blank\" rel=\"noopener\"><img loading=\"lazy\" decoding=\"async\" class=\"alignnone wp-image-944 size-thumbnail\" src=\"http:\/\/www.nadaciakrestanskaobnova.sk\/wp-content\/uploads\/2017\/10\/IMG_6947-150x150.jpg\" alt=\"\" width=\"150\" height=\"150\" \/><\/a><a href=\"http:\/\/www.nadaciakrestanskaobnova.sk\/wp-content\/uploads\/2017\/10\/IMG_6938.jpg\" target=\"_blank\" rel=\"noopener\"><img loading=\"lazy\" decoding=\"async\" class=\"alignnone wp-image-945 size-thumbnail\" src=\"http:\/\/www.nadaciakrestanskaobnova.sk\/wp-content\/uploads\/2017\/10\/IMG_6938-150x150.jpg\" alt=\"\" width=\"150\" height=\"150\" \/><\/a><a href=\"http:\/\/www.nadaciakrestanskaobnova.sk\/wp-content\/uploads\/2017\/10\/IMG_6935.jpg\" target=\"_blank\" rel=\"noopener\"><img loading=\"lazy\" decoding=\"async\" class=\"alignnone wp-image-946 size-thumbnail\" src=\"http:\/\/www.nadaciakrestanskaobnova.sk\/wp-content\/uploads\/2017\/10\/IMG_6935-150x150.jpg\" alt=\"\" width=\"150\" height=\"150\" \/><\/a><a href=\"http:\/\/www.nadaciakrestanskaobnova.sk\/wp-content\/uploads\/2017\/10\/IMG_6902-1.jpg\" target=\"_blank\" rel=\"noopener\"><img loading=\"lazy\" decoding=\"async\" class=\"alignnone wp-image-947 size-thumbnail\" src=\"http:\/\/www.nadaciakrestanskaobnova.sk\/wp-content\/uploads\/2017\/10\/IMG_6902-1-150x150.jpg\" alt=\"\" width=\"150\" height=\"150\" \/><\/a><\/p>\n<p><iframe loading=\"lazy\" title=\"N\u00e1v\u0161teva z Ma\u010farska\" width=\"640\" height=\"360\" src=\"https:\/\/www.youtube.com\/embed\/SlJfxoBZY40?feature=oembed\" frameborder=\"0\" allow=\"accelerometer; autoplay; clipboard-write; encrypted-media; gyroscope; picture-in-picture; web-share\" referrerpolicy=\"strict-origin-when-cross-origin\" allowfullscreen><\/iframe><\/p>\n<p>Foto\/video: Stela Frindtov\u00e1<\/p>\n","protected":false},"excerpt":{"rendered":"<p>Sobota 7.10.2017 N\u00e1v\u0161teva z Ma\u010farska Na pozvanie p\u00e1na \u0160tefana Ve\u013ek\u00e9ho,\u00a0 spr\u00e1vcu Nad\u00e1cie Kres\u0165ansk\u00e1 obnova\u00a0 a MUDr. Zuzany Kukol\u00edkovej d\u0148a 7.10.2017 nav\u0161t\u00edvili novostavbu Ev. a. v.\u00a0 kostola v \u017diari nad Hronom\u00a0 Slov\u00e1ci \u017eij\u00faci v Ma\u010farsku.\u00a0 S\u00fa to rod\u00e1ci z ve\u013ekej slovenskej &hellip; <a href=\"http:\/\/www.nadaciakrestanskaobnova.sk\/?page_id=906\">Pokra\u010dova\u0165 v \u010d\u00edtan\u00ed <span class=\"meta-nav\">&rarr;<\/span><\/a><\/p>\n","protected":false},"author":1,"featured_media":0,"parent":57,"menu_order":0,"comment_status":"closed","ping_status":"closed","template":"","meta":{"footnotes":""},"class_list":["post-906","page","type-page","status-publish","hentry"],"_links":{"self":[{"href":"http:\/\/www.nadaciakrestanskaobnova.sk\/index.php?rest_route=\/wp\/v2\/pages\/906","targetHints":{"allow":["GET"]}}],"collection":[{"href":"http:\/\/www.nadaciakrestanskaobnova.sk\/index.php?rest_route=\/wp\/v2\/pages"}],"about":[{"href":"http:\/\/www.nadaciakrestanskaobnova.sk\/index.php?rest_route=\/wp\/v2\/types\/page"}],"author":[{"embeddable":true,"href":"http:\/\/www.nadaciakrestanskaobnova.sk\/index.php?rest_route=\/wp\/v2\/users\/1"}],"replies":[{"embeddable":true,"href":"http:\/\/www.nadaciakrestanskaobnova.sk\/index.php?rest_route=%2Fwp%2Fv2%2Fcomments&post=906"}],"version-history":[{"count":5,"href":"http:\/\/www.nadaciakrestanskaobnova.sk\/index.php?rest_route=\/wp\/v2\/pages\/906\/revisions"}],"predecessor-version":[{"id":950,"href":"http:\/\/www.nadaciakrestanskaobnova.sk\/index.php?rest_route=\/wp\/v2\/pages\/906\/revisions\/950"}],"up":[{"embeddable":true,"href":"http:\/\/www.nadaciakrestanskaobnova.sk\/index.php?rest_route=\/wp\/v2\/pages\/57"}],"wp:attachment":[{"href":"http:\/\/www.nadaciakrestanskaobnova.sk\/index.php?rest_route=%2Fwp%2Fv2%2Fmedia&parent=906"}],"curies":[{"name":"wp","href":"https:\/\/api.w.org\/{rel}","templated":true}]}}