{"id":962,"date":"2017-10-22T15:22:11","date_gmt":"2017-10-22T13:22:11","guid":{"rendered":"http:\/\/www.nadaciakrestanskaobnova.sk\/?page_id=962"},"modified":"2017-10-22T15:47:28","modified_gmt":"2017-10-22T13:47:28","slug":"sluzby-bozie-22-oktober-2017-19-nedela-po-svatej-trojici","status":"publish","type":"page","link":"http:\/\/www.nadaciakrestanskaobnova.sk\/?page_id=962","title":{"rendered":"Slu\u017eby Bo\u017eie 22.okt\u00f3ber 2017-19. nede\u013ea po Sv\u00e4tej Trojici"},"content":{"rendered":"<p>Po\u010fakovanie za \u00farody Zeme &#8211; V\u010faka za Bo\u017eie dary<\/p>\n<p>K\u00e1ze\u0148 p\u00e1na far\u00e1ra Jozefa Paceka<\/p>\n<audio class=\"wp-audio-shortcode\" id=\"audio-962-1\" preload=\"none\" style=\"width: 100%;\" controls=\"controls\"><source type=\"audio\/mpeg\" src=\"http:\/\/www.nadaciakrestanskaobnova.sk\/wp-content\/uploads\/2017\/10\/Hlas-007_sd.mp3?_=1\" \/><source type=\"audio\/mpeg\" src=\"http:\/\/www.nadaciakrestanskaobnova.sk\/wp-content\/uploads\/2017\/10\/Hlas-007_sd.m4a?_=1\" \/><a href=\"http:\/\/www.nadaciakrestanskaobnova.sk\/wp-content\/uploads\/2017\/10\/Hlas-007_sd.mp3\">http:\/\/www.nadaciakrestanskaobnova.sk\/wp-content\/uploads\/2017\/10\/Hlas-007_sd.mp3<\/a><\/audio>\n<p>&nbsp;<\/p>\n<p><iframe loading=\"lazy\" title=\"Vdaka za Bozie dary_1\" width=\"640\" height=\"360\" src=\"https:\/\/www.youtube.com\/embed\/XEZ0v6WTmwY?feature=oembed\" frameborder=\"0\" allow=\"accelerometer; autoplay; clipboard-write; encrypted-media; gyroscope; picture-in-picture; web-share\" referrerpolicy=\"strict-origin-when-cross-origin\" allowfullscreen><\/iframe><\/p>\n<p><iframe loading=\"lazy\" title=\"Vdaka za Bozie dary_2\" width=\"640\" height=\"360\" src=\"https:\/\/www.youtube.com\/embed\/nexe3VyHJEc?feature=oembed\" frameborder=\"0\" allow=\"accelerometer; autoplay; clipboard-write; encrypted-media; gyroscope; picture-in-picture; web-share\" referrerpolicy=\"strict-origin-when-cross-origin\" allowfullscreen><\/iframe><\/p>\n","protected":false},"excerpt":{"rendered":"<p>Po\u010fakovanie za \u00farody Zeme &#8211; V\u010faka za Bo\u017eie dary K\u00e1ze\u0148 p\u00e1na far\u00e1ra Jozefa Paceka &nbsp;<\/p>\n","protected":false},"author":1,"featured_media":0,"parent":57,"menu_order":0,"comment_status":"closed","ping_status":"closed","template":"","meta":{"footnotes":""},"class_list":["post-962","page","type-page","status-publish","hentry"],"_links":{"self":[{"href":"http:\/\/www.nadaciakrestanskaobnova.sk\/index.php?rest_route=\/wp\/v2\/pages\/962","targetHints":{"allow":["GET"]}}],"collection":[{"href":"http:\/\/www.nadaciakrestanskaobnova.sk\/index.php?rest_route=\/wp\/v2\/pages"}],"about":[{"href":"http:\/\/www.nadaciakrestanskaobnova.sk\/index.php?rest_route=\/wp\/v2\/types\/page"}],"author":[{"embeddable":true,"href":"http:\/\/www.nadaciakrestanskaobnova.sk\/index.php?rest_route=\/wp\/v2\/users\/1"}],"replies":[{"embeddable":true,"href":"http:\/\/www.nadaciakrestanskaobnova.sk\/index.php?rest_route=%2Fwp%2Fv2%2Fcomments&post=962"}],"version-history":[{"count":4,"href":"http:\/\/www.nadaciakrestanskaobnova.sk\/index.php?rest_route=\/wp\/v2\/pages\/962\/revisions"}],"predecessor-version":[{"id":973,"href":"http:\/\/www.nadaciakrestanskaobnova.sk\/index.php?rest_route=\/wp\/v2\/pages\/962\/revisions\/973"}],"up":[{"embeddable":true,"href":"http:\/\/www.nadaciakrestanskaobnova.sk\/index.php?rest_route=\/wp\/v2\/pages\/57"}],"wp:attachment":[{"href":"http:\/\/www.nadaciakrestanskaobnova.sk\/index.php?rest_route=%2Fwp%2Fv2%2Fmedia&parent=962"}],"curies":[{"name":"wp","href":"https:\/\/api.w.org\/{rel}","templated":true}]}}