{"id":977,"date":"2017-10-30T00:08:21","date_gmt":"2017-10-29T22:08:21","guid":{"rendered":"http:\/\/www.nadaciakrestanskaobnova.sk\/?page_id=977"},"modified":"2017-10-30T00:17:45","modified_gmt":"2017-10-29T22:17:45","slug":"modlitby-taize","status":"publish","type":"page","link":"http:\/\/www.nadaciakrestanskaobnova.sk\/?page_id=977","title":{"rendered":"Modlitby Taiz\u00e9"},"content":{"rendered":"<p>Prv\u00e1 \u010das\u0165 sprievodn\u00e9ho programu k Posviacke Ev. a.v. chr\u00e1mu Bo\u017eieho v \u017diari nad Hronom d\u0148a 27.10.2017<\/p>\n<p><iframe loading=\"lazy\" title=\"Modlitby TAIZ\u00c9\" width=\"640\" height=\"360\" src=\"https:\/\/www.youtube.com\/embed\/zVJ-O_dwa7s?feature=oembed\" frameborder=\"0\" allow=\"accelerometer; autoplay; clipboard-write; encrypted-media; gyroscope; picture-in-picture; web-share\" referrerpolicy=\"strict-origin-when-cross-origin\" allowfullscreen><\/iframe><\/p>\n","protected":false},"excerpt":{"rendered":"<p>Prv\u00e1 \u010das\u0165 sprievodn\u00e9ho programu k Posviacke Ev. a.v. chr\u00e1mu Bo\u017eieho v \u017diari nad Hronom d\u0148a 27.10.2017<\/p>\n","protected":false},"author":1,"featured_media":0,"parent":57,"menu_order":0,"comment_status":"closed","ping_status":"closed","template":"","meta":{"footnotes":""},"class_list":["post-977","page","type-page","status-publish","hentry"],"_links":{"self":[{"href":"http:\/\/www.nadaciakrestanskaobnova.sk\/index.php?rest_route=\/wp\/v2\/pages\/977","targetHints":{"allow":["GET"]}}],"collection":[{"href":"http:\/\/www.nadaciakrestanskaobnova.sk\/index.php?rest_route=\/wp\/v2\/pages"}],"about":[{"href":"http:\/\/www.nadaciakrestanskaobnova.sk\/index.php?rest_route=\/wp\/v2\/types\/page"}],"author":[{"embeddable":true,"href":"http:\/\/www.nadaciakrestanskaobnova.sk\/index.php?rest_route=\/wp\/v2\/users\/1"}],"replies":[{"embeddable":true,"href":"http:\/\/www.nadaciakrestanskaobnova.sk\/index.php?rest_route=%2Fwp%2Fv2%2Fcomments&post=977"}],"version-history":[{"count":4,"href":"http:\/\/www.nadaciakrestanskaobnova.sk\/index.php?rest_route=\/wp\/v2\/pages\/977\/revisions"}],"predecessor-version":[{"id":985,"href":"http:\/\/www.nadaciakrestanskaobnova.sk\/index.php?rest_route=\/wp\/v2\/pages\/977\/revisions\/985"}],"up":[{"embeddable":true,"href":"http:\/\/www.nadaciakrestanskaobnova.sk\/index.php?rest_route=\/wp\/v2\/pages\/57"}],"wp:attachment":[{"href":"http:\/\/www.nadaciakrestanskaobnova.sk\/index.php?rest_route=%2Fwp%2Fv2%2Fmedia&parent=977"}],"curies":[{"name":"wp","href":"https:\/\/api.w.org\/{rel}","templated":true}]}}